
{"id":5407,"date":"2024-09-14T17:07:07","date_gmt":"2024-09-14T17:07:07","guid":{"rendered":"https:\/\/assedel.org\/?page_id=5407"},"modified":"2024-12-01T18:34:16","modified_gmt":"2024-12-01T18:34:16","slug":"join-us-become-a-member","status":"publish","type":"page","link":"https:\/\/assedel.org\/fr\/join-us-become-a-member\/","title":{"rendered":"Rejoignez-nous et devenez b\u00e9n\u00e9vole"},"content":{"rendered":"<p>Rejoignez ASSEDEL et faites partie d'une communaut\u00e9 passionn\u00e9e d\u00e9di\u00e9e \u00e0 la d\u00e9fense des droits de l'homme et des libert\u00e9s fondamentales, dans l'esprit de la Convention europ\u00e9enne des droits de l'homme. En devenant membre, vous contribuerez activement \u00e0 la cause et aurez un impact concret. Remplissez le formulaire d'adh\u00e9sion sur notre site web, signez-le, et envoyez-le par email pour vous impliquer dans cette mission cruciale. Rejoignez-nous d\u00e8s maintenant pour d\u00e9fendre la justice, l'\u00e9galit\u00e9 et les libert\u00e9s individuelles.<\/p>\n\n\n\n<div class=\"wp-block-uagb-marketing-button uagb-marketing-btn__align-center uagb-marketing-btn__align-text-center uagb-marketing-btn__icon-before uagb-block-3a180eec wp-block-button\"><a href=\"https:\/\/assedel.org\/wp-content\/uploads\/2023\/10\/BULLETIN-DADHESION-ASSEDEL-3-2.pdf\" class=\"uagb-marketing-btn__link wp-block-button__link\" target=\"_blank\" rel=\"noopener noreferrer\"><svg xmlns=\"https:\/\/www.w3.org\/2000\/svg\" viewbox=\"0 0 384 512\"><path d=\"M256 0v128h128L256 0zM224 128L224 0H48C21.49 0 0 21.49 0 48v416C0 490.5 21.49 512 48 512h288c26.51 0 48-21.49 48-48V160h-127.1C238.3 160 224 145.7 224 128zM272 416h-160C103.2 416 96 408.8 96 400C96 391.2 103.2 384 112 384h160c8.836 0 16 7.162 16 16C288 408.8 280.8 416 272 416zM272 352h-160C103.2 352 96 344.8 96 336C96 327.2 103.2 320 112 320h160c8.836 0 16 7.162 16 16C288 344.8 280.8 352 272 352zM288 272C288 280.8 280.8 288 272 288h-160C103.2 288 96 280.8 96 272C96 263.2 103.2 256 112 256h160C280.8 256 288 263.2 288 272z\"><\/path><\/svg><span class=\"uagb-marketing-btn__title\">Formulaire de candidature<\/span><p class=\"uagb-marketing-btn__prefix\">Cliquez ici pour t\u00e9l\u00e9charger le formulaire.<\/p><\/a><\/div>\n\n\n\n<p><\/p>\n\n\n\n<div class=\"wp-block-uagb-inline-notice uagb-inline_notice__align-left uagb-block-e280e4db\"><button class=\"uagb-notice-close-button\" type=\"button\" aria-label=\"Fermer\"><\/button><h4 class=\"uagb-notice-title\"><\/h4><div class=\"uagb-notice-text\">\n<p>Download the form, fill &amp; sign then send it to us: info@assedel.org<\/p>\n<\/div><\/div>","protected":false},"excerpt":{"rendered":"<p>Join ASSEDEL and be a part of a passionate community dedicated to defending human rights and fundamental freedoms in the spirit of&#8230;<\/p>","protected":false},"author":1,"featured_media":0,"parent":0,"menu_order":0,"comment_status":"closed","ping_status":"closed","template":"","meta":{"give_campaign_id":0,"_uag_custom_page_level_css":"","footnotes":""},"class_list":["post-5407","page","type-page","status-publish"],"campaignId":"","uagb_featured_image_src":{"full":false,"thumbnail":false,"medium":false,"medium_large":false,"large":false,"1536x1536":false,"2048x2048":false,"trp-custom-language-flag":false,"inhype-blog-thumb":false,"inhype-blog-thumb-grid":false,"inhype-blog-thumb-widget":false,"inhype-blog-thumb-masonry":false},"uagb_author_info":{"display_name":"assedel","author_link":"https:\/\/assedel.org\/fr\/author\/assedel\/"},"uagb_comment_info":0,"uagb_excerpt":"Join ASSEDEL and be a part of a passionate community dedicated to defending human rights and fundamental freedoms in the spirit of...","amp_enabled":true,"_links":{"self":[{"href":"https:\/\/assedel.org\/fr\/wp-json\/wp\/v2\/pages\/5407","targetHints":{"allow":["GET"]}}],"collection":[{"href":"https:\/\/assedel.org\/fr\/wp-json\/wp\/v2\/pages"}],"about":[{"href":"https:\/\/assedel.org\/fr\/wp-json\/wp\/v2\/types\/page"}],"author":[{"embeddable":true,"href":"https:\/\/assedel.org\/fr\/wp-json\/wp\/v2\/users\/1"}],"replies":[{"embeddable":true,"href":"https:\/\/assedel.org\/fr\/wp-json\/wp\/v2\/comments?post=5407"}],"version-history":[{"count":11,"href":"https:\/\/assedel.org\/fr\/wp-json\/wp\/v2\/pages\/5407\/revisions"}],"predecessor-version":[{"id":5650,"href":"https:\/\/assedel.org\/fr\/wp-json\/wp\/v2\/pages\/5407\/revisions\/5650"}],"wp:attachment":[{"href":"https:\/\/assedel.org\/fr\/wp-json\/wp\/v2\/media?parent=5407"}],"curies":[{"name":"wp","href":"https:\/\/api.w.org\/{rel}","templated":true}]}}