
{"id":5329,"date":"2024-09-11T09:41:53","date_gmt":"2024-09-11T09:41:53","guid":{"rendered":"https:\/\/assedel.org\/?page_id=5329"},"modified":"2024-09-11T09:41:53","modified_gmt":"2024-09-11T09:41:53","slug":"united-nations","status":"publish","type":"page","link":"https:\/\/assedel.org\/fr\/united-nations\/","title":{"rendered":"Nations Unis"},"content":{"rendered":"<div class=\"wp-block-uagb-post-grid uagb-post-grid  uagb-post__image-position-top uagb-post__image-enabled uagb-block-be5a306a     uagb-post__items uagb-post__columns-2 is-grid uagb-post__columns-tablet-2 uagb-post__columns-mobile-1 uagb-post__equal-height\" data-total=\"7\" style=\"\">\n\n\t\t\t\t\t\t\t\t\t\t\t\t<article class=\"uagb-post__inner-wrap\">\t\t\t\t\t\t\t\t<div class='uagb-post__image'>\n\t\t\t\t\t\t\t\t\t<a href=\"https:\/\/assedel.org\/fr\/at-the-edge-of-dignity-inside-the-netherlands-asylum-crisis\/\" target=\"_self\" rel=\"bookmark noopener noreferrer\" class='uagb-image-ratio-inherit'><img loading=\"lazy\" decoding=\"async\" width=\"1024\" height=\"576\" src=\"https:\/\/assedel.org\/wp-content\/uploads\/2025\/11\/WhatsApp-Image-2025-11-03-at-13.37.34-1024x576.jpeg\" class=\"attachment-large size-large\" alt=\"\" srcset=\"https:\/\/assedel.org\/wp-content\/uploads\/2025\/11\/WhatsApp-Image-2025-11-03-at-13.37.34-1024x576.jpeg 1024w, https:\/\/assedel.org\/wp-content\/uploads\/2025\/11\/WhatsApp-Image-2025-11-03-at-13.37.34-300x169.jpeg 300w, https:\/\/assedel.org\/wp-content\/uploads\/2025\/11\/WhatsApp-Image-2025-11-03-at-13.37.34-768x432.jpeg 768w, https:\/\/assedel.org\/wp-content\/uploads\/2025\/11\/WhatsApp-Image-2025-11-03-at-13.37.34-18x10.jpeg 18w, https:\/\/assedel.org\/wp-content\/uploads\/2025\/11\/WhatsApp-Image-2025-11-03-at-13.37.34-360x202.jpeg 360w, https:\/\/assedel.org\/wp-content\/uploads\/2025\/11\/WhatsApp-Image-2025-11-03-at-13.37.34.jpeg 1366w\" sizes=\"auto, (max-width: 1024px) 100vw, 1024px\" \/>\t\t\t\t\t<\/a>\n\t\t\t\t\t\t\t<\/div>\n\t\t\t\t\t\t<h4 class=\"uagb-post__title uagb-post__text\">\n\t\t\t\t<a href=\"https:\/\/assedel.org\/fr\/at-the-edge-of-dignity-inside-the-netherlands-asylum-crisis\/\" target=\"_self\" rel=\"bookmark noopener noreferrer\">Au bord de la dignit\u00e9 : au c\u0153ur de la crise de l'asile aux Pays-Bas<\/a>\n\t\t\t<\/h4>\n\t\t\t\t\t\t<div class='uagb-post__text uagb-post-grid-byline'>\n\t\t\t\t\t\t\t\t<time datetime=\"2025-11-03T11:29:51+00:00\" class=\"uagb-post__date\">\n\t\t\t\t<span class=\"dashicons-calendar dashicons\"><\/span>\t\t\t\t\tnovembre 3, 2025\t\t\t\t<\/time>\n\t\t\t\t\t\t<\/div>\n\t\t\t\t\t\t<div class=\"uagb-post__text uagb-post__cta wp-block-button\">\n\t\t\t\t<a class=\"wp-block-button__link uagb-text-link\" style=\"\" href=\"https:\/\/assedel.org\/fr\/at-the-edge-of-dignity-inside-the-netherlands-asylum-crisis\/\" target=\"_self\" rel=\"bookmark noopener noreferrer\">Lire la suite<\/a>\n\t\t\t<\/div>\n\t\t\t\n\t\t\t\t\t\t\t\t\t<\/article>\n\t\t\t\t\t\t\t\t\t\t\t\t\t\t\t\t<article class=\"uagb-post__inner-wrap\">\t\t\t\t\t\t\t\t<div class='uagb-post__image'>\n\t\t\t\t\t\t\t\t\t<a href=\"https:\/\/assedel.org\/fr\/refugee-rights-in-greece\/\" target=\"_self\" rel=\"bookmark noopener noreferrer\" class='uagb-image-ratio-inherit'><img loading=\"lazy\" decoding=\"async\" width=\"1024\" height=\"518\" src=\"https:\/\/assedel.org\/wp-content\/uploads\/2025\/10\/assedel-1024x518.png\" class=\"attachment-large size-large\" alt=\"\" srcset=\"https:\/\/assedel.org\/wp-content\/uploads\/2025\/10\/assedel-1024x518.png 1024w, https:\/\/assedel.org\/wp-content\/uploads\/2025\/10\/assedel-300x152.png 300w, https:\/\/assedel.org\/wp-content\/uploads\/2025\/10\/assedel-768x389.png 768w, https:\/\/assedel.org\/wp-content\/uploads\/2025\/10\/assedel-1536x778.png 1536w, https:\/\/assedel.org\/wp-content\/uploads\/2025\/10\/assedel-2048x1037.png 2048w, https:\/\/assedel.org\/wp-content\/uploads\/2025\/10\/assedel-18x9.png 18w, https:\/\/assedel.org\/wp-content\/uploads\/2025\/10\/assedel-360x182.png 360w\" sizes=\"auto, (max-width: 1024px) 100vw, 1024px\" \/>\t\t\t\t\t<\/a>\n\t\t\t\t\t\t\t<\/div>\n\t\t\t\t\t\t<h4 class=\"uagb-post__title uagb-post__text\">\n\t\t\t\t<a href=\"https:\/\/assedel.org\/fr\/refugee-rights-in-greece\/\" target=\"_self\" rel=\"bookmark noopener noreferrer\">LES DROITS DES R\u00c9FUGI\u00c9S EN GR\u00c8CE<\/a>\n\t\t\t<\/h4>\n\t\t\t\t\t\t<div class='uagb-post__text uagb-post-grid-byline'>\n\t\t\t\t\t\t\t\t<time datetime=\"2025-10-14T12:50:41+00:00\" class=\"uagb-post__date\">\n\t\t\t\t<span class=\"dashicons-calendar dashicons\"><\/span>\t\t\t\t\toctobre 14, 2025\t\t\t\t<\/time>\n\t\t\t\t\t\t<\/div>\n\t\t\t\t\t\t<div class=\"uagb-post__text uagb-post__cta wp-block-button\">\n\t\t\t\t<a class=\"wp-block-button__link uagb-text-link\" style=\"\" href=\"https:\/\/assedel.org\/fr\/refugee-rights-in-greece\/\" target=\"_self\" rel=\"bookmark noopener noreferrer\">Lire la suite<\/a>\n\t\t\t<\/div>\n\t\t\t\n\t\t\t\t\t\t\t\t\t<\/article>\n\t\t\t\t\t\t\t\t\t\t\t\t\t\t\t\t<article class=\"uagb-post__inner-wrap\">\t\t\t\t\t\t\t\t<div class='uagb-post__image'>\n\t\t\t\t\t\t\t\t\t<a href=\"https:\/\/assedel.org\/fr\/from-rule-of-law-to-risk-of-torture-sweden-before-the-un-committee-against-torture\/\" target=\"_self\" rel=\"bookmark noopener noreferrer\" class='uagb-image-ratio-inherit'><img loading=\"lazy\" decoding=\"async\" width=\"1024\" height=\"519\" src=\"https:\/\/assedel.org\/wp-content\/uploads\/2025\/06\/WEBPAGE-COVER-TO-USE-52-1024x519.png\" class=\"attachment-large size-large\" alt=\"\" srcset=\"https:\/\/assedel.org\/wp-content\/uploads\/2025\/06\/WEBPAGE-COVER-TO-USE-52-1024x519.png 1024w, https:\/\/assedel.org\/wp-content\/uploads\/2025\/06\/WEBPAGE-COVER-TO-USE-52-300x152.png 300w, https:\/\/assedel.org\/wp-content\/uploads\/2025\/06\/WEBPAGE-COVER-TO-USE-52-768x389.png 768w, https:\/\/assedel.org\/wp-content\/uploads\/2025\/06\/WEBPAGE-COVER-TO-USE-52-1536x778.png 1536w, https:\/\/assedel.org\/wp-content\/uploads\/2025\/06\/WEBPAGE-COVER-TO-USE-52-18x9.png 18w, https:\/\/assedel.org\/wp-content\/uploads\/2025\/06\/WEBPAGE-COVER-TO-USE-52-360x182.png 360w, https:\/\/assedel.org\/wp-content\/uploads\/2025\/06\/WEBPAGE-COVER-TO-USE-52.png 2000w\" sizes=\"auto, (max-width: 1024px) 100vw, 1024px\" \/>\t\t\t\t\t<\/a>\n\t\t\t\t\t\t\t<\/div>\n\t\t\t\t\t\t<h4 class=\"uagb-post__title uagb-post__text\">\n\t\t\t\t<a href=\"https:\/\/assedel.org\/fr\/from-rule-of-law-to-risk-of-torture-sweden-before-the-un-committee-against-torture\/\" target=\"_self\" rel=\"bookmark noopener noreferrer\">De l'\u00c9tat de droit au risque de torture ? La Su\u00e8de devant le Comit\u00e9 des Nations Unies contre la torture.<\/a>\n\t\t\t<\/h4>\n\t\t\t\t\t\t<div class='uagb-post__text uagb-post-grid-byline'>\n\t\t\t\t\t\t\t\t<time datetime=\"2025-06-30T12:46:46+00:00\" class=\"uagb-post__date\">\n\t\t\t\t<span class=\"dashicons-calendar dashicons\"><\/span>\t\t\t\t\tjuin 30, 2025\t\t\t\t<\/time>\n\t\t\t\t\t\t<\/div>\n\t\t\t\t\t\t<div class=\"uagb-post__text uagb-post__cta wp-block-button\">\n\t\t\t\t<a class=\"wp-block-button__link uagb-text-link\" style=\"\" href=\"https:\/\/assedel.org\/fr\/from-rule-of-law-to-risk-of-torture-sweden-before-the-un-committee-against-torture\/\" target=\"_self\" rel=\"bookmark noopener noreferrer\">Lire la suite<\/a>\n\t\t\t<\/div>\n\t\t\t\n\t\t\t\t\t\t\t\t\t<\/article>\n\t\t\t\t\t\t\t\t\t\t\t\t\t\t\t\t<article class=\"uagb-post__inner-wrap\">\t\t\t\t\t\t\t\t<div class='uagb-post__image'>\n\t\t\t\t\t\t\t\t\t<a href=\"https:\/\/assedel.org\/fr\/assedels-submission-for-the-un-universal-periodic-review-of-belgium\/\" target=\"_self\" rel=\"bookmark noopener noreferrer\" class='uagb-image-ratio-inherit'><img loading=\"lazy\" decoding=\"async\" width=\"1024\" height=\"519\" src=\"https:\/\/assedel.org\/wp-content\/uploads\/2025\/06\/WEBPAGE-COVER-TO-USE-51-1024x519.png\" class=\"attachment-large size-large\" alt=\"\" srcset=\"https:\/\/assedel.org\/wp-content\/uploads\/2025\/06\/WEBPAGE-COVER-TO-USE-51-1024x519.png 1024w, https:\/\/assedel.org\/wp-content\/uploads\/2025\/06\/WEBPAGE-COVER-TO-USE-51-300x152.png 300w, https:\/\/assedel.org\/wp-content\/uploads\/2025\/06\/WEBPAGE-COVER-TO-USE-51-768x389.png 768w, https:\/\/assedel.org\/wp-content\/uploads\/2025\/06\/WEBPAGE-COVER-TO-USE-51-1536x778.png 1536w, https:\/\/assedel.org\/wp-content\/uploads\/2025\/06\/WEBPAGE-COVER-TO-USE-51-18x9.png 18w, https:\/\/assedel.org\/wp-content\/uploads\/2025\/06\/WEBPAGE-COVER-TO-USE-51-360x182.png 360w, https:\/\/assedel.org\/wp-content\/uploads\/2025\/06\/WEBPAGE-COVER-TO-USE-51.png 2000w\" sizes=\"auto, (max-width: 1024px) 100vw, 1024px\" \/>\t\t\t\t\t<\/a>\n\t\t\t\t\t\t\t<\/div>\n\t\t\t\t\t\t<h4 class=\"uagb-post__title uagb-post__text\">\n\t\t\t\t<a href=\"https:\/\/assedel.org\/fr\/assedels-submission-for-the-un-universal-periodic-review-of-belgium\/\" target=\"_self\" rel=\"bookmark noopener noreferrer\">Soumission de l'ASSEDEL pour l'Examen p\u00e9riodique universel des Nations Unies de la Belgique<\/a>\n\t\t\t<\/h4>\n\t\t\t\t\t\t<div class='uagb-post__text uagb-post-grid-byline'>\n\t\t\t\t\t\t\t\t<time datetime=\"2025-06-27T09:27:44+00:00\" class=\"uagb-post__date\">\n\t\t\t\t<span class=\"dashicons-calendar dashicons\"><\/span>\t\t\t\t\tjuin 27, 2025\t\t\t\t<\/time>\n\t\t\t\t\t\t<\/div>\n\t\t\t\t\t\t<div class=\"uagb-post__text uagb-post__cta wp-block-button\">\n\t\t\t\t<a class=\"wp-block-button__link uagb-text-link\" style=\"\" href=\"https:\/\/assedel.org\/fr\/assedels-submission-for-the-un-universal-periodic-review-of-belgium\/\" target=\"_self\" rel=\"bookmark noopener noreferrer\">Lire la suite<\/a>\n\t\t\t<\/div>\n\t\t\t\n\t\t\t\t\t\t\t\t\t<\/article>\n\t\t\t\t\t\t\t\t\t\t\t\t\t\t\t\t<article class=\"uagb-post__inner-wrap\">\t\t\t\t\t\t\t\t<div class='uagb-post__image'>\n\t\t\t\t\t\t\t\t\t<a href=\"https:\/\/assedel.org\/fr\/shaping-the-parliamentary-assemblys-relations-with-the-united-nations-human-rights-council\/\" target=\"_self\" rel=\"bookmark noopener noreferrer\" class='uagb-image-ratio-inherit'><img loading=\"lazy\" decoding=\"async\" width=\"1024\" height=\"519\" src=\"https:\/\/assedel.org\/wp-content\/uploads\/2025\/06\/WEBPAGE-COVER-TO-USE-45-1024x519.png\" class=\"attachment-large size-large\" alt=\"\" srcset=\"https:\/\/assedel.org\/wp-content\/uploads\/2025\/06\/WEBPAGE-COVER-TO-USE-45-1024x519.png 1024w, https:\/\/assedel.org\/wp-content\/uploads\/2025\/06\/WEBPAGE-COVER-TO-USE-45-300x152.png 300w, https:\/\/assedel.org\/wp-content\/uploads\/2025\/06\/WEBPAGE-COVER-TO-USE-45-768x389.png 768w, https:\/\/assedel.org\/wp-content\/uploads\/2025\/06\/WEBPAGE-COVER-TO-USE-45-1536x778.png 1536w, https:\/\/assedel.org\/wp-content\/uploads\/2025\/06\/WEBPAGE-COVER-TO-USE-45-18x9.png 18w, https:\/\/assedel.org\/wp-content\/uploads\/2025\/06\/WEBPAGE-COVER-TO-USE-45-360x182.png 360w, https:\/\/assedel.org\/wp-content\/uploads\/2025\/06\/WEBPAGE-COVER-TO-USE-45.png 2000w\" sizes=\"auto, (max-width: 1024px) 100vw, 1024px\" \/>\t\t\t\t\t<\/a>\n\t\t\t\t\t\t\t<\/div>\n\t\t\t\t\t\t<h4 class=\"uagb-post__title uagb-post__text\">\n\t\t\t\t<a href=\"https:\/\/assedel.org\/fr\/shaping-the-parliamentary-assemblys-relations-with-the-united-nations-human-rights-council\/\" target=\"_self\" rel=\"bookmark noopener noreferrer\">Fa\u00e7onner les relations de l\u2019Assembl\u00e9e parlementaire avec le Conseil des droits de l\u2019homme des Nations Unies<\/a>\n\t\t\t<\/h4>\n\t\t\t\t\t\t<div class='uagb-post__text uagb-post-grid-byline'>\n\t\t\t\t\t\t\t\t<time datetime=\"2025-06-19T13:47:26+00:00\" class=\"uagb-post__date\">\n\t\t\t\t<span class=\"dashicons-calendar dashicons\"><\/span>\t\t\t\t\tjuin 19, 2025\t\t\t\t<\/time>\n\t\t\t\t\t\t<\/div>\n\t\t\t\t\t\t<div class=\"uagb-post__text uagb-post__cta wp-block-button\">\n\t\t\t\t<a class=\"wp-block-button__link uagb-text-link\" style=\"\" href=\"https:\/\/assedel.org\/fr\/shaping-the-parliamentary-assemblys-relations-with-the-united-nations-human-rights-council\/\" target=\"_self\" rel=\"bookmark noopener noreferrer\">Lire la suite<\/a>\n\t\t\t<\/div>\n\t\t\t\n\t\t\t\t\t\t\t\t\t<\/article>\n\t\t\t\t\t\t\t\t\t\t\t\t\t\t\t\t<article class=\"uagb-post__inner-wrap\">\t\t\t\t\t\t\t\t<div class='uagb-post__image'>\n\t\t\t\t\t\t\t\t\t<a href=\"https:\/\/assedel.org\/fr\/energy-poverty-in-togo-a-path-to-sustainable-development\/\" target=\"_self\" rel=\"bookmark noopener noreferrer\" class='uagb-image-ratio-inherit'><img loading=\"lazy\" decoding=\"async\" width=\"1024\" height=\"576\" src=\"https:\/\/assedel.org\/wp-content\/uploads\/2024\/10\/LinkedIn-Visuals-1200-x-675-px-1200-x-675-px-2-1024x576.png\" class=\"attachment-large size-large\" alt=\"\" srcset=\"https:\/\/assedel.org\/wp-content\/uploads\/2024\/10\/LinkedIn-Visuals-1200-x-675-px-1200-x-675-px-2-1024x576.png 1024w, https:\/\/assedel.org\/wp-content\/uploads\/2024\/10\/LinkedIn-Visuals-1200-x-675-px-1200-x-675-px-2-300x169.png 300w, https:\/\/assedel.org\/wp-content\/uploads\/2024\/10\/LinkedIn-Visuals-1200-x-675-px-1200-x-675-px-2-768x432.png 768w, https:\/\/assedel.org\/wp-content\/uploads\/2024\/10\/LinkedIn-Visuals-1200-x-675-px-1200-x-675-px-2-18x10.png 18w, https:\/\/assedel.org\/wp-content\/uploads\/2024\/10\/LinkedIn-Visuals-1200-x-675-px-1200-x-675-px-2-360x203.png 360w, https:\/\/assedel.org\/wp-content\/uploads\/2024\/10\/LinkedIn-Visuals-1200-x-675-px-1200-x-675-px-2.png 1200w\" sizes=\"auto, (max-width: 1024px) 100vw, 1024px\" \/>\t\t\t\t\t<\/a>\n\t\t\t\t\t\t\t<\/div>\n\t\t\t\t\t\t<h4 class=\"uagb-post__title uagb-post__text\">\n\t\t\t\t<a href=\"https:\/\/assedel.org\/fr\/energy-poverty-in-togo-a-path-to-sustainable-development\/\" target=\"_self\" rel=\"bookmark noopener noreferrer\">La pauvret\u00e9 \u00e9nerg\u00e9tique au Togo : un chemin vers le d\u00e9veloppement durable<\/a>\n\t\t\t<\/h4>\n\t\t\t\t\t\t<div class='uagb-post__text uagb-post-grid-byline'>\n\t\t\t\t\t\t\t\t<time datetime=\"2024-10-07T14:02:16+00:00\" class=\"uagb-post__date\">\n\t\t\t\t<span class=\"dashicons-calendar dashicons\"><\/span>\t\t\t\t\toctobre 7, 2024\t\t\t\t<\/time>\n\t\t\t\t\t\t<\/div>\n\t\t\t\t\t\t<div class=\"uagb-post__text uagb-post__cta wp-block-button\">\n\t\t\t\t<a class=\"wp-block-button__link uagb-text-link\" style=\"\" href=\"https:\/\/assedel.org\/fr\/energy-poverty-in-togo-a-path-to-sustainable-development\/\" target=\"_self\" rel=\"bookmark noopener noreferrer\">Lire la suite<\/a>\n\t\t\t<\/div>\n\t\t\t\n\t\t\t\t\t\t\t\t\t<\/article>\n\t\t\t\t\t\t\t\t\t\t\t\t\t<div class=\"uagb-post-pagination-wrap\">\n\t\t\t\t\t\t<span aria-current=\"page\" class=\"page-numbers current\">1<\/span>\n<a class=\"page-numbers\" href=\"https:\/\/assedel.org\/fr\/wp-json\/wp\/v2\/pages\/5329\/page\/2\/\">2<\/a>\n<a class=\"page-numbers\" href=\"https:\/\/assedel.org\/fr\/wp-json\/wp\/v2\/pages\/5329\/page\/3\/\">3<\/a>\n<a class=\"page-numbers\" href=\"https:\/\/assedel.org\/fr\/wp-json\/wp\/v2\/pages\/5329\/page\/4\/\">4<\/a>\n<a class=\"page-numbers\" href=\"https:\/\/assedel.org\/fr\/wp-json\/wp\/v2\/pages\/5329\/page\/5\/\">5<\/a>\n<a class=\"page-numbers\" href=\"https:\/\/assedel.org\/fr\/wp-json\/wp\/v2\/pages\/5329\/page\/6\/\">6<\/a>\n<a class=\"page-numbers\" href=\"https:\/\/assedel.org\/fr\/wp-json\/wp\/v2\/pages\/5329\/page\/7\/\">7<\/a>\n<a class=\"next page-numbers\" href=\"https:\/\/assedel.org\/fr\/wp-json\/wp\/v2\/pages\/5329\/page\/2\/\">Next \u00bb<\/a>\t\t\t\t\t<\/div>\n\t\t\t\t\t\t\t\t<\/div>","protected":false},"excerpt":{"rendered":"","protected":false},"author":1,"featured_media":0,"parent":0,"menu_order":0,"comment_status":"closed","ping_status":"closed","template":"","meta":{"give_campaign_id":0,"_uag_custom_page_level_css":"","footnotes":""},"class_list":["post-5329","page","type-page","status-publish"],"campaignId":"","uagb_featured_image_src":{"full":false,"thumbnail":false,"medium":false,"medium_large":false,"large":false,"1536x1536":false,"2048x2048":false,"trp-custom-language-flag":false,"inhype-blog-thumb":false,"inhype-blog-thumb-grid":false,"inhype-blog-thumb-widget":false,"inhype-blog-thumb-masonry":false},"uagb_author_info":{"display_name":"assedel","author_link":"https:\/\/assedel.org\/fr\/author\/assedel\/"},"uagb_comment_info":0,"uagb_excerpt":null,"amp_enabled":true,"_links":{"self":[{"href":"https:\/\/assedel.org\/fr\/wp-json\/wp\/v2\/pages\/5329","targetHints":{"allow":["GET"]}}],"collection":[{"href":"https:\/\/assedel.org\/fr\/wp-json\/wp\/v2\/pages"}],"about":[{"href":"https:\/\/assedel.org\/fr\/wp-json\/wp\/v2\/types\/page"}],"author":[{"embeddable":true,"href":"https:\/\/assedel.org\/fr\/wp-json\/wp\/v2\/users\/1"}],"replies":[{"embeddable":true,"href":"https:\/\/assedel.org\/fr\/wp-json\/wp\/v2\/comments?post=5329"}],"version-history":[{"count":1,"href":"https:\/\/assedel.org\/fr\/wp-json\/wp\/v2\/pages\/5329\/revisions"}],"predecessor-version":[{"id":5330,"href":"https:\/\/assedel.org\/fr\/wp-json\/wp\/v2\/pages\/5329\/revisions\/5330"}],"wp:attachment":[{"href":"https:\/\/assedel.org\/fr\/wp-json\/wp\/v2\/media?parent=5329"}],"curies":[{"name":"wp","href":"https:\/\/api.w.org\/{rel}","templated":true}]}}