
{"id":5325,"date":"2024-09-11T09:41:09","date_gmt":"2024-09-11T09:41:09","guid":{"rendered":"https:\/\/assedel.org\/?page_id=5325"},"modified":"2024-09-11T09:44:36","modified_gmt":"2024-09-11T09:44:36","slug":"european-parliament","status":"publish","type":"page","link":"https:\/\/assedel.org\/fr\/european-parliament\/","title":{"rendered":"Parlement Europ\u00e9en"},"content":{"rendered":"<div class=\"wp-block-uagb-post-grid uagb-post-grid  uagb-post__image-position-top uagb-post__image-enabled uagb-block-be5a306a     uagb-post__items uagb-post__columns-2 is-grid uagb-post__columns-tablet-2 uagb-post__columns-mobile-1 uagb-equal_height_inline-read-more-buttons\" data-total=\"2\" style=\"\">\n\n\t\t\t\t\t\t\t\t\t\t\t\t<article class=\"uagb-post__inner-wrap\">\t\t\t\t\t\t\t\t<div class='uagb-post__image'>\n\t\t\t\t\t\t\t\t\t<a href=\"https:\/\/assedel.org\/fr\/assedel-contribution-to-the-european-parliaments-2026-turkiye-report\/\" target=\"_self\" rel=\"bookmark noopener noreferrer\" class='uagb-image-ratio-2-3'><img loading=\"lazy\" decoding=\"async\" width=\"1024\" height=\"576\" src=\"https:\/\/assedel.org\/wp-content\/uploads\/2026\/01\/Horizontal-Cover-Pages-YouTube-Website-8-3-1024x576.png\" class=\"attachment-large size-large\" alt=\"\" srcset=\"https:\/\/assedel.org\/wp-content\/uploads\/2026\/01\/Horizontal-Cover-Pages-YouTube-Website-8-3-1024x576.png 1024w, https:\/\/assedel.org\/wp-content\/uploads\/2026\/01\/Horizontal-Cover-Pages-YouTube-Website-8-3-300x169.png 300w, https:\/\/assedel.org\/wp-content\/uploads\/2026\/01\/Horizontal-Cover-Pages-YouTube-Website-8-3-768x432.png 768w, https:\/\/assedel.org\/wp-content\/uploads\/2026\/01\/Horizontal-Cover-Pages-YouTube-Website-8-3-1536x864.png 1536w, https:\/\/assedel.org\/wp-content\/uploads\/2026\/01\/Horizontal-Cover-Pages-YouTube-Website-8-3-2048x1152.png 2048w, https:\/\/assedel.org\/wp-content\/uploads\/2026\/01\/Horizontal-Cover-Pages-YouTube-Website-8-3-18x10.png 18w, https:\/\/assedel.org\/wp-content\/uploads\/2026\/01\/Horizontal-Cover-Pages-YouTube-Website-8-3-360x203.png 360w\" sizes=\"auto, (max-width: 1024px) 100vw, 1024px\" \/>\t\t\t\t\t<\/a>\n\t\t\t\t\t\t\t<\/div>\n\t\t\t\t\t\t<h4 class=\"uagb-post__title uagb-post__text\">\n\t\t\t\t<a href=\"https:\/\/assedel.org\/fr\/assedel-contribution-to-the-european-parliaments-2026-turkiye-report\/\" target=\"_self\" rel=\"bookmark noopener noreferrer\">Contribution d\u2019ASSEDEL au rapport 2026 du Parlement europ\u00e9en sur la Turquie<\/a>\n\t\t\t<\/h4>\n\t\t\t\t\t\t<div class='uagb-post__text uagb-post-grid-byline'>\n\t\t\t\t\t\t\t\t<time datetime=\"2026-01-29T09:42:38+00:00\" class=\"uagb-post__date\">\n\t\t\t\t<span class=\"dashicons-calendar dashicons\"><\/span>\t\t\t\t\tjanvier 29, 2026\t\t\t\t<\/time>\n\t\t\t\t\t\t<\/div>\n\t\t\t\t\t\t<div class=\"uagb-post__text uagb-post__cta wp-block-button\">\n\t\t\t\t<a class=\"wp-block-button__link uagb-text-link\" style=\"\" href=\"https:\/\/assedel.org\/fr\/assedel-contribution-to-the-european-parliaments-2026-turkiye-report\/\" target=\"_self\" rel=\"bookmark noopener noreferrer\">Lire la suite<\/a>\n\t\t\t<\/div>\n\t\t\t\n\t\t\t\t\t\t\t\t\t<\/article>\n\t\t\t\t\t\t\t\t\t\t\t\t\t\t\t\t<article class=\"uagb-post__inner-wrap\">\t\t\t\t\t\t\t\t<div class='uagb-post__image'>\n\t\t\t\t\t\t\t\t\t<a href=\"https:\/\/assedel.org\/fr\/evaluation-of-the-eu-anti-racism-action-plan-2020-2025\/\" target=\"_self\" rel=\"bookmark noopener noreferrer\" class='uagb-image-ratio-2-3'><img loading=\"lazy\" decoding=\"async\" width=\"1024\" height=\"519\" src=\"https:\/\/assedel.org\/wp-content\/uploads\/2025\/07\/WEBPAGE-COVER-TO-USE-56-1024x519.png\" class=\"attachment-large size-large\" alt=\"\" srcset=\"https:\/\/assedel.org\/wp-content\/uploads\/2025\/07\/WEBPAGE-COVER-TO-USE-56-1024x519.png 1024w, https:\/\/assedel.org\/wp-content\/uploads\/2025\/07\/WEBPAGE-COVER-TO-USE-56-300x152.png 300w, https:\/\/assedel.org\/wp-content\/uploads\/2025\/07\/WEBPAGE-COVER-TO-USE-56-768x389.png 768w, https:\/\/assedel.org\/wp-content\/uploads\/2025\/07\/WEBPAGE-COVER-TO-USE-56-1536x778.png 1536w, https:\/\/assedel.org\/wp-content\/uploads\/2025\/07\/WEBPAGE-COVER-TO-USE-56-18x9.png 18w, https:\/\/assedel.org\/wp-content\/uploads\/2025\/07\/WEBPAGE-COVER-TO-USE-56-360x182.png 360w, https:\/\/assedel.org\/wp-content\/uploads\/2025\/07\/WEBPAGE-COVER-TO-USE-56.png 2000w\" sizes=\"auto, (max-width: 1024px) 100vw, 1024px\" \/>\t\t\t\t\t<\/a>\n\t\t\t\t\t\t\t<\/div>\n\t\t\t\t\t\t<h4 class=\"uagb-post__title uagb-post__text\">\n\t\t\t\t<a href=\"https:\/\/assedel.org\/fr\/evaluation-of-the-eu-anti-racism-action-plan-2020-2025\/\" target=\"_self\" rel=\"bookmark noopener noreferrer\">Une \u00e9valuation du plan d'action de l'UE contre le racisme 2020-2025<\/a>\n\t\t\t<\/h4>\n\t\t\t\t\t\t<div class='uagb-post__text uagb-post-grid-byline'>\n\t\t\t\t\t\t\t\t<time datetime=\"2025-07-09T08:55:24+00:00\" class=\"uagb-post__date\">\n\t\t\t\t<span class=\"dashicons-calendar dashicons\"><\/span>\t\t\t\t\tjuillet 9, 2025\t\t\t\t<\/time>\n\t\t\t\t\t\t<\/div>\n\t\t\t\t\t\t<div class=\"uagb-post__text uagb-post__cta wp-block-button\">\n\t\t\t\t<a class=\"wp-block-button__link uagb-text-link\" style=\"\" href=\"https:\/\/assedel.org\/fr\/evaluation-of-the-eu-anti-racism-action-plan-2020-2025\/\" target=\"_self\" rel=\"bookmark noopener noreferrer\">Lire la suite<\/a>\n\t\t\t<\/div>\n\t\t\t\n\t\t\t\t\t\t\t\t\t<\/article>\n\t\t\t\t\t\t\t\t\t\t\t\t\t\t\t\t<article class=\"uagb-post__inner-wrap\">\t\t\t\t\t\t\t\t<div class='uagb-post__image'>\n\t\t\t\t\t\t\t\t\t<a href=\"https:\/\/assedel.org\/fr\/contribution-to-the-directive-on-combating-the-sexual-abuse-of-children\/\" target=\"_self\" rel=\"bookmark noopener noreferrer\" class='uagb-image-ratio-2-3'><img loading=\"lazy\" decoding=\"async\" width=\"1024\" height=\"576\" src=\"https:\/\/assedel.org\/wp-content\/uploads\/2024\/11\/1-1024x576.png\" class=\"attachment-large size-large\" alt=\"\" srcset=\"https:\/\/assedel.org\/wp-content\/uploads\/2024\/11\/1-1024x576.png 1024w, https:\/\/assedel.org\/wp-content\/uploads\/2024\/11\/1-300x169.png 300w, https:\/\/assedel.org\/wp-content\/uploads\/2024\/11\/1-768x432.png 768w, https:\/\/assedel.org\/wp-content\/uploads\/2024\/11\/1-18x10.png 18w, https:\/\/assedel.org\/wp-content\/uploads\/2024\/11\/1-360x202.png 360w, https:\/\/assedel.org\/wp-content\/uploads\/2024\/11\/1.png 1366w\" sizes=\"auto, (max-width: 1024px) 100vw, 1024px\" \/>\t\t\t\t\t<\/a>\n\t\t\t\t\t\t\t<\/div>\n\t\t\t\t\t\t<h4 class=\"uagb-post__title uagb-post__text\">\n\t\t\t\t<a href=\"https:\/\/assedel.org\/fr\/contribution-to-the-directive-on-combating-the-sexual-abuse-of-children\/\" target=\"_self\" rel=\"bookmark noopener noreferrer\">Contribution to the Directive on Combating the Sexual Abuse of Children<\/a>\n\t\t\t<\/h4>\n\t\t\t\t\t\t<div class='uagb-post__text uagb-post-grid-byline'>\n\t\t\t\t\t\t\t\t<time datetime=\"2024-11-18T10:20:14+00:00\" class=\"uagb-post__date\">\n\t\t\t\t<span class=\"dashicons-calendar dashicons\"><\/span>\t\t\t\t\tnovembre 18, 2024\t\t\t\t<\/time>\n\t\t\t\t\t\t<\/div>\n\t\t\t\t\t\t<div class=\"uagb-post__text uagb-post__cta wp-block-button\">\n\t\t\t\t<a class=\"wp-block-button__link uagb-text-link\" style=\"\" href=\"https:\/\/assedel.org\/fr\/contribution-to-the-directive-on-combating-the-sexual-abuse-of-children\/\" target=\"_self\" rel=\"bookmark noopener noreferrer\">Lire la suite<\/a>\n\t\t\t<\/div>\n\t\t\t\n\t\t\t\t\t\t\t\t\t<\/article>\n\t\t\t\t\t\t\t\t\t\t\t\t\t\t\t\t<article class=\"uagb-post__inner-wrap\">\t\t\t\t\t\t\t\t<div class='uagb-post__image'>\n\t\t\t\t\t\t\t\t\t<a href=\"https:\/\/assedel.org\/fr\/report-on-the-crisis-on-secondary-teacher-recruitment-and-the-precariousness-of-the-profession-due-to-the-increased-use-of-contractual-employment\/\" target=\"_self\" rel=\"bookmark noopener noreferrer\" class='uagb-image-ratio-2-3'><img loading=\"lazy\" decoding=\"async\" width=\"1024\" height=\"576\" src=\"https:\/\/assedel.org\/wp-content\/uploads\/2024\/10\/1-1024x576.png\" class=\"attachment-large size-large\" alt=\"\" srcset=\"https:\/\/assedel.org\/wp-content\/uploads\/2024\/10\/1-1024x576.png 1024w, https:\/\/assedel.org\/wp-content\/uploads\/2024\/10\/1-300x169.png 300w, https:\/\/assedel.org\/wp-content\/uploads\/2024\/10\/1-768x432.png 768w, https:\/\/assedel.org\/wp-content\/uploads\/2024\/10\/1-18x10.png 18w, https:\/\/assedel.org\/wp-content\/uploads\/2024\/10\/1-360x202.png 360w, https:\/\/assedel.org\/wp-content\/uploads\/2024\/10\/1.png 1366w\" sizes=\"auto, (max-width: 1024px) 100vw, 1024px\" \/>\t\t\t\t\t<\/a>\n\t\t\t\t\t\t\t<\/div>\n\t\t\t\t\t\t<h4 class=\"uagb-post__title uagb-post__text\">\n\t\t\t\t<a href=\"https:\/\/assedel.org\/fr\/report-on-the-crisis-on-secondary-teacher-recruitment-and-the-precariousness-of-the-profession-due-to-the-increased-use-of-contractual-employment\/\" target=\"_self\" rel=\"bookmark noopener noreferrer\">Rapport concernant la crise du recrutement des enseignants du secondaire et la pr\u00e9carisation du m\u00e9tier par la g\u00e9n\u00e9ralisation de la contractualisation<\/a>\n\t\t\t<\/h4>\n\t\t\t\t\t\t<div class='uagb-post__text uagb-post-grid-byline'>\n\t\t\t\t\t\t\t\t<time datetime=\"2024-10-03T13:18:01+00:00\" class=\"uagb-post__date\">\n\t\t\t\t<span class=\"dashicons-calendar dashicons\"><\/span>\t\t\t\t\toctobre 3, 2024\t\t\t\t<\/time>\n\t\t\t\t\t\t<\/div>\n\t\t\t\t\t\t<div class=\"uagb-post__text uagb-post__cta wp-block-button\">\n\t\t\t\t<a class=\"wp-block-button__link uagb-text-link\" style=\"\" href=\"https:\/\/assedel.org\/fr\/report-on-the-crisis-on-secondary-teacher-recruitment-and-the-precariousness-of-the-profession-due-to-the-increased-use-of-contractual-employment\/\" target=\"_self\" rel=\"bookmark noopener noreferrer\">Lire la suite<\/a>\n\t\t\t<\/div>\n\t\t\t\n\t\t\t\t\t\t\t\t\t<\/article>\n\t\t\t\t\t\t\t\t\t\t\t\t\t\t\t\t<article class=\"uagb-post__inner-wrap\">\t\t\t\t\t\t\t\t<div class='uagb-post__image'>\n\t\t\t\t\t\t\t\t\t<a href=\"https:\/\/assedel.org\/fr\/amendement-proposals-on-the-draft-commission-report-of-the-european-parliament\/\" target=\"_self\" rel=\"bookmark noopener noreferrer\" class='uagb-image-ratio-2-3'><img loading=\"lazy\" decoding=\"async\" width=\"1024\" height=\"576\" src=\"https:\/\/assedel.org\/wp-content\/uploads\/2023\/06\/Freedom-of-Speech1-1024x576.png\" class=\"attachment-large size-large\" alt=\"\" srcset=\"https:\/\/assedel.org\/wp-content\/uploads\/2023\/06\/Freedom-of-Speech1-1024x576.png 1024w, https:\/\/assedel.org\/wp-content\/uploads\/2023\/06\/Freedom-of-Speech1-300x169.png 300w, https:\/\/assedel.org\/wp-content\/uploads\/2023\/06\/Freedom-of-Speech1-768x432.png 768w, https:\/\/assedel.org\/wp-content\/uploads\/2023\/06\/Freedom-of-Speech1-360x203.png 360w, https:\/\/assedel.org\/wp-content\/uploads\/2023\/06\/Freedom-of-Speech1.png 1200w\" sizes=\"auto, (max-width: 1024px) 100vw, 1024px\" \/>\t\t\t\t\t<\/a>\n\t\t\t\t\t\t\t<\/div>\n\t\t\t\t\t\t<h4 class=\"uagb-post__title uagb-post__text\">\n\t\t\t\t<a href=\"https:\/\/assedel.org\/fr\/amendement-proposals-on-the-draft-commission-report-of-the-european-parliament\/\" target=\"_self\" rel=\"bookmark noopener noreferrer\">Proposition d\u2019amendements pour le rapport de la Commission sur la Turquie<\/a>\n\t\t\t<\/h4>\n\t\t\t\t\t\t<div class='uagb-post__text uagb-post-grid-byline'>\n\t\t\t\t\t\t\t\t<time datetime=\"2023-06-18T12:31:04+00:00\" class=\"uagb-post__date\">\n\t\t\t\t<span class=\"dashicons-calendar dashicons\"><\/span>\t\t\t\t\tjuin 18, 2023\t\t\t\t<\/time>\n\t\t\t\t\t\t<\/div>\n\t\t\t\t\t\t<div class=\"uagb-post__text uagb-post__cta wp-block-button\">\n\t\t\t\t<a class=\"wp-block-button__link uagb-text-link\" style=\"\" href=\"https:\/\/assedel.org\/fr\/amendement-proposals-on-the-draft-commission-report-of-the-european-parliament\/\" target=\"_self\" rel=\"bookmark noopener noreferrer\">Lire la suite<\/a>\n\t\t\t<\/div>\n\t\t\t\n\t\t\t\t\t\t\t\t\t<\/article>\n\t\t\t\t\t\t\t\t\t\t\t\t\t\t\t\t<article class=\"uagb-post__inner-wrap\">\t\t\t\t\t\t\t\t<div class='uagb-post__image'>\n\t\t\t\t\t\t\t\t\t<a href=\"https:\/\/assedel.org\/fr\/amendment-proposals-on-the-protection-of-journalists-around-the-world-and-the-european-unions-policy-on-the-matter-to-the-european-parliament\/\" target=\"_self\" rel=\"bookmark noopener noreferrer\" class='uagb-image-ratio-2-3'><img loading=\"lazy\" decoding=\"async\" width=\"1024\" height=\"576\" src=\"https:\/\/assedel.org\/wp-content\/uploads\/2023\/03\/Untitled-design20-1024x576.png\" class=\"attachment-large size-large\" alt=\"\" srcset=\"https:\/\/assedel.org\/wp-content\/uploads\/2023\/03\/Untitled-design20-1024x576.png 1024w, https:\/\/assedel.org\/wp-content\/uploads\/2023\/03\/Untitled-design20-300x169.png 300w, https:\/\/assedel.org\/wp-content\/uploads\/2023\/03\/Untitled-design20-768x432.png 768w, https:\/\/assedel.org\/wp-content\/uploads\/2023\/03\/Untitled-design20-360x203.png 360w, https:\/\/assedel.org\/wp-content\/uploads\/2023\/03\/Untitled-design20.png 1200w\" sizes=\"auto, (max-width: 1024px) 100vw, 1024px\" \/>\t\t\t\t\t<\/a>\n\t\t\t\t\t\t\t<\/div>\n\t\t\t\t\t\t<h4 class=\"uagb-post__title uagb-post__text\">\n\t\t\t\t<a href=\"https:\/\/assedel.org\/fr\/amendment-proposals-on-the-protection-of-journalists-around-the-world-and-the-european-unions-policy-on-the-matter-to-the-european-parliament\/\" target=\"_self\" rel=\"bookmark noopener noreferrer\">Proposition d\u2019amendements sur la protection des journalistes dans le monde et sur la politique de l\u2019Union europ\u00e9enne en la mati\u00e8re au Parlement europ\u00e9en<\/a>\n\t\t\t<\/h4>\n\t\t\t\t\t\t<div class='uagb-post__text uagb-post-grid-byline'>\n\t\t\t\t\t\t\t\t<time datetime=\"2023-03-27T18:58:25+00:00\" class=\"uagb-post__date\">\n\t\t\t\t<span class=\"dashicons-calendar dashicons\"><\/span>\t\t\t\t\tmars 27, 2023\t\t\t\t<\/time>\n\t\t\t\t\t\t<\/div>\n\t\t\t\t\t\t<div class=\"uagb-post__text uagb-post__cta wp-block-button\">\n\t\t\t\t<a class=\"wp-block-button__link uagb-text-link\" style=\"\" href=\"https:\/\/assedel.org\/fr\/amendment-proposals-on-the-protection-of-journalists-around-the-world-and-the-european-unions-policy-on-the-matter-to-the-european-parliament\/\" target=\"_self\" rel=\"bookmark noopener noreferrer\">Lire la suite<\/a>\n\t\t\t<\/div>\n\t\t\t\n\t\t\t\t\t\t\t\t\t<\/article>\n\t\t\t\t\t\t\t\t\t\t\t\t\t<div class=\"uagb-post-pagination-wrap\">\n\t\t\t\t\t\t<span aria-current=\"page\" class=\"page-numbers current\">1<\/span>\n<a class=\"page-numbers\" href=\"https:\/\/assedel.org\/fr\/wp-json\/wp\/v2\/pages\/5325\/page\/2\/\">2<\/a>\n<a class=\"next page-numbers\" href=\"https:\/\/assedel.org\/fr\/wp-json\/wp\/v2\/pages\/5325\/page\/2\/\">Next \u00bb<\/a>\t\t\t\t\t<\/div>\n\t\t\t\t\t\t\t\t<\/div>","protected":false},"excerpt":{"rendered":"","protected":false},"author":1,"featured_media":0,"parent":0,"menu_order":0,"comment_status":"closed","ping_status":"closed","template":"","meta":{"give_campaign_id":0,"_uag_custom_page_level_css":"","footnotes":""},"class_list":["post-5325","page","type-page","status-publish"],"campaignId":"","uagb_featured_image_src":{"full":false,"thumbnail":false,"medium":false,"medium_large":false,"large":false,"1536x1536":false,"2048x2048":false,"trp-custom-language-flag":false,"inhype-blog-thumb":false,"inhype-blog-thumb-grid":false,"inhype-blog-thumb-widget":false,"inhype-blog-thumb-masonry":false},"uagb_author_info":{"display_name":"assedel","author_link":"https:\/\/assedel.org\/fr\/author\/assedel\/"},"uagb_comment_info":0,"uagb_excerpt":null,"amp_enabled":true,"_links":{"self":[{"href":"https:\/\/assedel.org\/fr\/wp-json\/wp\/v2\/pages\/5325","targetHints":{"allow":["GET"]}}],"collection":[{"href":"https:\/\/assedel.org\/fr\/wp-json\/wp\/v2\/pages"}],"about":[{"href":"https:\/\/assedel.org\/fr\/wp-json\/wp\/v2\/types\/page"}],"author":[{"embeddable":true,"href":"https:\/\/assedel.org\/fr\/wp-json\/wp\/v2\/users\/1"}],"replies":[{"embeddable":true,"href":"https:\/\/assedel.org\/fr\/wp-json\/wp\/v2\/comments?post=5325"}],"version-history":[{"count":2,"href":"https:\/\/assedel.org\/fr\/wp-json\/wp\/v2\/pages\/5325\/revisions"}],"predecessor-version":[{"id":5336,"href":"https:\/\/assedel.org\/fr\/wp-json\/wp\/v2\/pages\/5325\/revisions\/5336"}],"wp:attachment":[{"href":"https:\/\/assedel.org\/fr\/wp-json\/wp\/v2\/media?parent=5325"}],"curies":[{"name":"wp","href":"https:\/\/api.w.org\/{rel}","templated":true}]}}