
{"id":5320,"date":"2024-09-11T09:39:09","date_gmt":"2024-09-11T09:39:09","guid":{"rendered":"https:\/\/assedel.org\/?page_id=5320"},"modified":"2024-09-11T09:39:51","modified_gmt":"2024-09-11T09:39:51","slug":"council-of-europe","status":"publish","type":"page","link":"https:\/\/assedel.org\/fr\/council-of-europe\/","title":{"rendered":"Conseil de l'Europe"},"content":{"rendered":"<div class=\"wp-block-uagb-post-grid uagb-post-grid  uagb-post__image-position-top uagb-post__image-enabled uagb-block-582f931d     uagb-post__items uagb-post__columns-2 is-grid uagb-post__columns-tablet-2 uagb-post__columns-mobile-1 uagb-post__equal-height\" data-total=\"7\" style=\"\">\n\n\t\t\t\t\t\t\t\t\t\t\t\t<article class=\"uagb-post__inner-wrap\">\t\t\t\t\t\t\t\t<div class='uagb-post__image'>\n\t\t\t\t\t\t\t\t\t<a href=\"https:\/\/assedel.org\/fr\/united-kingdoms-compliance-with-the-istanbul-convention-regarding-the-protection-of-transgender-womens-rights\/\" target=\"_self\" rel=\"bookmark noopener noreferrer\" class='uagb-image-ratio-inherit'><img loading=\"lazy\" decoding=\"async\" width=\"1024\" height=\"576\" src=\"https:\/\/assedel.org\/wp-content\/uploads\/2026\/04\/Horizontal-Cover-Pages-YouTube-Website-41-1024x576.png\" class=\"attachment-large size-large\" alt=\"\" srcset=\"https:\/\/assedel.org\/wp-content\/uploads\/2026\/04\/Horizontal-Cover-Pages-YouTube-Website-41-1024x576.png 1024w, https:\/\/assedel.org\/wp-content\/uploads\/2026\/04\/Horizontal-Cover-Pages-YouTube-Website-41-300x169.png 300w, https:\/\/assedel.org\/wp-content\/uploads\/2026\/04\/Horizontal-Cover-Pages-YouTube-Website-41-768x432.png 768w, https:\/\/assedel.org\/wp-content\/uploads\/2026\/04\/Horizontal-Cover-Pages-YouTube-Website-41-18x10.png 18w, https:\/\/assedel.org\/wp-content\/uploads\/2026\/04\/Horizontal-Cover-Pages-YouTube-Website-41-360x203.png 360w, https:\/\/assedel.org\/wp-content\/uploads\/2026\/04\/Horizontal-Cover-Pages-YouTube-Website-41.png 1280w\" sizes=\"auto, (max-width: 1024px) 100vw, 1024px\" \/>\t\t\t\t\t<\/a>\n\t\t\t\t\t\t\t<\/div>\n\t\t\t\t\t\t<h4 class=\"uagb-post__title uagb-post__text\">\n\t\t\t\t<a href=\"https:\/\/assedel.org\/fr\/united-kingdoms-compliance-with-the-istanbul-convention-regarding-the-protection-of-transgender-womens-rights\/\" target=\"_self\" rel=\"bookmark noopener noreferrer\">Le respect par le Royaume-Uni de la Convention d'Istanbul relative \u00e0 la protection des droits des femmes transgenres<\/a>\n\t\t\t<\/h4>\n\t\t\t\t\t\t<div class='uagb-post__text uagb-post-grid-byline'>\n\t\t\t\t\t\t\t\t<time datetime=\"2026-04-01T14:38:46+00:00\" class=\"uagb-post__date\">\n\t\t\t\t<span class=\"dashicons-calendar dashicons\"><\/span>\t\t\t\t\tavril 1, 2026\t\t\t\t<\/time>\n\t\t\t\t\t\t\t<span class=\"uagb-post__comment\">\n\t\t\t\t<span class=\"dashicons-admin-comments dashicons\"><\/span>\t\t\t\t\tAucun commentaire\t\t\t\t<\/span>\n\t\t\t\t\t\t<\/div>\n\t\t\t\t\t\t<div class=\"uagb-post__text uagb-post__cta wp-block-button\">\n\t\t\t\t<a class=\"wp-block-button__link uagb-text-link\" style=\"\" href=\"https:\/\/assedel.org\/fr\/united-kingdoms-compliance-with-the-istanbul-convention-regarding-the-protection-of-transgender-womens-rights\/\" target=\"_self\" rel=\"bookmark noopener noreferrer\">Lire la suite<\/a>\n\t\t\t<\/div>\n\t\t\t\n\t\t\t\t\t\t\t\t\t<\/article>\n\t\t\t\t\t\t\t\t\t\t\t\t\t\t\t\t<article class=\"uagb-post__inner-wrap\">\t\t\t\t\t\t\t\t<div class='uagb-post__image'>\n\t\t\t\t\t\t\t\t\t<a href=\"https:\/\/assedel.org\/fr\/regulation-to-prevent-and-combat-child-sexual-abuse-csar\/\" target=\"_self\" rel=\"bookmark noopener noreferrer\" class='uagb-image-ratio-inherit'><img loading=\"lazy\" decoding=\"async\" width=\"1024\" height=\"576\" src=\"https:\/\/assedel.org\/wp-content\/uploads\/2026\/01\/Horizontal-Cover-Pages-YouTube-Website-5-2-1024x576.png\" class=\"attachment-large size-large\" alt=\"\" srcset=\"https:\/\/assedel.org\/wp-content\/uploads\/2026\/01\/Horizontal-Cover-Pages-YouTube-Website-5-2-1024x576.png 1024w, https:\/\/assedel.org\/wp-content\/uploads\/2026\/01\/Horizontal-Cover-Pages-YouTube-Website-5-2-300x169.png 300w, https:\/\/assedel.org\/wp-content\/uploads\/2026\/01\/Horizontal-Cover-Pages-YouTube-Website-5-2-768x432.png 768w, https:\/\/assedel.org\/wp-content\/uploads\/2026\/01\/Horizontal-Cover-Pages-YouTube-Website-5-2-18x10.png 18w, https:\/\/assedel.org\/wp-content\/uploads\/2026\/01\/Horizontal-Cover-Pages-YouTube-Website-5-2-360x203.png 360w, https:\/\/assedel.org\/wp-content\/uploads\/2026\/01\/Horizontal-Cover-Pages-YouTube-Website-5-2.png 1280w\" sizes=\"auto, (max-width: 1024px) 100vw, 1024px\" \/>\t\t\t\t\t<\/a>\n\t\t\t\t\t\t\t<\/div>\n\t\t\t\t\t\t<h4 class=\"uagb-post__title uagb-post__text\">\n\t\t\t\t<a href=\"https:\/\/assedel.org\/fr\/regulation-to-prevent-and-combat-child-sexual-abuse-csar\/\" target=\"_self\" rel=\"bookmark noopener noreferrer\">\u00c9quilibrer protection et vie priv\u00e9e dans l\u2019UE<\/a>\n\t\t\t<\/h4>\n\t\t\t\t\t\t<div class='uagb-post__text uagb-post-grid-byline'>\n\t\t\t\t\t\t\t\t<time datetime=\"2026-01-19T10:25:29+00:00\" class=\"uagb-post__date\">\n\t\t\t\t<span class=\"dashicons-calendar dashicons\"><\/span>\t\t\t\t\tjanvier 19, 2026\t\t\t\t<\/time>\n\t\t\t\t\t\t\t<span class=\"uagb-post__comment\">\n\t\t\t\t<span class=\"dashicons-admin-comments dashicons\"><\/span>\t\t\t\t\tAucun commentaire\t\t\t\t<\/span>\n\t\t\t\t\t\t<\/div>\n\t\t\t\t\t\t<div class=\"uagb-post__text uagb-post__cta wp-block-button\">\n\t\t\t\t<a class=\"wp-block-button__link uagb-text-link\" style=\"\" href=\"https:\/\/assedel.org\/fr\/regulation-to-prevent-and-combat-child-sexual-abuse-csar\/\" target=\"_self\" rel=\"bookmark noopener noreferrer\">Lire la suite<\/a>\n\t\t\t<\/div>\n\t\t\t\n\t\t\t\t\t\t\t\t\t<\/article>\n\t\t\t\t\t\t\t\t\t\t\t\t\t\t\t\t<article class=\"uagb-post__inner-wrap\">\t\t\t\t\t\t\t\t<div class='uagb-post__image'>\n\t\t\t\t\t\t\t\t\t<a href=\"https:\/\/assedel.org\/fr\/implementation-of-the-partner-for-democracy-status-by-the-parliament-of-the-kyrgyz-republic\/\" target=\"_self\" rel=\"bookmark noopener noreferrer\" class='uagb-image-ratio-inherit'><img loading=\"lazy\" decoding=\"async\" width=\"1024\" height=\"576\" src=\"https:\/\/assedel.org\/wp-content\/uploads\/2026\/01\/Horizontal-Cover-Pages-YouTube-Website-9-1024x576.png\" class=\"attachment-large size-large\" alt=\"\" srcset=\"https:\/\/assedel.org\/wp-content\/uploads\/2026\/01\/Horizontal-Cover-Pages-YouTube-Website-9-1024x576.png 1024w, https:\/\/assedel.org\/wp-content\/uploads\/2026\/01\/Horizontal-Cover-Pages-YouTube-Website-9-300x169.png 300w, https:\/\/assedel.org\/wp-content\/uploads\/2026\/01\/Horizontal-Cover-Pages-YouTube-Website-9-768x432.png 768w, https:\/\/assedel.org\/wp-content\/uploads\/2026\/01\/Horizontal-Cover-Pages-YouTube-Website-9-18x10.png 18w, https:\/\/assedel.org\/wp-content\/uploads\/2026\/01\/Horizontal-Cover-Pages-YouTube-Website-9-360x203.png 360w, https:\/\/assedel.org\/wp-content\/uploads\/2026\/01\/Horizontal-Cover-Pages-YouTube-Website-9.png 1280w\" sizes=\"auto, (max-width: 1024px) 100vw, 1024px\" \/>\t\t\t\t\t<\/a>\n\t\t\t\t\t\t\t<\/div>\n\t\t\t\t\t\t<h4 class=\"uagb-post__title uagb-post__text\">\n\t\t\t\t<a href=\"https:\/\/assedel.org\/fr\/implementation-of-the-partner-for-democracy-status-by-the-parliament-of-the-kyrgyz-republic\/\" target=\"_self\" rel=\"bookmark noopener noreferrer\">Mise en \u0153uvre du statut de partenaire pour la d\u00e9mocratie par le Parlement de la R\u00e9publique kirghize.<\/a>\n\t\t\t<\/h4>\n\t\t\t\t\t\t<div class='uagb-post__text uagb-post-grid-byline'>\n\t\t\t\t\t\t\t\t<time datetime=\"2026-01-12T08:51:29+00:00\" class=\"uagb-post__date\">\n\t\t\t\t<span class=\"dashicons-calendar dashicons\"><\/span>\t\t\t\t\tjanvier 12, 2026\t\t\t\t<\/time>\n\t\t\t\t\t\t\t<span class=\"uagb-post__comment\">\n\t\t\t\t<span class=\"dashicons-admin-comments dashicons\"><\/span>\t\t\t\t\tAucun commentaire\t\t\t\t<\/span>\n\t\t\t\t\t\t<\/div>\n\t\t\t\t\t\t<div class=\"uagb-post__text uagb-post__cta wp-block-button\">\n\t\t\t\t<a class=\"wp-block-button__link uagb-text-link\" style=\"\" href=\"https:\/\/assedel.org\/fr\/implementation-of-the-partner-for-democracy-status-by-the-parliament-of-the-kyrgyz-republic\/\" target=\"_self\" rel=\"bookmark noopener noreferrer\">Lire la suite<\/a>\n\t\t\t<\/div>\n\t\t\t\n\t\t\t\t\t\t\t\t\t<\/article>\n\t\t\t\t\t\t\t\t\t\t\t\t\t\t\t\t<article class=\"uagb-post__inner-wrap\">\t\t\t\t\t\t\t\t<div class='uagb-post__image'>\n\t\t\t\t\t\t\t\t\t<a href=\"https:\/\/assedel.org\/fr\/the-walesa-v-poland-judgment-in-the-context-of-the-ongoing-judicial-crisis-in-poland\/\" target=\"_self\" rel=\"bookmark noopener noreferrer\" class='uagb-image-ratio-inherit'><img loading=\"lazy\" decoding=\"async\" width=\"1024\" height=\"576\" src=\"https:\/\/assedel.org\/wp-content\/uploads\/2025\/12\/Covers-Articles-Website--1024x576.png\" class=\"attachment-large size-large\" alt=\"\" srcset=\"https:\/\/assedel.org\/wp-content\/uploads\/2025\/12\/Covers-Articles-Website--1024x576.png 1024w, https:\/\/assedel.org\/wp-content\/uploads\/2025\/12\/Covers-Articles-Website--300x169.png 300w, https:\/\/assedel.org\/wp-content\/uploads\/2025\/12\/Covers-Articles-Website--768x432.png 768w, https:\/\/assedel.org\/wp-content\/uploads\/2025\/12\/Covers-Articles-Website--18x10.png 18w, https:\/\/assedel.org\/wp-content\/uploads\/2025\/12\/Covers-Articles-Website--360x202.png 360w, https:\/\/assedel.org\/wp-content\/uploads\/2025\/12\/Covers-Articles-Website-.png 1366w\" sizes=\"auto, (max-width: 1024px) 100vw, 1024px\" \/>\t\t\t\t\t<\/a>\n\t\t\t\t\t\t\t<\/div>\n\t\t\t\t\t\t<h4 class=\"uagb-post__title uagb-post__text\">\n\t\t\t\t<a href=\"https:\/\/assedel.org\/fr\/the-walesa-v-poland-judgment-in-the-context-of-the-ongoing-judicial-crisis-in-poland\/\" target=\"_self\" rel=\"bookmark noopener noreferrer\">L'arr\u00eat Wa\u0142\u0119sa c. Pologne dans le contexte de la crise judiciaire actuelle en Pologne<\/a>\n\t\t\t<\/h4>\n\t\t\t\t\t\t<div class='uagb-post__text uagb-post-grid-byline'>\n\t\t\t\t\t\t\t\t<time datetime=\"2025-12-12T10:53:52+00:00\" class=\"uagb-post__date\">\n\t\t\t\t<span class=\"dashicons-calendar dashicons\"><\/span>\t\t\t\t\td\u00e9cembre 12, 2025\t\t\t\t<\/time>\n\t\t\t\t\t\t\t<span class=\"uagb-post__comment\">\n\t\t\t\t<span class=\"dashicons-admin-comments dashicons\"><\/span>\t\t\t\t\tAucun commentaire\t\t\t\t<\/span>\n\t\t\t\t\t\t<\/div>\n\t\t\t\t\t\t<div class=\"uagb-post__text uagb-post__cta wp-block-button\">\n\t\t\t\t<a class=\"wp-block-button__link uagb-text-link\" style=\"\" href=\"https:\/\/assedel.org\/fr\/the-walesa-v-poland-judgment-in-the-context-of-the-ongoing-judicial-crisis-in-poland\/\" target=\"_self\" rel=\"bookmark noopener noreferrer\">Lire la suite<\/a>\n\t\t\t<\/div>\n\t\t\t\n\t\t\t\t\t\t\t\t\t<\/article>\n\t\t\t\t\t\t\t\t\t\t\t\t\t\t\t\t<article class=\"uagb-post__inner-wrap\">\t\t\t\t\t\t\t\t<div class='uagb-post__image'>\n\t\t\t\t\t\t\t\t\t<a href=\"https:\/\/assedel.org\/fr\/artificial-intelligence-and-the-law-the-need-to-strengthen-the-existing-regulatory-framework-for-live-facial-recognition-by-law-enforcement-in-the-united-kingdom\/\" target=\"_self\" rel=\"bookmark noopener noreferrer\" class='uagb-image-ratio-inherit'><img loading=\"lazy\" decoding=\"async\" width=\"1024\" height=\"519\" src=\"https:\/\/assedel.org\/wp-content\/uploads\/2025\/07\/assedel-1024x519.png\" class=\"attachment-large size-large\" alt=\"\" srcset=\"https:\/\/assedel.org\/wp-content\/uploads\/2025\/07\/assedel-1024x519.png 1024w, https:\/\/assedel.org\/wp-content\/uploads\/2025\/07\/assedel-300x152.png 300w, https:\/\/assedel.org\/wp-content\/uploads\/2025\/07\/assedel-768x389.png 768w, https:\/\/assedel.org\/wp-content\/uploads\/2025\/07\/assedel-1536x778.png 1536w, https:\/\/assedel.org\/wp-content\/uploads\/2025\/07\/assedel-2048x1037.png 2048w, https:\/\/assedel.org\/wp-content\/uploads\/2025\/07\/assedel-18x9.png 18w, https:\/\/assedel.org\/wp-content\/uploads\/2025\/07\/assedel-360x182.png 360w\" sizes=\"auto, (max-width: 1024px) 100vw, 1024px\" \/>\t\t\t\t\t<\/a>\n\t\t\t\t\t\t\t<\/div>\n\t\t\t\t\t\t<h4 class=\"uagb-post__title uagb-post__text\">\n\t\t\t\t<a href=\"https:\/\/assedel.org\/fr\/artificial-intelligence-and-the-law-the-need-to-strengthen-the-existing-regulatory-framework-for-live-facial-recognition-by-law-enforcement-in-the-united-kingdom\/\" target=\"_self\" rel=\"bookmark noopener noreferrer\">L'intelligence artificielle et le droit\u00a0: la n\u00e9cessit\u00e9 de renforcer le cadre r\u00e9glementaire existant pour la reconnaissance faciale en direct par les forces de l'ordre au Royaume-Uni<\/a>\n\t\t\t<\/h4>\n\t\t\t\t\t\t<div class='uagb-post__text uagb-post-grid-byline'>\n\t\t\t\t\t\t\t\t<time datetime=\"2025-07-29T11:14:04+00:00\" class=\"uagb-post__date\">\n\t\t\t\t<span class=\"dashicons-calendar dashicons\"><\/span>\t\t\t\t\tjuillet 29, 2025\t\t\t\t<\/time>\n\t\t\t\t\t\t\t<span class=\"uagb-post__comment\">\n\t\t\t\t<span class=\"dashicons-admin-comments dashicons\"><\/span>\t\t\t\t\tAucun commentaire\t\t\t\t<\/span>\n\t\t\t\t\t\t<\/div>\n\t\t\t\t\t\t<div class=\"uagb-post__text uagb-post__cta wp-block-button\">\n\t\t\t\t<a class=\"wp-block-button__link uagb-text-link\" style=\"\" href=\"https:\/\/assedel.org\/fr\/artificial-intelligence-and-the-law-the-need-to-strengthen-the-existing-regulatory-framework-for-live-facial-recognition-by-law-enforcement-in-the-united-kingdom\/\" target=\"_self\" rel=\"bookmark noopener noreferrer\">Lire la suite<\/a>\n\t\t\t<\/div>\n\t\t\t\n\t\t\t\t\t\t\t\t\t<\/article>\n\t\t\t\t\t\t\t\t\t\t\t\t\t\t\t\t<article class=\"uagb-post__inner-wrap\">\t\t\t\t\t\t\t\t<div class='uagb-post__image'>\n\t\t\t\t\t\t\t\t\t<a href=\"https:\/\/assedel.org\/fr\/human-rights-at-risk-an-analysis-of-the-italian-security-bill-decreto-sicurezza-and-its-impact-on-fundamental-freedoms\/\" target=\"_self\" rel=\"bookmark noopener noreferrer\" class='uagb-image-ratio-inherit'><img loading=\"lazy\" decoding=\"async\" width=\"1024\" height=\"519\" src=\"https:\/\/assedel.org\/wp-content\/uploads\/2025\/07\/WEBPAGE-COVER-TO-USE-59-1024x519.png\" class=\"attachment-large size-large\" alt=\"\" srcset=\"https:\/\/assedel.org\/wp-content\/uploads\/2025\/07\/WEBPAGE-COVER-TO-USE-59-1024x519.png 1024w, https:\/\/assedel.org\/wp-content\/uploads\/2025\/07\/WEBPAGE-COVER-TO-USE-59-300x152.png 300w, https:\/\/assedel.org\/wp-content\/uploads\/2025\/07\/WEBPAGE-COVER-TO-USE-59-768x389.png 768w, https:\/\/assedel.org\/wp-content\/uploads\/2025\/07\/WEBPAGE-COVER-TO-USE-59-1536x778.png 1536w, https:\/\/assedel.org\/wp-content\/uploads\/2025\/07\/WEBPAGE-COVER-TO-USE-59-18x9.png 18w, https:\/\/assedel.org\/wp-content\/uploads\/2025\/07\/WEBPAGE-COVER-TO-USE-59-360x182.png 360w, https:\/\/assedel.org\/wp-content\/uploads\/2025\/07\/WEBPAGE-COVER-TO-USE-59.png 2000w\" sizes=\"auto, (max-width: 1024px) 100vw, 1024px\" \/>\t\t\t\t\t<\/a>\n\t\t\t\t\t\t\t<\/div>\n\t\t\t\t\t\t<h4 class=\"uagb-post__title uagb-post__text\">\n\t\t\t\t<a href=\"https:\/\/assedel.org\/fr\/human-rights-at-risk-an-analysis-of-the-italian-security-bill-decreto-sicurezza-and-its-impact-on-fundamental-freedoms\/\" target=\"_self\" rel=\"bookmark noopener noreferrer\">Les droits de l'homme en danger : une analyse du projet de loi italien sur la s\u00e9curit\u00e9 (Decreto Sicurezza) et de son impact sur les libert\u00e9s fondamentales<\/a>\n\t\t\t<\/h4>\n\t\t\t\t\t\t<div class='uagb-post__text uagb-post-grid-byline'>\n\t\t\t\t\t\t\t\t<time datetime=\"2025-07-17T09:14:31+00:00\" class=\"uagb-post__date\">\n\t\t\t\t<span class=\"dashicons-calendar dashicons\"><\/span>\t\t\t\t\tjuillet 17, 2025\t\t\t\t<\/time>\n\t\t\t\t\t\t\t<span class=\"uagb-post__comment\">\n\t\t\t\t<span class=\"dashicons-admin-comments dashicons\"><\/span>\t\t\t\t\tAucun commentaire\t\t\t\t<\/span>\n\t\t\t\t\t\t<\/div>\n\t\t\t\t\t\t<div class=\"uagb-post__text uagb-post__cta wp-block-button\">\n\t\t\t\t<a class=\"wp-block-button__link uagb-text-link\" style=\"\" href=\"https:\/\/assedel.org\/fr\/human-rights-at-risk-an-analysis-of-the-italian-security-bill-decreto-sicurezza-and-its-impact-on-fundamental-freedoms\/\" target=\"_self\" rel=\"bookmark noopener noreferrer\">Lire la suite<\/a>\n\t\t\t<\/div>\n\t\t\t\n\t\t\t\t\t\t\t\t\t<\/article>\n\t\t\t\t\t\t\t\t\t\t\t\t\t<div class=\"uagb-post-pagination-wrap\">\n\t\t\t\t\t\t<span aria-current=\"page\" class=\"page-numbers current\">1<\/span>\n<a class=\"page-numbers\" href=\"https:\/\/assedel.org\/fr\/wp-json\/wp\/v2\/pages\/5320\/page\/2\/\">2<\/a>\n<a class=\"page-numbers\" href=\"https:\/\/assedel.org\/fr\/wp-json\/wp\/v2\/pages\/5320\/page\/3\/\">3<\/a>\n<a class=\"page-numbers\" href=\"https:\/\/assedel.org\/fr\/wp-json\/wp\/v2\/pages\/5320\/page\/4\/\">4<\/a>\n<a class=\"page-numbers\" href=\"https:\/\/assedel.org\/fr\/wp-json\/wp\/v2\/pages\/5320\/page\/5\/\">5<\/a>\n<a class=\"page-numbers\" href=\"https:\/\/assedel.org\/fr\/wp-json\/wp\/v2\/pages\/5320\/page\/6\/\">6<\/a>\n<a class=\"page-numbers\" href=\"https:\/\/assedel.org\/fr\/wp-json\/wp\/v2\/pages\/5320\/page\/7\/\">7<\/a>\n<a class=\"next page-numbers\" href=\"https:\/\/assedel.org\/fr\/wp-json\/wp\/v2\/pages\/5320\/page\/2\/\">Next \u00bb<\/a>\t\t\t\t\t<\/div>\n\t\t\t\t\t\t\t\t<\/div>","protected":false},"excerpt":{"rendered":"","protected":false},"author":1,"featured_media":0,"parent":0,"menu_order":0,"comment_status":"closed","ping_status":"closed","template":"","meta":{"give_campaign_id":0,"_uag_custom_page_level_css":"","footnotes":""},"class_list":["post-5320","page","type-page","status-publish"],"campaignId":"","uagb_featured_image_src":{"full":false,"thumbnail":false,"medium":false,"medium_large":false,"large":false,"1536x1536":false,"2048x2048":false,"trp-custom-language-flag":false,"inhype-blog-thumb":false,"inhype-blog-thumb-grid":false,"inhype-blog-thumb-widget":false,"inhype-blog-thumb-masonry":false},"uagb_author_info":{"display_name":"assedel","author_link":"https:\/\/assedel.org\/fr\/author\/assedel\/"},"uagb_comment_info":0,"uagb_excerpt":null,"amp_enabled":true,"_links":{"self":[{"href":"https:\/\/assedel.org\/fr\/wp-json\/wp\/v2\/pages\/5320","targetHints":{"allow":["GET"]}}],"collection":[{"href":"https:\/\/assedel.org\/fr\/wp-json\/wp\/v2\/pages"}],"about":[{"href":"https:\/\/assedel.org\/fr\/wp-json\/wp\/v2\/types\/page"}],"author":[{"embeddable":true,"href":"https:\/\/assedel.org\/fr\/wp-json\/wp\/v2\/users\/1"}],"replies":[{"embeddable":true,"href":"https:\/\/assedel.org\/fr\/wp-json\/wp\/v2\/comments?post=5320"}],"version-history":[{"count":2,"href":"https:\/\/assedel.org\/fr\/wp-json\/wp\/v2\/pages\/5320\/revisions"}],"predecessor-version":[{"id":5324,"href":"https:\/\/assedel.org\/fr\/wp-json\/wp\/v2\/pages\/5320\/revisions\/5324"}],"wp:attachment":[{"href":"https:\/\/assedel.org\/fr\/wp-json\/wp\/v2\/media?parent=5320"}],"curies":[{"name":"wp","href":"https:\/\/api.w.org\/{rel}","templated":true}]}}