
{"id":5316,"date":"2024-09-11T09:37:08","date_gmt":"2024-09-11T09:37:08","guid":{"rendered":"https:\/\/assedel.org\/?page_id=5316"},"modified":"2024-09-11T09:37:08","modified_gmt":"2024-09-11T09:37:08","slug":"opinion-2","status":"publish","type":"page","link":"https:\/\/assedel.org\/fr\/opinion-2\/","title":{"rendered":"Opinion"},"content":{"rendered":"<div class=\"wp-block-uagb-post-grid uagb-post-grid  uagb-post__image-position-top uagb-post__image-enabled uagb-block-dd37ef01     uagb-post__items uagb-post__columns-2 is-grid uagb-post__columns-tablet-2 uagb-post__columns-mobile-1 uagb-equal_height_inline-read-more-buttons\" data-total=\"7\" style=\"\">\n\n\t\t\t\t\t\t\t\t\t\t\t\t<article class=\"uagb-post__inner-wrap\">\t\t\t\t\t\t\t\t<div class='uagb-post__image'>\n\t\t\t\t\t\t\t\t\t<a href=\"https:\/\/assedel.org\/fr\/safeguarding-womens-rights-why-the-istanbul-convention-still-matters\/\" target=\"_self\" rel=\"bookmark noopener noreferrer\" class='uagb-image-ratio-2-3'><img loading=\"lazy\" decoding=\"async\" width=\"1024\" height=\"576\" src=\"https:\/\/assedel.org\/wp-content\/uploads\/2026\/03\/Horizontal-Cover-Pages-YouTube-Website-39-1024x576.png\" class=\"attachment-large size-large\" alt=\"\" srcset=\"https:\/\/assedel.org\/wp-content\/uploads\/2026\/03\/Horizontal-Cover-Pages-YouTube-Website-39-1024x576.png 1024w, https:\/\/assedel.org\/wp-content\/uploads\/2026\/03\/Horizontal-Cover-Pages-YouTube-Website-39-300x169.png 300w, https:\/\/assedel.org\/wp-content\/uploads\/2026\/03\/Horizontal-Cover-Pages-YouTube-Website-39-768x432.png 768w, https:\/\/assedel.org\/wp-content\/uploads\/2026\/03\/Horizontal-Cover-Pages-YouTube-Website-39-18x10.png 18w, https:\/\/assedel.org\/wp-content\/uploads\/2026\/03\/Horizontal-Cover-Pages-YouTube-Website-39-360x203.png 360w, https:\/\/assedel.org\/wp-content\/uploads\/2026\/03\/Horizontal-Cover-Pages-YouTube-Website-39.png 1280w\" sizes=\"auto, (max-width: 1024px) 100vw, 1024px\" \/>\t\t\t\t\t<\/a>\n\t\t\t\t\t\t\t<\/div>\n\t\t\t\t\t\t<h4 class=\"uagb-post__title uagb-post__text\">\n\t\t\t\t<a href=\"https:\/\/assedel.org\/fr\/safeguarding-womens-rights-why-the-istanbul-convention-still-matters\/\" target=\"_self\" rel=\"bookmark noopener noreferrer\">La protection des droits des femmes\u00a0: pourquoi la Convention d\u2019Istanbul reste importante\u00a0<\/a>\n\t\t\t<\/h4>\n\t\t\t\t\t\t<div class='uagb-post__text uagb-post-grid-byline'>\n\t\t\t\t\t\t\t\t<time datetime=\"2026-03-27T15:09:43+00:00\" class=\"uagb-post__date\">\n\t\t\t\t<span class=\"dashicons-calendar dashicons\"><\/span>\t\t\t\t\tmars 27, 2026\t\t\t\t<\/time>\n\t\t\t\t\t\t<\/div>\n\t\t\t\t\t\t<div class=\"uagb-post__text uagb-post__cta wp-block-button\">\n\t\t\t\t<a class=\"wp-block-button__link uagb-text-link\" style=\"\" href=\"https:\/\/assedel.org\/fr\/safeguarding-womens-rights-why-the-istanbul-convention-still-matters\/\" target=\"_self\" rel=\"bookmark noopener noreferrer\">Lire la suite<\/a>\n\t\t\t<\/div>\n\t\t\t\n\t\t\t\t\t\t\t\t\t<\/article>\n\t\t\t\t\t\t\t\t\t\t\t\t\t\t\t\t<article class=\"uagb-post__inner-wrap\">\t\t\t\t\t\t\t\t<div class='uagb-post__image'>\n\t\t\t\t\t\t\t\t\t<a href=\"https:\/\/assedel.org\/fr\/externalising-borders-the-eu-migration-approach\/\" target=\"_self\" rel=\"bookmark noopener noreferrer\" class='uagb-image-ratio-2-3'><img loading=\"lazy\" decoding=\"async\" width=\"1024\" height=\"576\" src=\"https:\/\/assedel.org\/wp-content\/uploads\/2026\/03\/Horizontal-Cover-Pages-YouTube-Website-30-1024x576.png\" class=\"attachment-large size-large\" alt=\"\" srcset=\"https:\/\/assedel.org\/wp-content\/uploads\/2026\/03\/Horizontal-Cover-Pages-YouTube-Website-30-1024x576.png 1024w, https:\/\/assedel.org\/wp-content\/uploads\/2026\/03\/Horizontal-Cover-Pages-YouTube-Website-30-300x169.png 300w, https:\/\/assedel.org\/wp-content\/uploads\/2026\/03\/Horizontal-Cover-Pages-YouTube-Website-30-768x432.png 768w, https:\/\/assedel.org\/wp-content\/uploads\/2026\/03\/Horizontal-Cover-Pages-YouTube-Website-30-18x10.png 18w, https:\/\/assedel.org\/wp-content\/uploads\/2026\/03\/Horizontal-Cover-Pages-YouTube-Website-30-360x203.png 360w, https:\/\/assedel.org\/wp-content\/uploads\/2026\/03\/Horizontal-Cover-Pages-YouTube-Website-30.png 1280w\" sizes=\"auto, (max-width: 1024px) 100vw, 1024px\" \/>\t\t\t\t\t<\/a>\n\t\t\t\t\t\t\t<\/div>\n\t\t\t\t\t\t<h4 class=\"uagb-post__title uagb-post__text\">\n\t\t\t\t<a href=\"https:\/\/assedel.org\/fr\/externalising-borders-the-eu-migration-approach\/\" target=\"_self\" rel=\"bookmark noopener noreferrer\">L'externalisation des fronti\u00e8res: l'approche de l'UE en mati\u00e8re de migration<\/a>\n\t\t\t<\/h4>\n\t\t\t\t\t\t<div class='uagb-post__text uagb-post-grid-byline'>\n\t\t\t\t\t\t\t\t<time datetime=\"2026-03-23T14:47:14+00:00\" class=\"uagb-post__date\">\n\t\t\t\t<span class=\"dashicons-calendar dashicons\"><\/span>\t\t\t\t\tmars 23, 2026\t\t\t\t<\/time>\n\t\t\t\t\t\t<\/div>\n\t\t\t\t\t\t<div class=\"uagb-post__text uagb-post__cta wp-block-button\">\n\t\t\t\t<a class=\"wp-block-button__link uagb-text-link\" style=\"\" href=\"https:\/\/assedel.org\/fr\/externalising-borders-the-eu-migration-approach\/\" target=\"_self\" rel=\"bookmark noopener noreferrer\">Lire la suite<\/a>\n\t\t\t<\/div>\n\t\t\t\n\t\t\t\t\t\t\t\t\t<\/article>\n\t\t\t\t\t\t\t\t\t\t\t\t\t\t\t\t<article class=\"uagb-post__inner-wrap\">\t\t\t\t\t\t\t\t<div class='uagb-post__image'>\n\t\t\t\t\t\t\t\t\t<a href=\"https:\/\/assedel.org\/fr\/the-climate-crisis-and-its-unequal-impact-on-womens-rights\/\" target=\"_self\" rel=\"bookmark noopener noreferrer\" class='uagb-image-ratio-2-3'><img loading=\"lazy\" decoding=\"async\" width=\"1024\" height=\"576\" src=\"https:\/\/assedel.org\/wp-content\/uploads\/2026\/03\/Horizontal-Cover-Pages-YouTube-Website-11-1024x576.png\" class=\"attachment-large size-large\" alt=\"\" srcset=\"https:\/\/assedel.org\/wp-content\/uploads\/2026\/03\/Horizontal-Cover-Pages-YouTube-Website-11-1024x576.png 1024w, https:\/\/assedel.org\/wp-content\/uploads\/2026\/03\/Horizontal-Cover-Pages-YouTube-Website-11-300x169.png 300w, https:\/\/assedel.org\/wp-content\/uploads\/2026\/03\/Horizontal-Cover-Pages-YouTube-Website-11-768x432.png 768w, https:\/\/assedel.org\/wp-content\/uploads\/2026\/03\/Horizontal-Cover-Pages-YouTube-Website-11-18x10.png 18w, https:\/\/assedel.org\/wp-content\/uploads\/2026\/03\/Horizontal-Cover-Pages-YouTube-Website-11-360x203.png 360w, https:\/\/assedel.org\/wp-content\/uploads\/2026\/03\/Horizontal-Cover-Pages-YouTube-Website-11.png 1280w\" sizes=\"auto, (max-width: 1024px) 100vw, 1024px\" \/>\t\t\t\t\t<\/a>\n\t\t\t\t\t\t\t<\/div>\n\t\t\t\t\t\t<h4 class=\"uagb-post__title uagb-post__text\">\n\t\t\t\t<a href=\"https:\/\/assedel.org\/fr\/the-climate-crisis-and-its-unequal-impact-on-womens-rights\/\" target=\"_self\" rel=\"bookmark noopener noreferrer\">La crise climatique et son impact in\u00e9gal sur les droits des femmes\u00a0<\/a>\n\t\t\t<\/h4>\n\t\t\t\t\t\t<div class='uagb-post__text uagb-post-grid-byline'>\n\t\t\t\t\t\t\t\t<time datetime=\"2026-03-20T14:07:11+00:00\" class=\"uagb-post__date\">\n\t\t\t\t<span class=\"dashicons-calendar dashicons\"><\/span>\t\t\t\t\tmars 20, 2026\t\t\t\t<\/time>\n\t\t\t\t\t\t<\/div>\n\t\t\t\t\t\t<div class=\"uagb-post__text uagb-post__cta wp-block-button\">\n\t\t\t\t<a class=\"wp-block-button__link uagb-text-link\" style=\"\" href=\"https:\/\/assedel.org\/fr\/the-climate-crisis-and-its-unequal-impact-on-womens-rights\/\" target=\"_self\" rel=\"bookmark noopener noreferrer\">Lire la suite<\/a>\n\t\t\t<\/div>\n\t\t\t\n\t\t\t\t\t\t\t\t\t<\/article>\n\t\t\t\t\t\t\t\t\t\t\t\t\t\t\t\t<article class=\"uagb-post__inner-wrap\">\t\t\t\t\t\t\t\t<div class='uagb-post__image'>\n\t\t\t\t\t\t\t\t\t<a href=\"https:\/\/assedel.org\/fr\/sexual-violence-as-a-weapon-of-war-the-hidden-costs-of-armed-conflicts\/\" target=\"_self\" rel=\"bookmark noopener noreferrer\" class='uagb-image-ratio-2-3'><img loading=\"lazy\" decoding=\"async\" width=\"1024\" height=\"576\" src=\"https:\/\/assedel.org\/wp-content\/uploads\/2026\/03\/Horizontal-Cover-Pages-YouTube-Website-24-1024x576.png\" class=\"attachment-large size-large\" alt=\"\" srcset=\"https:\/\/assedel.org\/wp-content\/uploads\/2026\/03\/Horizontal-Cover-Pages-YouTube-Website-24-1024x576.png 1024w, https:\/\/assedel.org\/wp-content\/uploads\/2026\/03\/Horizontal-Cover-Pages-YouTube-Website-24-300x169.png 300w, https:\/\/assedel.org\/wp-content\/uploads\/2026\/03\/Horizontal-Cover-Pages-YouTube-Website-24-768x432.png 768w, https:\/\/assedel.org\/wp-content\/uploads\/2026\/03\/Horizontal-Cover-Pages-YouTube-Website-24-18x10.png 18w, https:\/\/assedel.org\/wp-content\/uploads\/2026\/03\/Horizontal-Cover-Pages-YouTube-Website-24-360x203.png 360w, https:\/\/assedel.org\/wp-content\/uploads\/2026\/03\/Horizontal-Cover-Pages-YouTube-Website-24.png 1280w\" sizes=\"auto, (max-width: 1024px) 100vw, 1024px\" \/>\t\t\t\t\t<\/a>\n\t\t\t\t\t\t\t<\/div>\n\t\t\t\t\t\t<h4 class=\"uagb-post__title uagb-post__text\">\n\t\t\t\t<a href=\"https:\/\/assedel.org\/fr\/sexual-violence-as-a-weapon-of-war-the-hidden-costs-of-armed-conflicts\/\" target=\"_self\" rel=\"bookmark noopener noreferrer\">La violence sexuelle comme arme de guerre : les co\u00fbts cach\u00e9s des conflits arm\u00e9s<\/a>\n\t\t\t<\/h4>\n\t\t\t\t\t\t<div class='uagb-post__text uagb-post-grid-byline'>\n\t\t\t\t\t\t\t\t<time datetime=\"2026-03-13T10:30:53+00:00\" class=\"uagb-post__date\">\n\t\t\t\t<span class=\"dashicons-calendar dashicons\"><\/span>\t\t\t\t\tmars 13, 2026\t\t\t\t<\/time>\n\t\t\t\t\t\t<\/div>\n\t\t\t\t\t\t<div class=\"uagb-post__text uagb-post__cta wp-block-button\">\n\t\t\t\t<a class=\"wp-block-button__link uagb-text-link\" style=\"\" href=\"https:\/\/assedel.org\/fr\/sexual-violence-as-a-weapon-of-war-the-hidden-costs-of-armed-conflicts\/\" target=\"_self\" rel=\"bookmark noopener noreferrer\">Lire la suite<\/a>\n\t\t\t<\/div>\n\t\t\t\n\t\t\t\t\t\t\t\t\t<\/article>\n\t\t\t\t\t\t\t\t\t\t\t\t\t\t\t\t<article class=\"uagb-post__inner-wrap\">\t\t\t\t\t\t\t\t<div class='uagb-post__image'>\n\t\t\t\t\t\t\t\t\t<a href=\"https:\/\/assedel.org\/fr\/abortion-in-the-eu-a-widely-recognised-right-with-unequal-access\/\" target=\"_self\" rel=\"bookmark noopener noreferrer\" class='uagb-image-ratio-2-3'><img loading=\"lazy\" decoding=\"async\" width=\"1024\" height=\"576\" src=\"https:\/\/assedel.org\/wp-content\/uploads\/2026\/03\/Horizontal-Cover-Pages-YouTube-Website-19-1024x576.png\" class=\"attachment-large size-large\" alt=\"\" srcset=\"https:\/\/assedel.org\/wp-content\/uploads\/2026\/03\/Horizontal-Cover-Pages-YouTube-Website-19-1024x576.png 1024w, https:\/\/assedel.org\/wp-content\/uploads\/2026\/03\/Horizontal-Cover-Pages-YouTube-Website-19-300x169.png 300w, https:\/\/assedel.org\/wp-content\/uploads\/2026\/03\/Horizontal-Cover-Pages-YouTube-Website-19-768x432.png 768w, https:\/\/assedel.org\/wp-content\/uploads\/2026\/03\/Horizontal-Cover-Pages-YouTube-Website-19-18x10.png 18w, https:\/\/assedel.org\/wp-content\/uploads\/2026\/03\/Horizontal-Cover-Pages-YouTube-Website-19-360x203.png 360w, https:\/\/assedel.org\/wp-content\/uploads\/2026\/03\/Horizontal-Cover-Pages-YouTube-Website-19.png 1280w\" sizes=\"auto, (max-width: 1024px) 100vw, 1024px\" \/>\t\t\t\t\t<\/a>\n\t\t\t\t\t\t\t<\/div>\n\t\t\t\t\t\t<h4 class=\"uagb-post__title uagb-post__text\">\n\t\t\t\t<a href=\"https:\/\/assedel.org\/fr\/abortion-in-the-eu-a-widely-recognised-right-with-unequal-access\/\" target=\"_self\" rel=\"bookmark noopener noreferrer\">L'avortement dans l'Union europ\u00e9enne : un droit largement reconnu, mais dont l'acc\u00e8s est in\u00e9gal<\/a>\n\t\t\t<\/h4>\n\t\t\t\t\t\t<div class='uagb-post__text uagb-post-grid-byline'>\n\t\t\t\t\t\t\t\t<time datetime=\"2026-03-08T08:21:37+00:00\" class=\"uagb-post__date\">\n\t\t\t\t<span class=\"dashicons-calendar dashicons\"><\/span>\t\t\t\t\tmars 8, 2026\t\t\t\t<\/time>\n\t\t\t\t\t\t<\/div>\n\t\t\t\t\t\t<div class=\"uagb-post__text uagb-post__cta wp-block-button\">\n\t\t\t\t<a class=\"wp-block-button__link uagb-text-link\" style=\"\" href=\"https:\/\/assedel.org\/fr\/abortion-in-the-eu-a-widely-recognised-right-with-unequal-access\/\" target=\"_self\" rel=\"bookmark noopener noreferrer\">Lire la suite<\/a>\n\t\t\t<\/div>\n\t\t\t\n\t\t\t\t\t\t\t\t\t<\/article>\n\t\t\t\t\t\t\t\t\t\t\t\t\t\t\t\t<article class=\"uagb-post__inner-wrap\">\t\t\t\t\t\t\t\t<div class='uagb-post__image'>\n\t\t\t\t\t\t\t\t\t<a href=\"https:\/\/assedel.org\/fr\/lgbtqia-rights-at-risk-legal-backlash-in-hungary-and-the-united-kingdom\/\" target=\"_self\" rel=\"bookmark noopener noreferrer\" class='uagb-image-ratio-2-3'><img loading=\"lazy\" decoding=\"async\" width=\"1024\" height=\"519\" src=\"https:\/\/assedel.org\/wp-content\/uploads\/2025\/06\/WEBPAGE-COVER-TO-USE-3-1024x519.png\" class=\"attachment-large size-large\" alt=\"\" srcset=\"https:\/\/assedel.org\/wp-content\/uploads\/2025\/06\/WEBPAGE-COVER-TO-USE-3-1024x519.png 1024w, https:\/\/assedel.org\/wp-content\/uploads\/2025\/06\/WEBPAGE-COVER-TO-USE-3-300x152.png 300w, https:\/\/assedel.org\/wp-content\/uploads\/2025\/06\/WEBPAGE-COVER-TO-USE-3-768x389.png 768w, https:\/\/assedel.org\/wp-content\/uploads\/2025\/06\/WEBPAGE-COVER-TO-USE-3-1536x778.png 1536w, https:\/\/assedel.org\/wp-content\/uploads\/2025\/06\/WEBPAGE-COVER-TO-USE-3-18x9.png 18w, https:\/\/assedel.org\/wp-content\/uploads\/2025\/06\/WEBPAGE-COVER-TO-USE-3-360x182.png 360w, https:\/\/assedel.org\/wp-content\/uploads\/2025\/06\/WEBPAGE-COVER-TO-USE-3.png 2000w\" sizes=\"auto, (max-width: 1024px) 100vw, 1024px\" \/>\t\t\t\t\t<\/a>\n\t\t\t\t\t\t\t<\/div>\n\t\t\t\t\t\t<h4 class=\"uagb-post__title uagb-post__text\">\n\t\t\t\t<a href=\"https:\/\/assedel.org\/fr\/lgbtqia-rights-at-risk-legal-backlash-in-hungary-and-the-united-kingdom\/\" target=\"_self\" rel=\"bookmark noopener noreferrer\">Droits des personnes LGBTQIA+ menac\u00e9s : Recul juridique en Hongrie et au Royaume-Uni<\/a>\n\t\t\t<\/h4>\n\t\t\t\t\t\t<div class='uagb-post__text uagb-post-grid-byline'>\n\t\t\t\t\t\t\t\t<time datetime=\"2025-06-26T08:34:01+00:00\" class=\"uagb-post__date\">\n\t\t\t\t<span class=\"dashicons-calendar dashicons\"><\/span>\t\t\t\t\tjuin 26, 2025\t\t\t\t<\/time>\n\t\t\t\t\t\t<\/div>\n\t\t\t\t\t\t<div class=\"uagb-post__text uagb-post__cta wp-block-button\">\n\t\t\t\t<a class=\"wp-block-button__link uagb-text-link\" style=\"\" href=\"https:\/\/assedel.org\/fr\/lgbtqia-rights-at-risk-legal-backlash-in-hungary-and-the-united-kingdom\/\" target=\"_self\" rel=\"bookmark noopener noreferrer\">Lire la suite<\/a>\n\t\t\t<\/div>\n\t\t\t\n\t\t\t\t\t\t\t\t\t<\/article>\n\t\t\t\t\t\t\t\t\t\t\t\t\t\t\t\t<article class=\"uagb-post__inner-wrap\">\t\t\t\t\t\t\t\t<div class='uagb-post__image'>\n\t\t\t\t\t\t\t\t\t<a href=\"https:\/\/assedel.org\/fr\/when-education-becomes-a-political-weapon-the-attack-on-harvard-and-human-rights\/\" target=\"_self\" rel=\"bookmark noopener noreferrer\" class='uagb-image-ratio-2-3'><img loading=\"lazy\" decoding=\"async\" width=\"1024\" height=\"519\" src=\"https:\/\/assedel.org\/wp-content\/uploads\/2025\/06\/WEBPAGE-COVER-TO-USE-44-1024x519.png\" class=\"attachment-large size-large\" alt=\"\" srcset=\"https:\/\/assedel.org\/wp-content\/uploads\/2025\/06\/WEBPAGE-COVER-TO-USE-44-1024x519.png 1024w, https:\/\/assedel.org\/wp-content\/uploads\/2025\/06\/WEBPAGE-COVER-TO-USE-44-300x152.png 300w, https:\/\/assedel.org\/wp-content\/uploads\/2025\/06\/WEBPAGE-COVER-TO-USE-44-768x389.png 768w, https:\/\/assedel.org\/wp-content\/uploads\/2025\/06\/WEBPAGE-COVER-TO-USE-44-1536x778.png 1536w, https:\/\/assedel.org\/wp-content\/uploads\/2025\/06\/WEBPAGE-COVER-TO-USE-44-18x9.png 18w, https:\/\/assedel.org\/wp-content\/uploads\/2025\/06\/WEBPAGE-COVER-TO-USE-44-360x182.png 360w, https:\/\/assedel.org\/wp-content\/uploads\/2025\/06\/WEBPAGE-COVER-TO-USE-44.png 2000w\" sizes=\"auto, (max-width: 1024px) 100vw, 1024px\" \/>\t\t\t\t\t<\/a>\n\t\t\t\t\t\t\t<\/div>\n\t\t\t\t\t\t<h4 class=\"uagb-post__title uagb-post__text\">\n\t\t\t\t<a href=\"https:\/\/assedel.org\/fr\/when-education-becomes-a-political-weapon-the-attack-on-harvard-and-human-rights\/\" target=\"_self\" rel=\"bookmark noopener noreferrer\">Quand l'\u00e9ducation devient une arme politique : l'attaque contre Harvard et les droits de l'homme<\/a>\n\t\t\t<\/h4>\n\t\t\t\t\t\t<div class='uagb-post__text uagb-post-grid-byline'>\n\t\t\t\t\t\t\t\t<time datetime=\"2025-06-18T12:40:20+00:00\" class=\"uagb-post__date\">\n\t\t\t\t<span class=\"dashicons-calendar dashicons\"><\/span>\t\t\t\t\tjuin 18, 2025\t\t\t\t<\/time>\n\t\t\t\t\t\t<\/div>\n\t\t\t\t\t\t<div class=\"uagb-post__text uagb-post__cta wp-block-button\">\n\t\t\t\t<a class=\"wp-block-button__link uagb-text-link\" style=\"\" href=\"https:\/\/assedel.org\/fr\/when-education-becomes-a-political-weapon-the-attack-on-harvard-and-human-rights\/\" target=\"_self\" rel=\"bookmark noopener noreferrer\">Lire la suite<\/a>\n\t\t\t<\/div>\n\t\t\t\n\t\t\t\t\t\t\t\t\t<\/article>\n\t\t\t\t\t\t\t\t\t\t\t\t\t<div class=\"uagb-post-pagination-wrap\">\n\t\t\t\t\t\t<span aria-current=\"page\" class=\"page-numbers current\">1<\/span>\n<a class=\"page-numbers\" href=\"https:\/\/assedel.org\/fr\/wp-json\/wp\/v2\/pages\/5316\/page\/2\/\">2<\/a>\n<a class=\"page-numbers\" href=\"https:\/\/assedel.org\/fr\/wp-json\/wp\/v2\/pages\/5316\/page\/3\/\">3<\/a>\n<a class=\"page-numbers\" href=\"https:\/\/assedel.org\/fr\/wp-json\/wp\/v2\/pages\/5316\/page\/4\/\">4<\/a>\n<a class=\"page-numbers\" href=\"https:\/\/assedel.org\/fr\/wp-json\/wp\/v2\/pages\/5316\/page\/5\/\">5<\/a>\n<a class=\"page-numbers\" href=\"https:\/\/assedel.org\/fr\/wp-json\/wp\/v2\/pages\/5316\/page\/6\/\">6<\/a>\n<a class=\"page-numbers\" href=\"https:\/\/assedel.org\/fr\/wp-json\/wp\/v2\/pages\/5316\/page\/7\/\">7<\/a>\n<a class=\"next page-numbers\" href=\"https:\/\/assedel.org\/fr\/wp-json\/wp\/v2\/pages\/5316\/page\/2\/\">Next \u00bb<\/a>\t\t\t\t\t<\/div>\n\t\t\t\t\t\t\t\t<\/div>","protected":false},"excerpt":{"rendered":"","protected":false},"author":1,"featured_media":0,"parent":0,"menu_order":0,"comment_status":"closed","ping_status":"closed","template":"","meta":{"give_campaign_id":0,"_uag_custom_page_level_css":"","footnotes":""},"class_list":["post-5316","page","type-page","status-publish"],"campaignId":"","uagb_featured_image_src":{"full":false,"thumbnail":false,"medium":false,"medium_large":false,"large":false,"1536x1536":false,"2048x2048":false,"trp-custom-language-flag":false,"inhype-blog-thumb":false,"inhype-blog-thumb-grid":false,"inhype-blog-thumb-widget":false,"inhype-blog-thumb-masonry":false},"uagb_author_info":{"display_name":"assedel","author_link":"https:\/\/assedel.org\/fr\/author\/assedel\/"},"uagb_comment_info":0,"uagb_excerpt":null,"amp_enabled":true,"_links":{"self":[{"href":"https:\/\/assedel.org\/fr\/wp-json\/wp\/v2\/pages\/5316","targetHints":{"allow":["GET"]}}],"collection":[{"href":"https:\/\/assedel.org\/fr\/wp-json\/wp\/v2\/pages"}],"about":[{"href":"https:\/\/assedel.org\/fr\/wp-json\/wp\/v2\/types\/page"}],"author":[{"embeddable":true,"href":"https:\/\/assedel.org\/fr\/wp-json\/wp\/v2\/users\/1"}],"replies":[{"embeddable":true,"href":"https:\/\/assedel.org\/fr\/wp-json\/wp\/v2\/comments?post=5316"}],"version-history":[{"count":1,"href":"https:\/\/assedel.org\/fr\/wp-json\/wp\/v2\/pages\/5316\/revisions"}],"predecessor-version":[{"id":5318,"href":"https:\/\/assedel.org\/fr\/wp-json\/wp\/v2\/pages\/5316\/revisions\/5318"}],"wp:attachment":[{"href":"https:\/\/assedel.org\/fr\/wp-json\/wp\/v2\/media?parent=5316"}],"curies":[{"name":"wp","href":"https:\/\/api.w.org\/{rel}","templated":true}]}}