
{"id":5310,"date":"2024-09-11T09:34:28","date_gmt":"2024-09-11T09:34:28","guid":{"rendered":"https:\/\/assedel.org\/?page_id=5310"},"modified":"2024-09-11T09:34:28","modified_gmt":"2024-09-11T09:34:28","slug":"submissions-2","status":"publish","type":"page","link":"https:\/\/assedel.org\/fr\/submissions-2\/","title":{"rendered":"Soumissions"},"content":{"rendered":"<div class=\"wp-block-uagb-post-grid uagb-post-grid  uagb-post__image-position-top uagb-post__image-enabled uagb-block-14bebfed     uagb-post__items uagb-post__columns-2 is-grid uagb-post__columns-tablet-2 uagb-post__columns-mobile-1 uagb-equal_height_inline-read-more-buttons\" data-total=\"12\" style=\"\">\n\n\t\t\t\t\t\t\t\t\t\t\t\t<article class=\"uagb-post__inner-wrap\">\t\t\t\t\t\t\t\t<div class='uagb-post__image'>\n\t\t\t\t\t\t\t\t\t<a href=\"https:\/\/assedel.org\/fr\/united-kingdoms-compliance-with-the-istanbul-convention-regarding-the-protection-of-transgender-womens-rights\/\" target=\"_self\" rel=\"bookmark noopener noreferrer\" class='uagb-image-ratio-inherit'><img loading=\"lazy\" decoding=\"async\" width=\"1024\" height=\"576\" src=\"https:\/\/assedel.org\/wp-content\/uploads\/2026\/04\/Horizontal-Cover-Pages-YouTube-Website-44-1024x576.png\" class=\"attachment-large size-large\" alt=\"\" srcset=\"https:\/\/assedel.org\/wp-content\/uploads\/2026\/04\/Horizontal-Cover-Pages-YouTube-Website-44-1024x576.png 1024w, https:\/\/assedel.org\/wp-content\/uploads\/2026\/04\/Horizontal-Cover-Pages-YouTube-Website-44-300x169.png 300w, https:\/\/assedel.org\/wp-content\/uploads\/2026\/04\/Horizontal-Cover-Pages-YouTube-Website-44-768x432.png 768w, https:\/\/assedel.org\/wp-content\/uploads\/2026\/04\/Horizontal-Cover-Pages-YouTube-Website-44-18x10.png 18w, https:\/\/assedel.org\/wp-content\/uploads\/2026\/04\/Horizontal-Cover-Pages-YouTube-Website-44-360x203.png 360w, https:\/\/assedel.org\/wp-content\/uploads\/2026\/04\/Horizontal-Cover-Pages-YouTube-Website-44.png 1280w\" sizes=\"auto, (max-width: 1024px) 100vw, 1024px\" \/>\t\t\t\t\t<\/a>\n\t\t\t\t\t\t\t<\/div>\n\t\t\t\t\t\t<h4 class=\"uagb-post__title uagb-post__text\">\n\t\t\t\t<a href=\"https:\/\/assedel.org\/fr\/united-kingdoms-compliance-with-the-istanbul-convention-regarding-the-protection-of-transgender-womens-rights\/\" target=\"_self\" rel=\"bookmark noopener noreferrer\">Le respect par le Royaume-Uni de la Convention d'Istanbul relative \u00e0 la protection des droits des femmes transgenres<\/a>\n\t\t\t<\/h4>\n\t\t\t\t\t\t<div class='uagb-post__text uagb-post-grid-byline'>\n\t\t\t\t\t\t\t\t<time datetime=\"2026-04-01T14:38:46+00:00\" class=\"uagb-post__date\">\n\t\t\t\t<span class=\"dashicons-calendar dashicons\"><\/span>\t\t\t\t\tavril 1, 2026\t\t\t\t<\/time>\n\t\t\t\t\t\t<\/div>\n\t\t\t\t\t\t<div class=\"uagb-post__text uagb-post__cta wp-block-button\">\n\t\t\t\t<a class=\"wp-block-button__link uagb-text-link\" style=\"\" href=\"https:\/\/assedel.org\/fr\/united-kingdoms-compliance-with-the-istanbul-convention-regarding-the-protection-of-transgender-womens-rights\/\" target=\"_self\" rel=\"bookmark noopener noreferrer\">Lire la suite<\/a>\n\t\t\t<\/div>\n\t\t\t\n\t\t\t\t\t\t\t\t\t<\/article>\n\t\t\t\t\t\t\t\t\t\t\t\t\t\t\t\t<article class=\"uagb-post__inner-wrap\">\t\t\t\t\t\t\t\t<div class='uagb-post__image'>\n\t\t\t\t\t\t\t\t\t<a href=\"https:\/\/assedel.org\/fr\/assedel-contribution-to-the-european-parliaments-2026-turkiye-report\/\" target=\"_self\" rel=\"bookmark noopener noreferrer\" class='uagb-image-ratio-inherit'><img loading=\"lazy\" decoding=\"async\" width=\"1024\" height=\"576\" src=\"https:\/\/assedel.org\/wp-content\/uploads\/2026\/01\/Horizontal-Cover-Pages-YouTube-Website-8-3-1024x576.png\" class=\"attachment-large size-large\" alt=\"\" srcset=\"https:\/\/assedel.org\/wp-content\/uploads\/2026\/01\/Horizontal-Cover-Pages-YouTube-Website-8-3-1024x576.png 1024w, https:\/\/assedel.org\/wp-content\/uploads\/2026\/01\/Horizontal-Cover-Pages-YouTube-Website-8-3-300x169.png 300w, https:\/\/assedel.org\/wp-content\/uploads\/2026\/01\/Horizontal-Cover-Pages-YouTube-Website-8-3-768x432.png 768w, https:\/\/assedel.org\/wp-content\/uploads\/2026\/01\/Horizontal-Cover-Pages-YouTube-Website-8-3-1536x864.png 1536w, https:\/\/assedel.org\/wp-content\/uploads\/2026\/01\/Horizontal-Cover-Pages-YouTube-Website-8-3-2048x1152.png 2048w, https:\/\/assedel.org\/wp-content\/uploads\/2026\/01\/Horizontal-Cover-Pages-YouTube-Website-8-3-18x10.png 18w, https:\/\/assedel.org\/wp-content\/uploads\/2026\/01\/Horizontal-Cover-Pages-YouTube-Website-8-3-360x203.png 360w\" sizes=\"auto, (max-width: 1024px) 100vw, 1024px\" \/>\t\t\t\t\t<\/a>\n\t\t\t\t\t\t\t<\/div>\n\t\t\t\t\t\t<h4 class=\"uagb-post__title uagb-post__text\">\n\t\t\t\t<a href=\"https:\/\/assedel.org\/fr\/assedel-contribution-to-the-european-parliaments-2026-turkiye-report\/\" target=\"_self\" rel=\"bookmark noopener noreferrer\">Contribution d\u2019ASSEDEL au rapport 2026 du Parlement europ\u00e9en sur la Turquie<\/a>\n\t\t\t<\/h4>\n\t\t\t\t\t\t<div class='uagb-post__text uagb-post-grid-byline'>\n\t\t\t\t\t\t\t\t<time datetime=\"2026-01-29T09:42:38+00:00\" class=\"uagb-post__date\">\n\t\t\t\t<span class=\"dashicons-calendar dashicons\"><\/span>\t\t\t\t\tjanvier 29, 2026\t\t\t\t<\/time>\n\t\t\t\t\t\t<\/div>\n\t\t\t\t\t\t<div class=\"uagb-post__text uagb-post__cta wp-block-button\">\n\t\t\t\t<a class=\"wp-block-button__link uagb-text-link\" style=\"\" href=\"https:\/\/assedel.org\/fr\/assedel-contribution-to-the-european-parliaments-2026-turkiye-report\/\" target=\"_self\" rel=\"bookmark noopener noreferrer\">Lire la suite<\/a>\n\t\t\t<\/div>\n\t\t\t\n\t\t\t\t\t\t\t\t\t<\/article>\n\t\t\t\t\t\t\t\t\t\t\t\t\t\t\t\t<article class=\"uagb-post__inner-wrap\">\t\t\t\t\t\t\t\t<div class='uagb-post__image'>\n\t\t\t\t\t\t\t\t\t<a href=\"https:\/\/assedel.org\/fr\/regulation-to-prevent-and-combat-child-sexual-abuse-csar\/\" target=\"_self\" rel=\"bookmark noopener noreferrer\" class='uagb-image-ratio-inherit'><img loading=\"lazy\" decoding=\"async\" width=\"1024\" height=\"576\" src=\"https:\/\/assedel.org\/wp-content\/uploads\/2026\/01\/Horizontal-Cover-Pages-YouTube-Website-5-2-1024x576.png\" class=\"attachment-large size-large\" alt=\"\" srcset=\"https:\/\/assedel.org\/wp-content\/uploads\/2026\/01\/Horizontal-Cover-Pages-YouTube-Website-5-2-1024x576.png 1024w, https:\/\/assedel.org\/wp-content\/uploads\/2026\/01\/Horizontal-Cover-Pages-YouTube-Website-5-2-300x169.png 300w, https:\/\/assedel.org\/wp-content\/uploads\/2026\/01\/Horizontal-Cover-Pages-YouTube-Website-5-2-768x432.png 768w, https:\/\/assedel.org\/wp-content\/uploads\/2026\/01\/Horizontal-Cover-Pages-YouTube-Website-5-2-18x10.png 18w, https:\/\/assedel.org\/wp-content\/uploads\/2026\/01\/Horizontal-Cover-Pages-YouTube-Website-5-2-360x203.png 360w, https:\/\/assedel.org\/wp-content\/uploads\/2026\/01\/Horizontal-Cover-Pages-YouTube-Website-5-2.png 1280w\" sizes=\"auto, (max-width: 1024px) 100vw, 1024px\" \/>\t\t\t\t\t<\/a>\n\t\t\t\t\t\t\t<\/div>\n\t\t\t\t\t\t<h4 class=\"uagb-post__title uagb-post__text\">\n\t\t\t\t<a href=\"https:\/\/assedel.org\/fr\/regulation-to-prevent-and-combat-child-sexual-abuse-csar\/\" target=\"_self\" rel=\"bookmark noopener noreferrer\">\u00c9quilibrer protection et vie priv\u00e9e dans l\u2019UE<\/a>\n\t\t\t<\/h4>\n\t\t\t\t\t\t<div class='uagb-post__text uagb-post-grid-byline'>\n\t\t\t\t\t\t\t\t<time datetime=\"2026-01-19T10:25:29+00:00\" class=\"uagb-post__date\">\n\t\t\t\t<span class=\"dashicons-calendar dashicons\"><\/span>\t\t\t\t\tjanvier 19, 2026\t\t\t\t<\/time>\n\t\t\t\t\t\t<\/div>\n\t\t\t\t\t\t<div class=\"uagb-post__text uagb-post__cta wp-block-button\">\n\t\t\t\t<a class=\"wp-block-button__link uagb-text-link\" style=\"\" href=\"https:\/\/assedel.org\/fr\/regulation-to-prevent-and-combat-child-sexual-abuse-csar\/\" target=\"_self\" rel=\"bookmark noopener noreferrer\">Lire la suite<\/a>\n\t\t\t<\/div>\n\t\t\t\n\t\t\t\t\t\t\t\t\t<\/article>\n\t\t\t\t\t\t\t\t\t\t\t\t\t\t\t\t<article class=\"uagb-post__inner-wrap\">\t\t\t\t\t\t\t\t<div class='uagb-post__image'>\n\t\t\t\t\t\t\t\t\t<a href=\"https:\/\/assedel.org\/fr\/implementation-of-the-partner-for-democracy-status-by-the-parliament-of-the-kyrgyz-republic\/\" target=\"_self\" rel=\"bookmark noopener noreferrer\" class='uagb-image-ratio-inherit'><img loading=\"lazy\" decoding=\"async\" width=\"1024\" height=\"576\" src=\"https:\/\/assedel.org\/wp-content\/uploads\/2026\/01\/Horizontal-Cover-Pages-YouTube-Website-9-1024x576.png\" class=\"attachment-large size-large\" alt=\"\" srcset=\"https:\/\/assedel.org\/wp-content\/uploads\/2026\/01\/Horizontal-Cover-Pages-YouTube-Website-9-1024x576.png 1024w, https:\/\/assedel.org\/wp-content\/uploads\/2026\/01\/Horizontal-Cover-Pages-YouTube-Website-9-300x169.png 300w, https:\/\/assedel.org\/wp-content\/uploads\/2026\/01\/Horizontal-Cover-Pages-YouTube-Website-9-768x432.png 768w, https:\/\/assedel.org\/wp-content\/uploads\/2026\/01\/Horizontal-Cover-Pages-YouTube-Website-9-18x10.png 18w, https:\/\/assedel.org\/wp-content\/uploads\/2026\/01\/Horizontal-Cover-Pages-YouTube-Website-9-360x203.png 360w, https:\/\/assedel.org\/wp-content\/uploads\/2026\/01\/Horizontal-Cover-Pages-YouTube-Website-9.png 1280w\" sizes=\"auto, (max-width: 1024px) 100vw, 1024px\" \/>\t\t\t\t\t<\/a>\n\t\t\t\t\t\t\t<\/div>\n\t\t\t\t\t\t<h4 class=\"uagb-post__title uagb-post__text\">\n\t\t\t\t<a href=\"https:\/\/assedel.org\/fr\/implementation-of-the-partner-for-democracy-status-by-the-parliament-of-the-kyrgyz-republic\/\" target=\"_self\" rel=\"bookmark noopener noreferrer\">Mise en \u0153uvre du statut de partenaire pour la d\u00e9mocratie par le Parlement de la R\u00e9publique kirghize.<\/a>\n\t\t\t<\/h4>\n\t\t\t\t\t\t<div class='uagb-post__text uagb-post-grid-byline'>\n\t\t\t\t\t\t\t\t<time datetime=\"2026-01-12T08:51:29+00:00\" class=\"uagb-post__date\">\n\t\t\t\t<span class=\"dashicons-calendar dashicons\"><\/span>\t\t\t\t\tjanvier 12, 2026\t\t\t\t<\/time>\n\t\t\t\t\t\t<\/div>\n\t\t\t\t\t\t<div class=\"uagb-post__text uagb-post__cta wp-block-button\">\n\t\t\t\t<a class=\"wp-block-button__link uagb-text-link\" style=\"\" href=\"https:\/\/assedel.org\/fr\/implementation-of-the-partner-for-democracy-status-by-the-parliament-of-the-kyrgyz-republic\/\" target=\"_self\" rel=\"bookmark noopener noreferrer\">Lire la suite<\/a>\n\t\t\t<\/div>\n\t\t\t\n\t\t\t\t\t\t\t\t\t<\/article>\n\t\t\t\t\t\t\t\t\t\t\t\t\t\t\t\t<article class=\"uagb-post__inner-wrap\">\t\t\t\t\t\t\t\t<div class='uagb-post__image'>\n\t\t\t\t\t\t\t\t\t<a href=\"https:\/\/assedel.org\/fr\/the-walesa-v-poland-judgment-in-the-context-of-the-ongoing-judicial-crisis-in-poland\/\" target=\"_self\" rel=\"bookmark noopener noreferrer\" class='uagb-image-ratio-inherit'><img loading=\"lazy\" decoding=\"async\" width=\"1024\" height=\"576\" src=\"https:\/\/assedel.org\/wp-content\/uploads\/2025\/12\/Covers-Articles-Website--1024x576.png\" class=\"attachment-large size-large\" alt=\"\" srcset=\"https:\/\/assedel.org\/wp-content\/uploads\/2025\/12\/Covers-Articles-Website--1024x576.png 1024w, https:\/\/assedel.org\/wp-content\/uploads\/2025\/12\/Covers-Articles-Website--300x169.png 300w, https:\/\/assedel.org\/wp-content\/uploads\/2025\/12\/Covers-Articles-Website--768x432.png 768w, https:\/\/assedel.org\/wp-content\/uploads\/2025\/12\/Covers-Articles-Website--18x10.png 18w, https:\/\/assedel.org\/wp-content\/uploads\/2025\/12\/Covers-Articles-Website--360x202.png 360w, https:\/\/assedel.org\/wp-content\/uploads\/2025\/12\/Covers-Articles-Website-.png 1366w\" sizes=\"auto, (max-width: 1024px) 100vw, 1024px\" \/>\t\t\t\t\t<\/a>\n\t\t\t\t\t\t\t<\/div>\n\t\t\t\t\t\t<h4 class=\"uagb-post__title uagb-post__text\">\n\t\t\t\t<a href=\"https:\/\/assedel.org\/fr\/the-walesa-v-poland-judgment-in-the-context-of-the-ongoing-judicial-crisis-in-poland\/\" target=\"_self\" rel=\"bookmark noopener noreferrer\">L'arr\u00eat Wa\u0142\u0119sa c. Pologne dans le contexte de la crise judiciaire actuelle en Pologne<\/a>\n\t\t\t<\/h4>\n\t\t\t\t\t\t<div class='uagb-post__text uagb-post-grid-byline'>\n\t\t\t\t\t\t\t\t<time datetime=\"2025-12-12T10:53:52+00:00\" class=\"uagb-post__date\">\n\t\t\t\t<span class=\"dashicons-calendar dashicons\"><\/span>\t\t\t\t\td\u00e9cembre 12, 2025\t\t\t\t<\/time>\n\t\t\t\t\t\t<\/div>\n\t\t\t\t\t\t<div class=\"uagb-post__text uagb-post__cta wp-block-button\">\n\t\t\t\t<a class=\"wp-block-button__link uagb-text-link\" style=\"\" href=\"https:\/\/assedel.org\/fr\/the-walesa-v-poland-judgment-in-the-context-of-the-ongoing-judicial-crisis-in-poland\/\" target=\"_self\" rel=\"bookmark noopener noreferrer\">Lire la suite<\/a>\n\t\t\t<\/div>\n\t\t\t\n\t\t\t\t\t\t\t\t\t<\/article>\n\t\t\t\t\t\t\t\t\t\t\t\t\t\t\t\t<article class=\"uagb-post__inner-wrap\">\t\t\t\t\t\t\t\t<div class='uagb-post__image'>\n\t\t\t\t\t\t\t\t\t<a href=\"https:\/\/assedel.org\/fr\/at-the-edge-of-dignity-inside-the-netherlands-asylum-crisis\/\" target=\"_self\" rel=\"bookmark noopener noreferrer\" class='uagb-image-ratio-inherit'><img loading=\"lazy\" decoding=\"async\" width=\"1024\" height=\"576\" src=\"https:\/\/assedel.org\/wp-content\/uploads\/2025\/11\/WhatsApp-Image-2025-11-03-at-13.37.34-1024x576.jpeg\" class=\"attachment-large size-large\" alt=\"\" srcset=\"https:\/\/assedel.org\/wp-content\/uploads\/2025\/11\/WhatsApp-Image-2025-11-03-at-13.37.34-1024x576.jpeg 1024w, https:\/\/assedel.org\/wp-content\/uploads\/2025\/11\/WhatsApp-Image-2025-11-03-at-13.37.34-300x169.jpeg 300w, https:\/\/assedel.org\/wp-content\/uploads\/2025\/11\/WhatsApp-Image-2025-11-03-at-13.37.34-768x432.jpeg 768w, https:\/\/assedel.org\/wp-content\/uploads\/2025\/11\/WhatsApp-Image-2025-11-03-at-13.37.34-18x10.jpeg 18w, https:\/\/assedel.org\/wp-content\/uploads\/2025\/11\/WhatsApp-Image-2025-11-03-at-13.37.34-360x202.jpeg 360w, https:\/\/assedel.org\/wp-content\/uploads\/2025\/11\/WhatsApp-Image-2025-11-03-at-13.37.34.jpeg 1366w\" sizes=\"auto, (max-width: 1024px) 100vw, 1024px\" \/>\t\t\t\t\t<\/a>\n\t\t\t\t\t\t\t<\/div>\n\t\t\t\t\t\t<h4 class=\"uagb-post__title uagb-post__text\">\n\t\t\t\t<a href=\"https:\/\/assedel.org\/fr\/at-the-edge-of-dignity-inside-the-netherlands-asylum-crisis\/\" target=\"_self\" rel=\"bookmark noopener noreferrer\">Au bord de la dignit\u00e9 : au c\u0153ur de la crise de l'asile aux Pays-Bas<\/a>\n\t\t\t<\/h4>\n\t\t\t\t\t\t<div class='uagb-post__text uagb-post-grid-byline'>\n\t\t\t\t\t\t\t\t<time datetime=\"2025-11-03T11:29:51+00:00\" class=\"uagb-post__date\">\n\t\t\t\t<span class=\"dashicons-calendar dashicons\"><\/span>\t\t\t\t\tnovembre 3, 2025\t\t\t\t<\/time>\n\t\t\t\t\t\t<\/div>\n\t\t\t\t\t\t<div class=\"uagb-post__text uagb-post__cta wp-block-button\">\n\t\t\t\t<a class=\"wp-block-button__link uagb-text-link\" style=\"\" href=\"https:\/\/assedel.org\/fr\/at-the-edge-of-dignity-inside-the-netherlands-asylum-crisis\/\" target=\"_self\" rel=\"bookmark noopener noreferrer\">Lire la suite<\/a>\n\t\t\t<\/div>\n\t\t\t\n\t\t\t\t\t\t\t\t\t<\/article>\n\t\t\t\t\t\t\t\t\t\t\t\t\t\t\t\t<article class=\"uagb-post__inner-wrap\">\t\t\t\t\t\t\t\t<div class='uagb-post__image'>\n\t\t\t\t\t\t\t\t\t<a href=\"https:\/\/assedel.org\/fr\/refugee-rights-in-greece\/\" target=\"_self\" rel=\"bookmark noopener noreferrer\" class='uagb-image-ratio-inherit'><img loading=\"lazy\" decoding=\"async\" width=\"1024\" height=\"518\" src=\"https:\/\/assedel.org\/wp-content\/uploads\/2025\/10\/assedel-1024x518.png\" class=\"attachment-large size-large\" alt=\"\" srcset=\"https:\/\/assedel.org\/wp-content\/uploads\/2025\/10\/assedel-1024x518.png 1024w, https:\/\/assedel.org\/wp-content\/uploads\/2025\/10\/assedel-300x152.png 300w, https:\/\/assedel.org\/wp-content\/uploads\/2025\/10\/assedel-768x389.png 768w, https:\/\/assedel.org\/wp-content\/uploads\/2025\/10\/assedel-1536x778.png 1536w, https:\/\/assedel.org\/wp-content\/uploads\/2025\/10\/assedel-2048x1037.png 2048w, https:\/\/assedel.org\/wp-content\/uploads\/2025\/10\/assedel-18x9.png 18w, https:\/\/assedel.org\/wp-content\/uploads\/2025\/10\/assedel-360x182.png 360w\" sizes=\"auto, (max-width: 1024px) 100vw, 1024px\" \/>\t\t\t\t\t<\/a>\n\t\t\t\t\t\t\t<\/div>\n\t\t\t\t\t\t<h4 class=\"uagb-post__title uagb-post__text\">\n\t\t\t\t<a href=\"https:\/\/assedel.org\/fr\/refugee-rights-in-greece\/\" target=\"_self\" rel=\"bookmark noopener noreferrer\">LES DROITS DES R\u00c9FUGI\u00c9S EN GR\u00c8CE<\/a>\n\t\t\t<\/h4>\n\t\t\t\t\t\t<div class='uagb-post__text uagb-post-grid-byline'>\n\t\t\t\t\t\t\t\t<time datetime=\"2025-10-14T12:50:41+00:00\" class=\"uagb-post__date\">\n\t\t\t\t<span class=\"dashicons-calendar dashicons\"><\/span>\t\t\t\t\toctobre 14, 2025\t\t\t\t<\/time>\n\t\t\t\t\t\t<\/div>\n\t\t\t\t\t\t<div class=\"uagb-post__text uagb-post__cta wp-block-button\">\n\t\t\t\t<a class=\"wp-block-button__link uagb-text-link\" style=\"\" href=\"https:\/\/assedel.org\/fr\/refugee-rights-in-greece\/\" target=\"_self\" rel=\"bookmark noopener noreferrer\">Lire la suite<\/a>\n\t\t\t<\/div>\n\t\t\t\n\t\t\t\t\t\t\t\t\t<\/article>\n\t\t\t\t\t\t\t\t\t\t\t\t\t\t\t\t<article class=\"uagb-post__inner-wrap\">\t\t\t\t\t\t\t\t<div class='uagb-post__image'>\n\t\t\t\t\t\t\t\t\t<a href=\"https:\/\/assedel.org\/fr\/artificial-intelligence-and-the-law-the-need-to-strengthen-the-existing-regulatory-framework-for-live-facial-recognition-by-law-enforcement-in-the-united-kingdom\/\" target=\"_self\" rel=\"bookmark noopener noreferrer\" class='uagb-image-ratio-inherit'><img loading=\"lazy\" decoding=\"async\" width=\"1024\" height=\"519\" src=\"https:\/\/assedel.org\/wp-content\/uploads\/2025\/07\/assedel-1024x519.png\" class=\"attachment-large size-large\" alt=\"\" srcset=\"https:\/\/assedel.org\/wp-content\/uploads\/2025\/07\/assedel-1024x519.png 1024w, https:\/\/assedel.org\/wp-content\/uploads\/2025\/07\/assedel-300x152.png 300w, https:\/\/assedel.org\/wp-content\/uploads\/2025\/07\/assedel-768x389.png 768w, https:\/\/assedel.org\/wp-content\/uploads\/2025\/07\/assedel-1536x778.png 1536w, https:\/\/assedel.org\/wp-content\/uploads\/2025\/07\/assedel-2048x1037.png 2048w, https:\/\/assedel.org\/wp-content\/uploads\/2025\/07\/assedel-18x9.png 18w, https:\/\/assedel.org\/wp-content\/uploads\/2025\/07\/assedel-360x182.png 360w\" sizes=\"auto, (max-width: 1024px) 100vw, 1024px\" \/>\t\t\t\t\t<\/a>\n\t\t\t\t\t\t\t<\/div>\n\t\t\t\t\t\t<h4 class=\"uagb-post__title uagb-post__text\">\n\t\t\t\t<a href=\"https:\/\/assedel.org\/fr\/artificial-intelligence-and-the-law-the-need-to-strengthen-the-existing-regulatory-framework-for-live-facial-recognition-by-law-enforcement-in-the-united-kingdom\/\" target=\"_self\" rel=\"bookmark noopener noreferrer\">L'intelligence artificielle et le droit\u00a0: la n\u00e9cessit\u00e9 de renforcer le cadre r\u00e9glementaire existant pour la reconnaissance faciale en direct par les forces de l'ordre au Royaume-Uni<\/a>\n\t\t\t<\/h4>\n\t\t\t\t\t\t<div class='uagb-post__text uagb-post-grid-byline'>\n\t\t\t\t\t\t\t\t<time datetime=\"2025-07-29T11:14:04+00:00\" class=\"uagb-post__date\">\n\t\t\t\t<span class=\"dashicons-calendar dashicons\"><\/span>\t\t\t\t\tjuillet 29, 2025\t\t\t\t<\/time>\n\t\t\t\t\t\t<\/div>\n\t\t\t\t\t\t<div class=\"uagb-post__text uagb-post__cta wp-block-button\">\n\t\t\t\t<a class=\"wp-block-button__link uagb-text-link\" style=\"\" href=\"https:\/\/assedel.org\/fr\/artificial-intelligence-and-the-law-the-need-to-strengthen-the-existing-regulatory-framework-for-live-facial-recognition-by-law-enforcement-in-the-united-kingdom\/\" target=\"_self\" rel=\"bookmark noopener noreferrer\">Lire la suite<\/a>\n\t\t\t<\/div>\n\t\t\t\n\t\t\t\t\t\t\t\t\t<\/article>\n\t\t\t\t\t\t\t\t\t\t\t\t\t<div class=\"uagb-post-pagination-wrap\">\n\t\t\t\t\t\t<span aria-current=\"page\" class=\"page-numbers current\">1<\/span>\n<a class=\"page-numbers\" href=\"https:\/\/assedel.org\/fr\/wp-json\/wp\/v2\/pages\/5310\/page\/2\/\">2<\/a>\n<a class=\"page-numbers\" href=\"https:\/\/assedel.org\/fr\/wp-json\/wp\/v2\/pages\/5310\/page\/3\/\">3<\/a>\n<a class=\"page-numbers\" href=\"https:\/\/assedel.org\/fr\/wp-json\/wp\/v2\/pages\/5310\/page\/4\/\">4<\/a>\n<a class=\"page-numbers\" href=\"https:\/\/assedel.org\/fr\/wp-json\/wp\/v2\/pages\/5310\/page\/5\/\">5<\/a>\n<span class=\"page-numbers dots\">\u2026<\/span>\n<a class=\"page-numbers\" href=\"https:\/\/assedel.org\/fr\/wp-json\/wp\/v2\/pages\/5310\/page\/7\/\">7<\/a>\n<a class=\"page-numbers\" href=\"https:\/\/assedel.org\/fr\/wp-json\/wp\/v2\/pages\/5310\/page\/8\/\">8<\/a>\n<a class=\"page-numbers\" href=\"https:\/\/assedel.org\/fr\/wp-json\/wp\/v2\/pages\/5310\/page\/9\/\">9<\/a>\n<a class=\"page-numbers\" href=\"https:\/\/assedel.org\/fr\/wp-json\/wp\/v2\/pages\/5310\/page\/10\/\">10<\/a>\n<a class=\"next page-numbers\" href=\"https:\/\/assedel.org\/fr\/wp-json\/wp\/v2\/pages\/5310\/page\/2\/\">Next \u00bb<\/a>\t\t\t\t\t<\/div>\n\t\t\t\t\t\t\t\t<\/div>","protected":false},"excerpt":{"rendered":"","protected":false},"author":1,"featured_media":0,"parent":0,"menu_order":0,"comment_status":"closed","ping_status":"closed","template":"","meta":{"give_campaign_id":0,"_uag_custom_page_level_css":"","footnotes":""},"class_list":["post-5310","page","type-page","status-publish"],"campaignId":"","uagb_featured_image_src":{"full":false,"thumbnail":false,"medium":false,"medium_large":false,"large":false,"1536x1536":false,"2048x2048":false,"trp-custom-language-flag":false,"inhype-blog-thumb":false,"inhype-blog-thumb-grid":false,"inhype-blog-thumb-widget":false,"inhype-blog-thumb-masonry":false},"uagb_author_info":{"display_name":"assedel","author_link":"https:\/\/assedel.org\/fr\/author\/assedel\/"},"uagb_comment_info":0,"uagb_excerpt":null,"amp_enabled":true,"_links":{"self":[{"href":"https:\/\/assedel.org\/fr\/wp-json\/wp\/v2\/pages\/5310","targetHints":{"allow":["GET"]}}],"collection":[{"href":"https:\/\/assedel.org\/fr\/wp-json\/wp\/v2\/pages"}],"about":[{"href":"https:\/\/assedel.org\/fr\/wp-json\/wp\/v2\/types\/page"}],"author":[{"embeddable":true,"href":"https:\/\/assedel.org\/fr\/wp-json\/wp\/v2\/users\/1"}],"replies":[{"embeddable":true,"href":"https:\/\/assedel.org\/fr\/wp-json\/wp\/v2\/comments?post=5310"}],"version-history":[{"count":1,"href":"https:\/\/assedel.org\/fr\/wp-json\/wp\/v2\/pages\/5310\/revisions"}],"predecessor-version":[{"id":5312,"href":"https:\/\/assedel.org\/fr\/wp-json\/wp\/v2\/pages\/5310\/revisions\/5312"}],"wp:attachment":[{"href":"https:\/\/assedel.org\/fr\/wp-json\/wp\/v2\/media?parent=5310"}],"curies":[{"name":"wp","href":"https:\/\/api.w.org\/{rel}","templated":true}]}}