
{"id":5297,"date":"2024-09-11T09:21:46","date_gmt":"2024-09-11T09:21:46","guid":{"rendered":"https:\/\/assedel.org\/?page_id=5297"},"modified":"2024-09-11T09:31:17","modified_gmt":"2024-09-11T09:31:17","slug":"news","status":"publish","type":"page","link":"https:\/\/assedel.org\/fr\/news\/","title":{"rendered":"Actualit\u00e9s"},"content":{"rendered":"<div class=\"wp-block-uagb-post-grid uagb-post-grid  uagb-post__image-position-top uagb-post__image-enabled uagb-block-d2530d0b     uagb-post__items uagb-post__columns-2 is-grid uagb-post__columns-tablet-2 uagb-post__columns-mobile-1 uagb-post__equal-height uagb-equal_height_inline-read-more-buttons\" data-total=\"13\" style=\"\">\n\n\t\t\t\t\t\t\t\t\t\t\t\t<article class=\"uagb-post__inner-wrap\">\t\t\t\t\t\t\t\t<div class='uagb-post__image'>\n\t\t\t\t\t\t\t\t\t<a href=\"https:\/\/assedel.org\/fr\/culture-social-justice-and-youth-participation-a-talk-with-italian-mp-valentina-grippo\/\" target=\"_self\" rel=\"bookmark noopener noreferrer\" class='uagb-image-ratio-inherit'><img loading=\"lazy\" decoding=\"async\" width=\"1024\" height=\"576\" src=\"https:\/\/assedel.org\/wp-content\/uploads\/2026\/05\/Horizontal-Cover-Pages-YouTube-Website-63-1024x576.png\" class=\"attachment-large size-large\" alt=\"\" srcset=\"https:\/\/assedel.org\/wp-content\/uploads\/2026\/05\/Horizontal-Cover-Pages-YouTube-Website-63-1024x576.png 1024w, https:\/\/assedel.org\/wp-content\/uploads\/2026\/05\/Horizontal-Cover-Pages-YouTube-Website-63-300x169.png 300w, https:\/\/assedel.org\/wp-content\/uploads\/2026\/05\/Horizontal-Cover-Pages-YouTube-Website-63-768x432.png 768w, https:\/\/assedel.org\/wp-content\/uploads\/2026\/05\/Horizontal-Cover-Pages-YouTube-Website-63-18x10.png 18w, https:\/\/assedel.org\/wp-content\/uploads\/2026\/05\/Horizontal-Cover-Pages-YouTube-Website-63-360x203.png 360w, https:\/\/assedel.org\/wp-content\/uploads\/2026\/05\/Horizontal-Cover-Pages-YouTube-Website-63.png 1280w\" sizes=\"auto, (max-width: 1024px) 100vw, 1024px\" \/>\t\t\t\t\t<\/a>\n\t\t\t\t\t\t\t<\/div>\n\t\t\t\t\t\t<h4 class=\"uagb-post__title uagb-post__text\">\n\t\t\t\t<a href=\"https:\/\/assedel.org\/fr\/culture-social-justice-and-youth-participation-a-talk-with-italian-mp-valentina-grippo\/\" target=\"_self\" rel=\"bookmark noopener noreferrer\">Culture, Social Justice and Youth Participation: A Talk with Italian MP Valentina Grippo<\/a>\n\t\t\t<\/h4>\n\t\t\t\t\t\t<div class='uagb-post__text uagb-post-grid-byline'>\n\t\t\t\t\t\t\t\t<time datetime=\"2026-05-06T12:35:15+00:00\" class=\"uagb-post__date\">\n\t\t\t\t<span class=\"dashicons-calendar dashicons\"><\/span>\t\t\t\t\tmai 6, 2026\t\t\t\t<\/time>\n\t\t\t\t\t\t<\/div>\n\t\t\t\t\t\t<div class=\"uagb-post__text uagb-post__cta wp-block-button\">\n\t\t\t\t<a class=\"wp-block-button__link uagb-text-link\" style=\"\" href=\"https:\/\/assedel.org\/fr\/culture-social-justice-and-youth-participation-a-talk-with-italian-mp-valentina-grippo\/\" target=\"_self\" rel=\"bookmark noopener noreferrer\">Lire la suite<\/a>\n\t\t\t<\/div>\n\t\t\t\n\t\t\t\t\t\t\t\t\t<\/article>\n\t\t\t\t\t\t\t\t\t\t\t\t\t\t\t\t<article class=\"uagb-post__inner-wrap\">\t\t\t\t\t\t\t\t<div class='uagb-post__image'>\n\t\t\t\t\t\t\t\t\t<a href=\"https:\/\/assedel.org\/fr\/a-training-session-with-marta-becerra-can-civil-participation-rebuild-trust-in-european-democracy\/\" target=\"_self\" rel=\"bookmark noopener noreferrer\" class='uagb-image-ratio-inherit'><img loading=\"lazy\" decoding=\"async\" width=\"1024\" height=\"576\" src=\"https:\/\/assedel.org\/wp-content\/uploads\/2026\/05\/Horizontal-Cover-Pages-YouTube-Website-1-1024x576.png\" class=\"attachment-large size-large\" alt=\"\" srcset=\"https:\/\/assedel.org\/wp-content\/uploads\/2026\/05\/Horizontal-Cover-Pages-YouTube-Website-1-1024x576.png 1024w, https:\/\/assedel.org\/wp-content\/uploads\/2026\/05\/Horizontal-Cover-Pages-YouTube-Website-1-300x169.png 300w, https:\/\/assedel.org\/wp-content\/uploads\/2026\/05\/Horizontal-Cover-Pages-YouTube-Website-1-768x432.png 768w, https:\/\/assedel.org\/wp-content\/uploads\/2026\/05\/Horizontal-Cover-Pages-YouTube-Website-1-18x10.png 18w, https:\/\/assedel.org\/wp-content\/uploads\/2026\/05\/Horizontal-Cover-Pages-YouTube-Website-1-360x203.png 360w, https:\/\/assedel.org\/wp-content\/uploads\/2026\/05\/Horizontal-Cover-Pages-YouTube-Website-1.png 1280w\" sizes=\"auto, (max-width: 1024px) 100vw, 1024px\" \/>\t\t\t\t\t<\/a>\n\t\t\t\t\t\t\t<\/div>\n\t\t\t\t\t\t<h4 class=\"uagb-post__title uagb-post__text\">\n\t\t\t\t<a href=\"https:\/\/assedel.org\/fr\/a-training-session-with-marta-becerra-can-civil-participation-rebuild-trust-in-european-democracy\/\" target=\"_self\" rel=\"bookmark noopener noreferrer\">Une session de formation avec Marta Becerra : la participation citoyenne peut-elle r\u00e9tablir la confiance dans la d\u00e9mocratie europ\u00e9enne?<\/a>\n\t\t\t<\/h4>\n\t\t\t\t\t\t<div class='uagb-post__text uagb-post-grid-byline'>\n\t\t\t\t\t\t\t\t<time datetime=\"2026-05-05T10:04:41+00:00\" class=\"uagb-post__date\">\n\t\t\t\t<span class=\"dashicons-calendar dashicons\"><\/span>\t\t\t\t\tmai 5, 2026\t\t\t\t<\/time>\n\t\t\t\t\t\t<\/div>\n\t\t\t\t\t\t<div class=\"uagb-post__text uagb-post__cta wp-block-button\">\n\t\t\t\t<a class=\"wp-block-button__link uagb-text-link\" style=\"\" href=\"https:\/\/assedel.org\/fr\/a-training-session-with-marta-becerra-can-civil-participation-rebuild-trust-in-european-democracy\/\" target=\"_self\" rel=\"bookmark noopener noreferrer\">Lire la suite<\/a>\n\t\t\t<\/div>\n\t\t\t\n\t\t\t\t\t\t\t\t\t<\/article>\n\t\t\t\t\t\t\t\t\t\t\t\t\t\t\t\t<article class=\"uagb-post__inner-wrap\">\t\t\t\t\t\t\t\t<div class='uagb-post__image'>\n\t\t\t\t\t\t\t\t\t<a href=\"https:\/\/assedel.org\/fr\/gender-equality-in-times-of-crisis-a-conversation-with-mep-maria-noichl\/\" target=\"_self\" rel=\"bookmark noopener noreferrer\" class='uagb-image-ratio-inherit'><img loading=\"lazy\" decoding=\"async\" width=\"1024\" height=\"576\" src=\"https:\/\/assedel.org\/wp-content\/uploads\/2026\/04\/Horizontal-Cover-Pages-YouTube-Website-59-1-1024x576.png\" class=\"attachment-large size-large\" alt=\"\" srcset=\"https:\/\/assedel.org\/wp-content\/uploads\/2026\/04\/Horizontal-Cover-Pages-YouTube-Website-59-1-1024x576.png 1024w, https:\/\/assedel.org\/wp-content\/uploads\/2026\/04\/Horizontal-Cover-Pages-YouTube-Website-59-1-300x169.png 300w, https:\/\/assedel.org\/wp-content\/uploads\/2026\/04\/Horizontal-Cover-Pages-YouTube-Website-59-1-768x432.png 768w, https:\/\/assedel.org\/wp-content\/uploads\/2026\/04\/Horizontal-Cover-Pages-YouTube-Website-59-1-18x10.png 18w, https:\/\/assedel.org\/wp-content\/uploads\/2026\/04\/Horizontal-Cover-Pages-YouTube-Website-59-1-360x203.png 360w, https:\/\/assedel.org\/wp-content\/uploads\/2026\/04\/Horizontal-Cover-Pages-YouTube-Website-59-1.png 1280w\" sizes=\"auto, (max-width: 1024px) 100vw, 1024px\" \/>\t\t\t\t\t<\/a>\n\t\t\t\t\t\t\t<\/div>\n\t\t\t\t\t\t<h4 class=\"uagb-post__title uagb-post__text\">\n\t\t\t\t<a href=\"https:\/\/assedel.org\/fr\/gender-equality-in-times-of-crisis-a-conversation-with-mep-maria-noichl\/\" target=\"_self\" rel=\"bookmark noopener noreferrer\">Gender Equality in Times of Crisis: A Conversation with MEP Maria Noichl<\/a>\n\t\t\t<\/h4>\n\t\t\t\t\t\t<div class='uagb-post__text uagb-post-grid-byline'>\n\t\t\t\t\t\t\t\t<time datetime=\"2026-04-23T10:31:36+00:00\" class=\"uagb-post__date\">\n\t\t\t\t<span class=\"dashicons-calendar dashicons\"><\/span>\t\t\t\t\tavril 23, 2026\t\t\t\t<\/time>\n\t\t\t\t\t\t<\/div>\n\t\t\t\t\t\t<div class=\"uagb-post__text uagb-post__cta wp-block-button\">\n\t\t\t\t<a class=\"wp-block-button__link uagb-text-link\" style=\"\" href=\"https:\/\/assedel.org\/fr\/gender-equality-in-times-of-crisis-a-conversation-with-mep-maria-noichl\/\" target=\"_self\" rel=\"bookmark noopener noreferrer\">Lire la suite<\/a>\n\t\t\t<\/div>\n\t\t\t\n\t\t\t\t\t\t\t\t\t<\/article>\n\t\t\t\t\t\t\t\t\t\t\t\t\t\t\t\t<article class=\"uagb-post__inner-wrap\">\t\t\t\t\t\t\t\t<div class='uagb-post__image'>\n\t\t\t\t\t\t\t\t\t<a href=\"https:\/\/assedel.org\/fr\/15-years-of-the-istanbul-convention-renewing-our-commitment-to-womens-rights\/\" target=\"_self\" rel=\"bookmark noopener noreferrer\" class='uagb-image-ratio-inherit'><img loading=\"lazy\" decoding=\"async\" width=\"1024\" height=\"576\" src=\"https:\/\/assedel.org\/wp-content\/uploads\/2026\/04\/Horizontal-Cover-Pages-YouTube-Website-56-1024x576.png\" class=\"attachment-large size-large\" alt=\"\" srcset=\"https:\/\/assedel.org\/wp-content\/uploads\/2026\/04\/Horizontal-Cover-Pages-YouTube-Website-56-1024x576.png 1024w, https:\/\/assedel.org\/wp-content\/uploads\/2026\/04\/Horizontal-Cover-Pages-YouTube-Website-56-300x169.png 300w, https:\/\/assedel.org\/wp-content\/uploads\/2026\/04\/Horizontal-Cover-Pages-YouTube-Website-56-768x432.png 768w, https:\/\/assedel.org\/wp-content\/uploads\/2026\/04\/Horizontal-Cover-Pages-YouTube-Website-56-18x10.png 18w, https:\/\/assedel.org\/wp-content\/uploads\/2026\/04\/Horizontal-Cover-Pages-YouTube-Website-56-360x203.png 360w, https:\/\/assedel.org\/wp-content\/uploads\/2026\/04\/Horizontal-Cover-Pages-YouTube-Website-56.png 1280w\" sizes=\"auto, (max-width: 1024px) 100vw, 1024px\" \/>\t\t\t\t\t<\/a>\n\t\t\t\t\t\t\t<\/div>\n\t\t\t\t\t\t<h4 class=\"uagb-post__title uagb-post__text\">\n\t\t\t\t<a href=\"https:\/\/assedel.org\/fr\/15-years-of-the-istanbul-convention-renewing-our-commitment-to-womens-rights\/\" target=\"_self\" rel=\"bookmark noopener noreferrer\">15 ans de la Convention d'Istanbul : renouveler notre engagement en faveur des droits des femmes<\/a>\n\t\t\t<\/h4>\n\t\t\t\t\t\t<div class='uagb-post__text uagb-post-grid-byline'>\n\t\t\t\t\t\t\t\t<time datetime=\"2026-04-22T10:41:50+00:00\" class=\"uagb-post__date\">\n\t\t\t\t<span class=\"dashicons-calendar dashicons\"><\/span>\t\t\t\t\tavril 22, 2026\t\t\t\t<\/time>\n\t\t\t\t\t\t<\/div>\n\t\t\t\t\t\t<div class=\"uagb-post__text uagb-post__cta wp-block-button\">\n\t\t\t\t<a class=\"wp-block-button__link uagb-text-link\" style=\"\" href=\"https:\/\/assedel.org\/fr\/15-years-of-the-istanbul-convention-renewing-our-commitment-to-womens-rights\/\" target=\"_self\" rel=\"bookmark noopener noreferrer\">Lire la suite<\/a>\n\t\t\t<\/div>\n\t\t\t\n\t\t\t\t\t\t\t\t\t<\/article>\n\t\t\t\t\t\t\t\t\t\t\t\t\t\t\t\t<article class=\"uagb-post__inner-wrap\">\t\t\t\t\t\t\t\t<div class='uagb-post__image'>\n\t\t\t\t\t\t\t\t\t<a href=\"https:\/\/assedel.org\/fr\/equality-democracy-and-lgbtq-rights-a-conversation-with-marc-angel\/\" target=\"_self\" rel=\"bookmark noopener noreferrer\" class='uagb-image-ratio-inherit'><img loading=\"lazy\" decoding=\"async\" width=\"1024\" height=\"576\" src=\"https:\/\/assedel.org\/wp-content\/uploads\/2026\/04\/Horizontal-Cover-Pages-YouTube-Website-2-1024x576.jpg\" class=\"attachment-large size-large\" alt=\"\" srcset=\"https:\/\/assedel.org\/wp-content\/uploads\/2026\/04\/Horizontal-Cover-Pages-YouTube-Website-2-1024x576.jpg 1024w, https:\/\/assedel.org\/wp-content\/uploads\/2026\/04\/Horizontal-Cover-Pages-YouTube-Website-2-300x169.jpg 300w, https:\/\/assedel.org\/wp-content\/uploads\/2026\/04\/Horizontal-Cover-Pages-YouTube-Website-2-768x432.jpg 768w, https:\/\/assedel.org\/wp-content\/uploads\/2026\/04\/Horizontal-Cover-Pages-YouTube-Website-2-18x10.jpg 18w, https:\/\/assedel.org\/wp-content\/uploads\/2026\/04\/Horizontal-Cover-Pages-YouTube-Website-2-360x203.jpg 360w, https:\/\/assedel.org\/wp-content\/uploads\/2026\/04\/Horizontal-Cover-Pages-YouTube-Website-2.jpg 1280w\" sizes=\"auto, (max-width: 1024px) 100vw, 1024px\" \/>\t\t\t\t\t<\/a>\n\t\t\t\t\t\t\t<\/div>\n\t\t\t\t\t\t<h4 class=\"uagb-post__title uagb-post__text\">\n\t\t\t\t<a href=\"https:\/\/assedel.org\/fr\/equality-democracy-and-lgbtq-rights-a-conversation-with-marc-angel\/\" target=\"_self\" rel=\"bookmark noopener noreferrer\">\u00c9galit\u00e9, d\u00e9mocratie et droits LGBTQ+ : entretien avec Marc Angel<\/a>\n\t\t\t<\/h4>\n\t\t\t\t\t\t<div class='uagb-post__text uagb-post-grid-byline'>\n\t\t\t\t\t\t\t\t<time datetime=\"2026-04-20T12:21:46+00:00\" class=\"uagb-post__date\">\n\t\t\t\t<span class=\"dashicons-calendar dashicons\"><\/span>\t\t\t\t\tavril 20, 2026\t\t\t\t<\/time>\n\t\t\t\t\t\t<\/div>\n\t\t\t\t\t\t<div class=\"uagb-post__text uagb-post__cta wp-block-button\">\n\t\t\t\t<a class=\"wp-block-button__link uagb-text-link\" style=\"\" href=\"https:\/\/assedel.org\/fr\/equality-democracy-and-lgbtq-rights-a-conversation-with-marc-angel\/\" target=\"_self\" rel=\"bookmark noopener noreferrer\">Lire la suite<\/a>\n\t\t\t<\/div>\n\t\t\t\n\t\t\t\t\t\t\t\t\t<\/article>\n\t\t\t\t\t\t\t\t\t\t\t\t\t\t\t\t<article class=\"uagb-post__inner-wrap\">\t\t\t\t\t\t\t\t<div class='uagb-post__image'>\n\t\t\t\t\t\t\t\t\t<a href=\"https:\/\/assedel.org\/fr\/council-of-europe-and-the-protection-of-democracy-a-talk-with-stewart-dickson-about-the-danger-of-the-protection-gap-for-local-and-regional-elections\/\" target=\"_self\" rel=\"bookmark noopener noreferrer\" class='uagb-image-ratio-inherit'><img loading=\"lazy\" decoding=\"async\" width=\"1024\" height=\"576\" src=\"https:\/\/assedel.org\/wp-content\/uploads\/2026\/04\/Horizontal-Cover-Pages-YouTube-Website-50-1024x576.png\" class=\"attachment-large size-large\" alt=\"\" srcset=\"https:\/\/assedel.org\/wp-content\/uploads\/2026\/04\/Horizontal-Cover-Pages-YouTube-Website-50-1024x576.png 1024w, https:\/\/assedel.org\/wp-content\/uploads\/2026\/04\/Horizontal-Cover-Pages-YouTube-Website-50-300x169.png 300w, https:\/\/assedel.org\/wp-content\/uploads\/2026\/04\/Horizontal-Cover-Pages-YouTube-Website-50-768x432.png 768w, https:\/\/assedel.org\/wp-content\/uploads\/2026\/04\/Horizontal-Cover-Pages-YouTube-Website-50-18x10.png 18w, https:\/\/assedel.org\/wp-content\/uploads\/2026\/04\/Horizontal-Cover-Pages-YouTube-Website-50-360x203.png 360w, https:\/\/assedel.org\/wp-content\/uploads\/2026\/04\/Horizontal-Cover-Pages-YouTube-Website-50.png 1280w\" sizes=\"auto, (max-width: 1024px) 100vw, 1024px\" \/>\t\t\t\t\t<\/a>\n\t\t\t\t\t\t\t<\/div>\n\t\t\t\t\t\t<h4 class=\"uagb-post__title uagb-post__text\">\n\t\t\t\t<a href=\"https:\/\/assedel.org\/fr\/council-of-europe-and-the-protection-of-democracy-a-talk-with-stewart-dickson-about-the-danger-of-the-protection-gap-for-local-and-regional-elections\/\" target=\"_self\" rel=\"bookmark noopener noreferrer\">Le Conseil de l'Europe et la protection de la d\u00e9mocratie: entretien avec Stewart Dickson sur le risque li\u00e9 au manque de protection dans le cadre des \u00e9lections locales et r\u00e9gionales<\/a>\n\t\t\t<\/h4>\n\t\t\t\t\t\t<div class='uagb-post__text uagb-post-grid-byline'>\n\t\t\t\t\t\t\t\t<time datetime=\"2026-04-15T10:22:14+00:00\" class=\"uagb-post__date\">\n\t\t\t\t<span class=\"dashicons-calendar dashicons\"><\/span>\t\t\t\t\tavril 15, 2026\t\t\t\t<\/time>\n\t\t\t\t\t\t<\/div>\n\t\t\t\t\t\t<div class=\"uagb-post__text uagb-post__cta wp-block-button\">\n\t\t\t\t<a class=\"wp-block-button__link uagb-text-link\" style=\"\" href=\"https:\/\/assedel.org\/fr\/council-of-europe-and-the-protection-of-democracy-a-talk-with-stewart-dickson-about-the-danger-of-the-protection-gap-for-local-and-regional-elections\/\" target=\"_self\" rel=\"bookmark noopener noreferrer\">Lire la suite<\/a>\n\t\t\t<\/div>\n\t\t\t\n\t\t\t\t\t\t\t\t\t<\/article>\n\t\t\t\t\t\t\t\t\t\t\t\t\t\t\t\t<article class=\"uagb-post__inner-wrap\">\t\t\t\t\t\t\t\t<div class='uagb-post__image'>\n\t\t\t\t\t\t\t\t\t<a href=\"https:\/\/assedel.org\/fr\/training-session-with-former-ecthr-judge-vincent-a-de-gaetano-from-malta\/\" target=\"_self\" rel=\"bookmark noopener noreferrer\" class='uagb-image-ratio-inherit'><img loading=\"lazy\" decoding=\"async\" width=\"1024\" height=\"576\" src=\"https:\/\/assedel.org\/wp-content\/uploads\/2026\/04\/Horizontal-Cover-Pages-YouTube-Website-46-1024x576.png\" class=\"attachment-large size-large\" alt=\"\" srcset=\"https:\/\/assedel.org\/wp-content\/uploads\/2026\/04\/Horizontal-Cover-Pages-YouTube-Website-46-1024x576.png 1024w, https:\/\/assedel.org\/wp-content\/uploads\/2026\/04\/Horizontal-Cover-Pages-YouTube-Website-46-300x169.png 300w, https:\/\/assedel.org\/wp-content\/uploads\/2026\/04\/Horizontal-Cover-Pages-YouTube-Website-46-768x432.png 768w, https:\/\/assedel.org\/wp-content\/uploads\/2026\/04\/Horizontal-Cover-Pages-YouTube-Website-46-18x10.png 18w, https:\/\/assedel.org\/wp-content\/uploads\/2026\/04\/Horizontal-Cover-Pages-YouTube-Website-46-360x203.png 360w, https:\/\/assedel.org\/wp-content\/uploads\/2026\/04\/Horizontal-Cover-Pages-YouTube-Website-46.png 1280w\" sizes=\"auto, (max-width: 1024px) 100vw, 1024px\" \/>\t\t\t\t\t<\/a>\n\t\t\t\t\t\t\t<\/div>\n\t\t\t\t\t\t<h4 class=\"uagb-post__title uagb-post__text\">\n\t\t\t\t<a href=\"https:\/\/assedel.org\/fr\/training-session-with-former-ecthr-judge-vincent-a-de-gaetano-from-malta\/\" target=\"_self\" rel=\"bookmark noopener noreferrer\">Training Session with Former ECtHR Judge Vincent A. De Gaetano from Malta<\/a>\n\t\t\t<\/h4>\n\t\t\t\t\t\t<div class='uagb-post__text uagb-post-grid-byline'>\n\t\t\t\t\t\t\t\t<time datetime=\"2026-04-07T10:21:43+00:00\" class=\"uagb-post__date\">\n\t\t\t\t<span class=\"dashicons-calendar dashicons\"><\/span>\t\t\t\t\tavril 7, 2026\t\t\t\t<\/time>\n\t\t\t\t\t\t<\/div>\n\t\t\t\t\t\t<div class=\"uagb-post__text uagb-post__cta wp-block-button\">\n\t\t\t\t<a class=\"wp-block-button__link uagb-text-link\" style=\"\" href=\"https:\/\/assedel.org\/fr\/training-session-with-former-ecthr-judge-vincent-a-de-gaetano-from-malta\/\" target=\"_self\" rel=\"bookmark noopener noreferrer\">Lire la suite<\/a>\n\t\t\t<\/div>\n\t\t\t\n\t\t\t\t\t\t\t\t\t<\/article>\n\t\t\t\t\t\t\t\t\t\t\t\t\t\t\t\t<article class=\"uagb-post__inner-wrap\">\t\t\t\t\t\t\t\t<div class='uagb-post__image'>\n\t\t\t\t\t\t\t\t\t<a href=\"https:\/\/assedel.org\/fr\/gender-equality-climate-justice-and-womens-rights-a-conversation-with-mep-anna-strolenberg\/\" target=\"_self\" rel=\"bookmark noopener noreferrer\" class='uagb-image-ratio-inherit'><img loading=\"lazy\" decoding=\"async\" width=\"1024\" height=\"576\" src=\"https:\/\/assedel.org\/wp-content\/uploads\/2026\/03\/Horizontal-Cover-Pages-YouTube-Website-27-1024x576.png\" class=\"attachment-large size-large\" alt=\"\" srcset=\"https:\/\/assedel.org\/wp-content\/uploads\/2026\/03\/Horizontal-Cover-Pages-YouTube-Website-27-1024x576.png 1024w, https:\/\/assedel.org\/wp-content\/uploads\/2026\/03\/Horizontal-Cover-Pages-YouTube-Website-27-300x169.png 300w, https:\/\/assedel.org\/wp-content\/uploads\/2026\/03\/Horizontal-Cover-Pages-YouTube-Website-27-768x432.png 768w, https:\/\/assedel.org\/wp-content\/uploads\/2026\/03\/Horizontal-Cover-Pages-YouTube-Website-27-18x10.png 18w, https:\/\/assedel.org\/wp-content\/uploads\/2026\/03\/Horizontal-Cover-Pages-YouTube-Website-27-360x203.png 360w, https:\/\/assedel.org\/wp-content\/uploads\/2026\/03\/Horizontal-Cover-Pages-YouTube-Website-27.png 1280w\" sizes=\"auto, (max-width: 1024px) 100vw, 1024px\" \/>\t\t\t\t\t<\/a>\n\t\t\t\t\t\t\t<\/div>\n\t\t\t\t\t\t<h4 class=\"uagb-post__title uagb-post__text\">\n\t\t\t\t<a href=\"https:\/\/assedel.org\/fr\/gender-equality-climate-justice-and-womens-rights-a-conversation-with-mep-anna-strolenberg\/\" target=\"_self\" rel=\"bookmark noopener noreferrer\">\u00c9galit\u00e9 entre les sexes, justice climatique et droits des femmes : entretien avec la d\u00e9put\u00e9e europ\u00e9enne Anna Strolenberg<\/a>\n\t\t\t<\/h4>\n\t\t\t\t\t\t<div class='uagb-post__text uagb-post-grid-byline'>\n\t\t\t\t\t\t\t\t<time datetime=\"2026-03-19T12:53:39+00:00\" class=\"uagb-post__date\">\n\t\t\t\t<span class=\"dashicons-calendar dashicons\"><\/span>\t\t\t\t\tmars 19, 2026\t\t\t\t<\/time>\n\t\t\t\t\t\t<\/div>\n\t\t\t\t\t\t<div class=\"uagb-post__text uagb-post__cta wp-block-button\">\n\t\t\t\t<a class=\"wp-block-button__link uagb-text-link\" style=\"\" href=\"https:\/\/assedel.org\/fr\/gender-equality-climate-justice-and-womens-rights-a-conversation-with-mep-anna-strolenberg\/\" target=\"_self\" rel=\"bookmark noopener noreferrer\">Lire la suite<\/a>\n\t\t\t<\/div>\n\t\t\t\n\t\t\t\t\t\t\t\t\t<\/article>\n\t\t\t\t\t\t\t\t\t\t\t\t\t<div class=\"uagb-post-pagination-wrap\">\n\t\t\t\t\t\t<span aria-current=\"page\" class=\"page-numbers current\">1<\/span>\n<a class=\"page-numbers\" href=\"https:\/\/assedel.org\/fr\/wp-json\/wp\/v2\/pages\/5297\/page\/2\/\">2<\/a>\n<a class=\"page-numbers\" href=\"https:\/\/assedel.org\/fr\/wp-json\/wp\/v2\/pages\/5297\/page\/3\/\">3<\/a>\n<a class=\"page-numbers\" href=\"https:\/\/assedel.org\/fr\/wp-json\/wp\/v2\/pages\/5297\/page\/4\/\">4<\/a>\n<a class=\"page-numbers\" href=\"https:\/\/assedel.org\/fr\/wp-json\/wp\/v2\/pages\/5297\/page\/5\/\">5<\/a>\n<span class=\"page-numbers dots\">\u2026<\/span>\n<a class=\"page-numbers\" href=\"https:\/\/assedel.org\/fr\/wp-json\/wp\/v2\/pages\/5297\/page\/7\/\">7<\/a>\n<a class=\"page-numbers\" href=\"https:\/\/assedel.org\/fr\/wp-json\/wp\/v2\/pages\/5297\/page\/8\/\">8<\/a>\n<a class=\"page-numbers\" href=\"https:\/\/assedel.org\/fr\/wp-json\/wp\/v2\/pages\/5297\/page\/9\/\">9<\/a>\n<a class=\"page-numbers\" href=\"https:\/\/assedel.org\/fr\/wp-json\/wp\/v2\/pages\/5297\/page\/10\/\">10<\/a>\n<a class=\"next page-numbers\" href=\"https:\/\/assedel.org\/fr\/wp-json\/wp\/v2\/pages\/5297\/page\/2\/\">Next \u00bb<\/a>\t\t\t\t\t<\/div>\n\t\t\t\t\t\t\t\t<\/div>","protected":false},"excerpt":{"rendered":"","protected":false},"author":1,"featured_media":0,"parent":0,"menu_order":0,"comment_status":"closed","ping_status":"closed","template":"","meta":{"give_campaign_id":0,"_uag_custom_page_level_css":"","footnotes":""},"class_list":["post-5297","page","type-page","status-publish"],"campaignId":"","uagb_featured_image_src":{"full":false,"thumbnail":false,"medium":false,"medium_large":false,"large":false,"1536x1536":false,"2048x2048":false,"trp-custom-language-flag":false,"inhype-blog-thumb":false,"inhype-blog-thumb-grid":false,"inhype-blog-thumb-widget":false,"inhype-blog-thumb-masonry":false},"uagb_author_info":{"display_name":"assedel","author_link":"https:\/\/assedel.org\/fr\/author\/assedel\/"},"uagb_comment_info":0,"uagb_excerpt":null,"amp_enabled":true,"_links":{"self":[{"href":"https:\/\/assedel.org\/fr\/wp-json\/wp\/v2\/pages\/5297","targetHints":{"allow":["GET"]}}],"collection":[{"href":"https:\/\/assedel.org\/fr\/wp-json\/wp\/v2\/pages"}],"about":[{"href":"https:\/\/assedel.org\/fr\/wp-json\/wp\/v2\/types\/page"}],"author":[{"embeddable":true,"href":"https:\/\/assedel.org\/fr\/wp-json\/wp\/v2\/users\/1"}],"replies":[{"embeddable":true,"href":"https:\/\/assedel.org\/fr\/wp-json\/wp\/v2\/comments?post=5297"}],"version-history":[{"count":8,"href":"https:\/\/assedel.org\/fr\/wp-json\/wp\/v2\/pages\/5297\/revisions"}],"predecessor-version":[{"id":5309,"href":"https:\/\/assedel.org\/fr\/wp-json\/wp\/v2\/pages\/5297\/revisions\/5309"}],"wp:attachment":[{"href":"https:\/\/assedel.org\/fr\/wp-json\/wp\/v2\/media?parent=5297"}],"curies":[{"name":"wp","href":"https:\/\/api.w.org\/{rel}","templated":true}]}}