
{"id":5115,"date":"2019-12-24T13:19:46","date_gmt":"2019-12-24T13:19:46","guid":{"rendered":"https:\/\/wp.wp-preview.com\/inhype\/inhype-2\/?page_id=746"},"modified":"2019-12-24T13:19:46","modified_gmt":"2019-12-24T13:19:46","slug":"world","status":"publish","type":"page","link":"https:\/\/assedel.org\/fr\/world\/","title":{"rendered":"World"},"content":{"rendered":"<div class=\"shortcode-block\"><\/div><\/div><\/div><\/div>\n\n\n<div class=\"shortcode-block\"><\/div><\/div><\/div><\/div>\n\n\n<div class=\"shortcode-block\"><\/div><\/div><\/div><\/div>\n\n\n<div class=\"shortcode-block\"><div class=\"inhype-postsgrid9-block-wrapper inhype-postsgrid9-block-wrapper-24784 inhype-block\"><div class=\"container container-title\"><div class=\"row\"><div class=\"inhype-block-title\"><h3>Recommended posts<\/h3><h4>From all categories<\/h4><\/div><\/div><\/div><div class=\"container container-content\"><div class=\"row\"><div class=\"col-md-3\"><div class=\"inhype-grid-post inhype-grid-short-post inhype-post format-standard\" data-aos=\"fade-up\"><div class=\"inhype-post-image-wrapper\"><a href=\"https:\/\/assedel.org\/fr\/culture-social-justice-and-youth-participation-a-talk-with-italian-mp-valentina-grippo\/\"><div class=\"inhype-post-image\" data-style=\"background-image: url(https:\/\/assedel.org\/wp-content\/uploads\/2026\/05\/Horizontal-Cover-Pages-YouTube-Website-63-555x360.png);\"><\/div><\/a><\/div><div class=\"inhype-post-details\">\n    <div class=\"post-categories\"><a href=\"https:\/\/assedel.org\/fr\/category\/actualites-fr\/\"><span class=\"cat-dot\"><\/span><span class=\"cat-title\">Actualit\u00e9s<\/span><\/a><a href=\"https:\/\/assedel.org\/fr\/category\/actualites-fr\/entretiens\/\"><span class=\"cat-dot\" data-style=\"background-color: #000000;\"><\/span><span class=\"cat-title\">Entretiens<\/span><\/a><a href=\"https:\/\/assedel.org\/fr\/category\/news-eng\/interviews\/\"><span class=\"cat-dot\" data-style=\"background-color: #000000;\"><\/span><span class=\"cat-title\">Interviews<\/span><\/a><a href=\"https:\/\/assedel.org\/fr\/category\/news-eng\/\"><span class=\"cat-dot\"><\/span><span class=\"cat-title\">Actualit\u00e9s<\/span><\/a><a href=\"https:\/\/assedel.org\/fr\/category\/uncategorized-eng\/\"><span class=\"cat-dot\"><\/span><span class=\"cat-title\">Uncategorized<\/span><\/a><\/div>\n    <h3 class=\"post-title entry-title\"><a href=\"https:\/\/assedel.org\/fr\/culture-social-justice-and-youth-participation-a-talk-with-italian-mp-valentina-grippo\/\">Culture, Social Justice and Youth Participation: A Talk with Italian MP Valentina Grippo<\/a><\/h3><div class=\"post-date\"><time class=\"entry-date published updated\" datetime=\"2026-05-06T12:35:15+00:00\">mai 6, 2026<\/time><\/div>\n<\/div><\/div>\n<\/div><div class=\"col-md-3\"><div class=\"inhype-grid-post inhype-grid-short-post inhype-post format-standard\" data-aos=\"fade-up\"><div class=\"inhype-post-image-wrapper\"><a href=\"https:\/\/assedel.org\/fr\/a-training-session-with-marta-becerra-can-civil-participation-rebuild-trust-in-european-democracy\/\"><div class=\"inhype-post-image\" data-style=\"background-image: url(https:\/\/assedel.org\/wp-content\/uploads\/2026\/05\/Horizontal-Cover-Pages-YouTube-Website-1-555x360.png);\"><\/div><\/a><\/div><div class=\"inhype-post-details\">\n    <div class=\"post-categories\"><a href=\"https:\/\/assedel.org\/fr\/category\/actualites-fr\/\"><span class=\"cat-dot\"><\/span><span class=\"cat-title\">Actualit\u00e9s<\/span><\/a><a href=\"https:\/\/assedel.org\/fr\/category\/news-eng\/\"><span class=\"cat-dot\"><\/span><span class=\"cat-title\">Actualit\u00e9s<\/span><\/a><a href=\"https:\/\/assedel.org\/fr\/category\/news-eng\/roundtable-discussion\/\"><span class=\"cat-dot\" data-style=\"background-color: #000000;\"><\/span><span class=\"cat-title\">Roundtable Discussion<\/span><\/a><a href=\"https:\/\/assedel.org\/fr\/category\/actualites-fr\/tables-rondes\/\"><span class=\"cat-dot\" data-style=\"background-color: #000000;\"><\/span><span class=\"cat-title\">Tables rondes<\/span><\/a><\/div>\n    <h3 class=\"post-title entry-title\"><a href=\"https:\/\/assedel.org\/fr\/a-training-session-with-marta-becerra-can-civil-participation-rebuild-trust-in-european-democracy\/\">Une session de formation avec Marta Becerra : la participation citoyenne peut-elle r\u00e9tablir la confiance dans la d\u00e9mocratie europ\u00e9enne?<\/a><\/h3><div class=\"post-date\"><time class=\"entry-date published updated\" datetime=\"2026-05-05T10:04:41+00:00\">mai 5, 2026<\/time><\/div>\n<\/div><\/div>\n<\/div><div class=\"col-md-3\"><div class=\"inhype-grid-post inhype-grid-short-post inhype-post format-standard\" data-aos=\"fade-up\"><div class=\"inhype-post-image-wrapper\"><a href=\"https:\/\/assedel.org\/fr\/labour-precariousness-and-the-future-of-italys-art-workers\/\"><div class=\"inhype-post-image\" data-style=\"background-image: url(https:\/\/assedel.org\/wp-content\/uploads\/2026\/04\/Horizontal-Cover-Pages-YouTube-Website-1-555x360.png);\"><\/div><\/a><\/div><div class=\"inhype-post-details\">\n    <div class=\"post-categories\"><a href=\"https:\/\/assedel.org\/fr\/category\/opinion-eng\/\"><span class=\"cat-dot\"><\/span><span class=\"cat-title\">Opinion<\/span><\/a><a href=\"https:\/\/assedel.org\/fr\/category\/opinionfr\/\"><span class=\"cat-dot\" data-style=\"background-color: #000000;\"><\/span><span class=\"cat-title\">Opinion<\/span><\/a><\/div>\n    <h3 class=\"post-title entry-title\"><a href=\"https:\/\/assedel.org\/fr\/labour-precariousness-and-the-future-of-italys-art-workers\/\">Travail, pr\u00e9carit\u00e9 et avenir des travailleurs de l'art en Italie<\/a><\/h3><div class=\"post-date\"><time class=\"entry-date published updated\" datetime=\"2026-04-30T14:10:38+00:00\">avril 30, 2026<\/time><\/div>\n<\/div><\/div>\n<\/div><div class=\"col-md-3\"><div class=\"inhype-grid-post inhype-grid-short-post inhype-post format-standard\" data-aos=\"fade-up\"><div class=\"inhype-post-image-wrapper\"><a href=\"https:\/\/assedel.org\/fr\/gender-equality-in-times-of-crisis-a-conversation-with-mep-maria-noichl\/\"><div class=\"inhype-post-image\" data-style=\"background-image: url(https:\/\/assedel.org\/wp-content\/uploads\/2026\/04\/Horizontal-Cover-Pages-YouTube-Website-59-1-555x360.png);\"><\/div><\/a><\/div><div class=\"inhype-post-details\">\n    <div class=\"post-categories\"><a href=\"https:\/\/assedel.org\/fr\/category\/actualites-fr\/\"><span class=\"cat-dot\"><\/span><span class=\"cat-title\">Actualit\u00e9s<\/span><\/a><a href=\"https:\/\/assedel.org\/fr\/category\/actualites-fr\/entretiens\/\"><span class=\"cat-dot\" data-style=\"background-color: #000000;\"><\/span><span class=\"cat-title\">Entretiens<\/span><\/a><a href=\"https:\/\/assedel.org\/fr\/category\/news-eng\/interviews\/\"><span class=\"cat-dot\" data-style=\"background-color: #000000;\"><\/span><span class=\"cat-title\">Interviews<\/span><\/a><a href=\"https:\/\/assedel.org\/fr\/category\/news-eng\/\"><span class=\"cat-dot\"><\/span><span class=\"cat-title\">Actualit\u00e9s<\/span><\/a><a href=\"https:\/\/assedel.org\/fr\/category\/uncategorized-eng\/\"><span class=\"cat-dot\"><\/span><span class=\"cat-title\">Uncategorized<\/span><\/a><\/div>\n    <h3 class=\"post-title entry-title\"><a href=\"https:\/\/assedel.org\/fr\/gender-equality-in-times-of-crisis-a-conversation-with-mep-maria-noichl\/\">Gender Equality in Times of Crisis: A Conversation with MEP Maria Noichl<\/a><\/h3><div class=\"post-date\"><time class=\"entry-date published updated\" datetime=\"2026-04-23T10:31:36+00:00\">avril 23, 2026<\/time><\/div>\n<\/div><\/div>\n<\/div><div class=\"col-md-3\"><div class=\"inhype-grid-post inhype-grid-short-post inhype-post format-standard\" data-aos=\"fade-up\"><div class=\"inhype-post-image-wrapper\"><a href=\"https:\/\/assedel.org\/fr\/15-years-of-the-istanbul-convention-renewing-our-commitment-to-womens-rights\/\"><div class=\"inhype-post-image\" data-style=\"background-image: url(https:\/\/assedel.org\/wp-content\/uploads\/2026\/04\/Horizontal-Cover-Pages-YouTube-Website-56-555x360.png);\"><\/div><\/a><\/div><div class=\"inhype-post-details\">\n    <div class=\"post-categories\"><a href=\"https:\/\/assedel.org\/fr\/category\/actualites-fr\/\"><span class=\"cat-dot\"><\/span><span class=\"cat-title\">Actualit\u00e9s<\/span><\/a><a href=\"https:\/\/assedel.org\/fr\/category\/actualites-fr\/evenements\/\"><span class=\"cat-dot\" data-style=\"background-color: #000000;\"><\/span><span class=\"cat-title\">\u00c9v\u00e9nements<\/span><\/a><a href=\"https:\/\/assedel.org\/fr\/category\/news-eng\/events\/\"><span class=\"cat-dot\" data-style=\"background-color: #000000;\"><\/span><span class=\"cat-title\">Events<\/span><\/a><a href=\"https:\/\/assedel.org\/fr\/category\/news-eng\/\"><span class=\"cat-dot\"><\/span><span class=\"cat-title\">Actualit\u00e9s<\/span><\/a><\/div>\n    <h3 class=\"post-title entry-title\"><a href=\"https:\/\/assedel.org\/fr\/15-years-of-the-istanbul-convention-renewing-our-commitment-to-womens-rights\/\">15 ans de la Convention d'Istanbul : renouveler notre engagement en faveur des droits des femmes<\/a><\/h3><div class=\"post-date\"><time class=\"entry-date published updated\" datetime=\"2026-04-22T10:41:50+00:00\">avril 22, 2026<\/time><\/div>\n<\/div><\/div>\n<\/div><div class=\"col-md-3\"><div class=\"inhype-grid-post inhype-grid-short-post inhype-post format-standard\" data-aos=\"fade-up\"><div class=\"inhype-post-image-wrapper\"><a href=\"https:\/\/assedel.org\/fr\/equality-democracy-and-lgbtq-rights-a-conversation-with-marc-angel\/\"><div class=\"inhype-post-image\" data-style=\"background-image: url(https:\/\/assedel.org\/wp-content\/uploads\/2026\/04\/Horizontal-Cover-Pages-YouTube-Website-2-555x360.jpg);\"><\/div><\/a><\/div><div class=\"inhype-post-details\">\n    <div class=\"post-categories\"><a href=\"https:\/\/assedel.org\/fr\/category\/actualites-fr\/\"><span class=\"cat-dot\"><\/span><span class=\"cat-title\">Actualit\u00e9s<\/span><\/a><a href=\"https:\/\/assedel.org\/fr\/category\/actualites-fr\/entretiens\/\"><span class=\"cat-dot\" data-style=\"background-color: #000000;\"><\/span><span class=\"cat-title\">Entretiens<\/span><\/a><a href=\"https:\/\/assedel.org\/fr\/category\/news-eng\/interviews\/\"><span class=\"cat-dot\" data-style=\"background-color: #000000;\"><\/span><span class=\"cat-title\">Interviews<\/span><\/a><a href=\"https:\/\/assedel.org\/fr\/category\/news-eng\/\"><span class=\"cat-dot\"><\/span><span class=\"cat-title\">Actualit\u00e9s<\/span><\/a><\/div>\n    <h3 class=\"post-title entry-title\"><a href=\"https:\/\/assedel.org\/fr\/equality-democracy-and-lgbtq-rights-a-conversation-with-marc-angel\/\">\u00c9galit\u00e9, d\u00e9mocratie et droits LGBTQ+ : entretien avec Marc Angel<\/a><\/h3><div class=\"post-date\"><time class=\"entry-date published updated\" datetime=\"2026-04-20T12:21:46+00:00\">avril 20, 2026<\/time><\/div>\n<\/div><\/div>\n<\/div><div class=\"col-md-3\"><div class=\"inhype-grid-post inhype-grid-short-post inhype-post format-standard\" data-aos=\"fade-up\"><div class=\"inhype-post-image-wrapper\"><a href=\"https:\/\/assedel.org\/fr\/council-of-europe-and-the-protection-of-democracy-a-talk-with-stewart-dickson-about-the-danger-of-the-protection-gap-for-local-and-regional-elections\/\"><div class=\"inhype-post-image\" data-style=\"background-image: url(https:\/\/assedel.org\/wp-content\/uploads\/2026\/04\/Horizontal-Cover-Pages-YouTube-Website-50-555x360.png);\"><\/div><\/a><\/div><div class=\"inhype-post-details\">\n    <div class=\"post-categories\"><a href=\"https:\/\/assedel.org\/fr\/category\/actualites-fr\/\"><span class=\"cat-dot\"><\/span><span class=\"cat-title\">Actualit\u00e9s<\/span><\/a><a href=\"https:\/\/assedel.org\/fr\/category\/actualites-fr\/entretiens\/\"><span class=\"cat-dot\" data-style=\"background-color: #000000;\"><\/span><span class=\"cat-title\">Entretiens<\/span><\/a><a href=\"https:\/\/assedel.org\/fr\/category\/news-eng\/interviews\/\"><span class=\"cat-dot\" data-style=\"background-color: #000000;\"><\/span><span class=\"cat-title\">Interviews<\/span><\/a><a href=\"https:\/\/assedel.org\/fr\/category\/news-eng\/\"><span class=\"cat-dot\"><\/span><span class=\"cat-title\">Actualit\u00e9s<\/span><\/a><\/div>\n    <h3 class=\"post-title entry-title\"><a href=\"https:\/\/assedel.org\/fr\/council-of-europe-and-the-protection-of-democracy-a-talk-with-stewart-dickson-about-the-danger-of-the-protection-gap-for-local-and-regional-elections\/\">Le Conseil de l'Europe et la protection de la d\u00e9mocratie: entretien avec Stewart Dickson sur le risque li\u00e9 au manque de protection dans le cadre des \u00e9lections locales et r\u00e9gionales<\/a><\/h3><div class=\"post-date\"><time class=\"entry-date published updated\" datetime=\"2026-04-15T10:22:14+00:00\">avril 15, 2026<\/time><\/div>\n<\/div><\/div>\n<\/div><div class=\"col-md-3\"><div class=\"inhype-grid-post inhype-grid-short-post inhype-post format-standard\" data-aos=\"fade-up\"><div class=\"inhype-post-image-wrapper\"><a href=\"https:\/\/assedel.org\/fr\/training-session-with-former-ecthr-judge-vincent-a-de-gaetano-from-malta\/\"><div class=\"inhype-post-image\" data-style=\"background-image: url(https:\/\/assedel.org\/wp-content\/uploads\/2026\/04\/Horizontal-Cover-Pages-YouTube-Website-46-555x360.png);\"><\/div><\/a><\/div><div class=\"inhype-post-details\">\n    <div class=\"post-categories\"><a href=\"https:\/\/assedel.org\/fr\/category\/news-eng\/roundtable-discussion\/\"><span class=\"cat-dot\" data-style=\"background-color: #000000;\"><\/span><span class=\"cat-title\">Roundtable Discussion<\/span><\/a><a href=\"https:\/\/assedel.org\/fr\/category\/actualites-fr\/tables-rondes\/\"><span class=\"cat-dot\" data-style=\"background-color: #000000;\"><\/span><span class=\"cat-title\">Tables rondes<\/span><\/a><\/div>\n    <h3 class=\"post-title entry-title\"><a href=\"https:\/\/assedel.org\/fr\/training-session-with-former-ecthr-judge-vincent-a-de-gaetano-from-malta\/\">Training Session with Former ECtHR Judge Vincent A. De Gaetano from Malta<\/a><\/h3><div class=\"post-date\"><time class=\"entry-date published updated\" datetime=\"2026-04-07T10:21:43+00:00\">avril 7, 2026<\/time><\/div>\n<\/div><\/div>\n<\/div><\/div><\/div><\/div><\/div>","protected":false},"excerpt":{"rendered":"","protected":false},"author":1,"featured_media":0,"parent":0,"menu_order":0,"comment_status":"closed","ping_status":"closed","template":"","meta":{"give_campaign_id":0,"_uag_custom_page_level_css":"","footnotes":""},"class_list":["post-5115","page","type-page","status-publish"],"campaignId":"","uagb_featured_image_src":{"full":false,"thumbnail":false,"medium":false,"medium_large":false,"large":false,"1536x1536":false,"2048x2048":false,"trp-custom-language-flag":false,"inhype-blog-thumb":false,"inhype-blog-thumb-grid":false,"inhype-blog-thumb-widget":false,"inhype-blog-thumb-masonry":false},"uagb_author_info":{"display_name":"assedel","author_link":"https:\/\/assedel.org\/fr\/author\/assedel\/"},"uagb_comment_info":0,"uagb_excerpt":null,"amp_enabled":true,"_links":{"self":[{"href":"https:\/\/assedel.org\/fr\/wp-json\/wp\/v2\/pages\/5115","targetHints":{"allow":["GET"]}}],"collection":[{"href":"https:\/\/assedel.org\/fr\/wp-json\/wp\/v2\/pages"}],"about":[{"href":"https:\/\/assedel.org\/fr\/wp-json\/wp\/v2\/types\/page"}],"author":[{"embeddable":true,"href":"https:\/\/assedel.org\/fr\/wp-json\/wp\/v2\/users\/1"}],"replies":[{"embeddable":true,"href":"https:\/\/assedel.org\/fr\/wp-json\/wp\/v2\/comments?post=5115"}],"version-history":[{"count":0,"href":"https:\/\/assedel.org\/fr\/wp-json\/wp\/v2\/pages\/5115\/revisions"}],"wp:attachment":[{"href":"https:\/\/assedel.org\/fr\/wp-json\/wp\/v2\/media?parent=5115"}],"curies":[{"name":"wp","href":"https:\/\/api.w.org\/{rel}","templated":true}]}}