
{"id":149,"date":"2014-02-08T21:39:19","date_gmt":"2014-02-08T21:39:19","guid":{"rendered":"http:\/\/charity.skat.tf\/?page_id=149"},"modified":"2024-03-30T16:37:23","modified_gmt":"2024-03-30T16:37:23","slug":"about-us","status":"publish","type":"page","link":"https:\/\/assedel.org\/fr\/about-us\/","title":{"rendered":"\u00c0 propos de l\u2019ASSEDEL"},"content":{"rendered":"<div class=\"wp-block-columns is-layout-flex wp-container-core-columns-is-layout-9d6595d7 wp-block-columns-is-layout-flex\">\n<div class=\"wp-block-column is-layout-flow wp-block-column-is-layout-flow\">\n<p class=\"has-black-color has-text-color\">ASSEDEL (L'Association europ\u00e9enne pour la d\u00e9fense des droits et des libert\u00e9s) est une organisation \u00e0 but non lucratif r\u00e9gie par ses statuts, conform\u00e9ment aux articles 21 \u00e0 79-III du Code civil local d'Alsace Moselle relatifs aux associations.<\/p>\n\n\n\n<p class=\"has-black-color has-text-color\">Son objectif est de diffuser, promouvoir et d\u00e9fendre les droits de l'homme et les libert\u00e9s fondamentales dans l'esprit de la Convention europ\u00e9enne des droits de l'homme, tant au sein du syst\u00e8me du Conseil de l'Europe qu'aux niveaux local, national et international.<\/p>\n\n\n\n<p class=\"has-black-color has-text-color\">L'organisation guide et soutient les victimes de violations des droits de l'homme.&nbsp;<\/p>\n\n\n\n<p class=\"has-black-color has-text-color\">Notre association travaille avec des partenaires locaux et internationaux, soumet des rapports \u00e0 des organisations mondiales, informe le public et publie des articles d'opinion sur les violations des droits de l'homme et des questions humanitaires telles que l'immigration, les droits des femmes, la discrimination, les nouvelles technologies, l'environnement, les droits de l'enfant, l'\u00e9ducation, la libert\u00e9 d'expression, l'\u00c9tat de droit et la d\u00e9mocratie.<\/p>\n\n\n\n<p>ASSEDEL est une association europ\u00e9enne qui a \u00e9t\u00e9 officiellement reconnue et enregistr\u00e9e par le Parlement europ\u00e9en sous le num\u00e9ro d'identification TR 417036145445-39.<\/p>\n\n\n\n<p>ASSEDEL a obtenu le statut d'organisme d'int\u00e9r\u00eat g\u00e9n\u00e9ral en France, ce qui lui permet de d\u00e9livrer des re\u00e7us fiscaux \u00e0 ses donateurs et membres afin qu'ils puissent b\u00e9n\u00e9ficier d'une r\u00e9duction d'imp\u00f4t.<\/p>\n\n\n\n<p>ASSEDEL a \u00e9t\u00e9 accredit\u00e9 pour accueillir des volontaires dans le cadre du Service Civique, un engagement volontaire dans une mission d'int\u00e9r\u00eat public ouvert aux jeunes de 16 \u00e0 25 ans pour une dur\u00e9e de 8 mois.<\/p>\n\n\n\n<p class=\"has-black-color has-text-color\"><\/p>\n<\/div>\n\n\n\n<div class=\"wp-block-column is-layout-flow wp-block-column-is-layout-flow\"><div class=\"wp-block-image\">\n<figure class=\"alignright size-large\"><img loading=\"lazy\" decoding=\"async\" width=\"819\" height=\"1024\" src=\"https:\/\/assedel.org\/wp-content\/uploads\/2021\/10\/Copie-de-Copy-of-ASSEDEL-launches-400-x-500-px-1000-x-1250-px-819x1024.png\" alt=\"\" class=\"wp-image-2357\" style=\"aspect-ratio:9\/16;object-fit:cover\" srcset=\"https:\/\/assedel.org\/wp-content\/uploads\/2021\/10\/Copie-de-Copy-of-ASSEDEL-launches-400-x-500-px-1000-x-1250-px-819x1024.png 819w, https:\/\/assedel.org\/wp-content\/uploads\/2021\/10\/Copie-de-Copy-of-ASSEDEL-launches-400-x-500-px-1000-x-1250-px-240x300.png 240w, https:\/\/assedel.org\/wp-content\/uploads\/2021\/10\/Copie-de-Copy-of-ASSEDEL-launches-400-x-500-px-1000-x-1250-px-768x960.png 768w, https:\/\/assedel.org\/wp-content\/uploads\/2021\/10\/Copie-de-Copy-of-ASSEDEL-launches-400-x-500-px-1000-x-1250-px-360x450.png 360w, https:\/\/assedel.org\/wp-content\/uploads\/2021\/10\/Copie-de-Copy-of-ASSEDEL-launches-400-x-500-px-1000-x-1250-px.png 1000w\" sizes=\"auto, (max-width: 819px) 100vw, 819px\" \/><\/figure><\/div><\/div>\n<\/div>\n\n\n\n<div class=\"wp-block-buttons is-layout-flex wp-block-buttons-is-layout-flex\">\n<div class=\"wp-block-button\"><a class=\"wp-block-button__link wp-element-button\" href=\"https:\/\/assedel.org\/fr\/team-members-2\/\">NOTRE \u00c9QUIPE<\/a><\/div>\n<\/div>\n\n\n\n<p><\/p>\n\n\n\n<div class=\"wp-block-buttons is-layout-flex wp-block-buttons-is-layout-flex\">\n<div class=\"wp-block-button\"><a class=\"wp-block-button__link wp-element-button\" href=\"https:\/\/assedel.org\/fr\/financial-transparency\/\">TRANSPARENCE FINANCI\u00c8RE<\/a><\/div>\n<\/div>\n\n\n\n<p><\/p>\n\n\n\n<div class=\"wp-block-buttons is-layout-flex wp-block-buttons-is-layout-flex\">\n<div class=\"wp-block-button\"><a class=\"wp-block-button__link wp-element-button\" href=\"https:\/\/assedel.org\/fr\/how-to-support-us\/\">COMMENT NOUS SOUTENIR ?<\/a><\/div>\n<\/div>","protected":false},"excerpt":{"rendered":"<p>ASSEDEL (L\u2019Association europ\u00e9enne pour la d\u00e9fense des droits et des libert\u00e9s) is a non-profit organisation, governed by its statutes, in accordance with&#8230;<\/p>","protected":false},"author":1,"featured_media":0,"parent":0,"menu_order":0,"comment_status":"closed","ping_status":"closed","template":"","meta":{"give_campaign_id":0,"_uag_custom_page_level_css":"","footnotes":""},"class_list":["post-149","page","type-page","status-publish"],"campaignId":"","uagb_featured_image_src":{"full":false,"thumbnail":false,"medium":false,"medium_large":false,"large":false,"1536x1536":false,"2048x2048":false,"trp-custom-language-flag":false,"inhype-blog-thumb":false,"inhype-blog-thumb-grid":false,"inhype-blog-thumb-widget":false,"inhype-blog-thumb-masonry":false},"uagb_author_info":{"display_name":"assedel","author_link":"https:\/\/assedel.org\/fr\/author\/assedel\/"},"uagb_comment_info":0,"uagb_excerpt":"ASSEDEL (L\u2019Association europ\u00e9enne pour la d\u00e9fense des droits et des libert\u00e9s) is a non-profit organisation, governed by its statutes, in accordance with...","amp_enabled":true,"_links":{"self":[{"href":"https:\/\/assedel.org\/fr\/wp-json\/wp\/v2\/pages\/149","targetHints":{"allow":["GET"]}}],"collection":[{"href":"https:\/\/assedel.org\/fr\/wp-json\/wp\/v2\/pages"}],"about":[{"href":"https:\/\/assedel.org\/fr\/wp-json\/wp\/v2\/types\/page"}],"author":[{"embeddable":true,"href":"https:\/\/assedel.org\/fr\/wp-json\/wp\/v2\/users\/1"}],"replies":[{"embeddable":true,"href":"https:\/\/assedel.org\/fr\/wp-json\/wp\/v2\/comments?post=149"}],"version-history":[{"count":35,"href":"https:\/\/assedel.org\/fr\/wp-json\/wp\/v2\/pages\/149\/revisions"}],"predecessor-version":[{"id":4553,"href":"https:\/\/assedel.org\/fr\/wp-json\/wp\/v2\/pages\/149\/revisions\/4553"}],"wp:attachment":[{"href":"https:\/\/assedel.org\/fr\/wp-json\/wp\/v2\/media?parent=149"}],"curies":[{"name":"wp","href":"https:\/\/api.w.org\/{rel}","templated":true}]}}