
{"id":1232,"date":"2021-03-04T20:18:24","date_gmt":"2021-03-04T20:18:24","guid":{"rendered":"https:\/\/assedel.org\/main-francais\/"},"modified":"2023-01-21T21:05:21","modified_gmt":"2023-01-21T21:05:21","slug":"main-francais","status":"publish","type":"page","link":"https:\/\/assedel.org\/fr\/main-francais\/","title":{"rendered":"Accueil"},"content":{"rendered":"<div class=\"wp-block-columns is-layout-flex wp-container-core-columns-is-layout-9d6595d7 wp-block-columns-is-layout-flex\">\n<div class=\"wp-block-column is-layout-flow wp-block-column-is-layout-flow\" style=\"flex-basis:66.66%\">\n<h2 class=\"has-huge-font-size wp-block-heading\"><a href=\"https:\/\/assedel.org\/fr\/category\/actualites\/\">ACTUALITES<\/a><\/h2>\n\n\n<ul class=\"wp-block-latest-posts__list is-grid columns-3 wp-block-latest-posts\"><\/ul>\n\n\n<h2 class=\"has-huge-font-size wp-block-heading\"><a href=\"https:\/\/assedel.org\/fr\/category\/opinion\/\">OPINION<\/a><\/h2>\n\n\n<ul class=\"wp-block-latest-posts__list is-grid columns-3 wp-block-latest-posts\"><li><div class=\"wp-block-latest-posts__featured-image\"><img loading=\"lazy\" decoding=\"async\" width=\"300\" height=\"169\" src=\"https:\/\/assedel.org\/wp-content\/uploads\/2026\/03\/Horizontal-Cover-Pages-YouTube-Website-39-300x169.png\" class=\"attachment-medium size-medium wp-post-image\" alt=\"\" style=\"\" srcset=\"https:\/\/assedel.org\/wp-content\/uploads\/2026\/03\/Horizontal-Cover-Pages-YouTube-Website-39-300x169.png 300w, https:\/\/assedel.org\/wp-content\/uploads\/2026\/03\/Horizontal-Cover-Pages-YouTube-Website-39-1024x576.png 1024w, https:\/\/assedel.org\/wp-content\/uploads\/2026\/03\/Horizontal-Cover-Pages-YouTube-Website-39-768x432.png 768w, https:\/\/assedel.org\/wp-content\/uploads\/2026\/03\/Horizontal-Cover-Pages-YouTube-Website-39-18x10.png 18w, https:\/\/assedel.org\/wp-content\/uploads\/2026\/03\/Horizontal-Cover-Pages-YouTube-Website-39-360x203.png 360w, https:\/\/assedel.org\/wp-content\/uploads\/2026\/03\/Horizontal-Cover-Pages-YouTube-Website-39.png 1280w\" sizes=\"auto, (max-width: 300px) 100vw, 300px\" \/><\/div><a class=\"wp-block-latest-posts__post-title\" href=\"https:\/\/assedel.org\/fr\/safeguarding-womens-rights-why-the-istanbul-convention-still-matters\/\">La protection des droits des femmes\u00a0: pourquoi la Convention d\u2019Istanbul reste importante\u00a0<\/a><\/li>\n<li><div class=\"wp-block-latest-posts__featured-image\"><img loading=\"lazy\" decoding=\"async\" width=\"300\" height=\"169\" src=\"https:\/\/assedel.org\/wp-content\/uploads\/2026\/03\/Horizontal-Cover-Pages-YouTube-Website-30-300x169.png\" class=\"attachment-medium size-medium wp-post-image\" alt=\"\" style=\"\" srcset=\"https:\/\/assedel.org\/wp-content\/uploads\/2026\/03\/Horizontal-Cover-Pages-YouTube-Website-30-300x169.png 300w, https:\/\/assedel.org\/wp-content\/uploads\/2026\/03\/Horizontal-Cover-Pages-YouTube-Website-30-1024x576.png 1024w, https:\/\/assedel.org\/wp-content\/uploads\/2026\/03\/Horizontal-Cover-Pages-YouTube-Website-30-768x432.png 768w, https:\/\/assedel.org\/wp-content\/uploads\/2026\/03\/Horizontal-Cover-Pages-YouTube-Website-30-18x10.png 18w, https:\/\/assedel.org\/wp-content\/uploads\/2026\/03\/Horizontal-Cover-Pages-YouTube-Website-30-360x203.png 360w, https:\/\/assedel.org\/wp-content\/uploads\/2026\/03\/Horizontal-Cover-Pages-YouTube-Website-30.png 1280w\" sizes=\"auto, (max-width: 300px) 100vw, 300px\" \/><\/div><a class=\"wp-block-latest-posts__post-title\" href=\"https:\/\/assedel.org\/fr\/externalising-borders-the-eu-migration-approach\/\">L'externalisation des fronti\u00e8res: l'approche de l'UE en mati\u00e8re de migration<\/a><\/li>\n<li><div class=\"wp-block-latest-posts__featured-image\"><img loading=\"lazy\" decoding=\"async\" width=\"300\" height=\"169\" src=\"https:\/\/assedel.org\/wp-content\/uploads\/2026\/03\/Horizontal-Cover-Pages-YouTube-Website-11-300x169.png\" class=\"attachment-medium size-medium wp-post-image\" alt=\"\" style=\"\" srcset=\"https:\/\/assedel.org\/wp-content\/uploads\/2026\/03\/Horizontal-Cover-Pages-YouTube-Website-11-300x169.png 300w, https:\/\/assedel.org\/wp-content\/uploads\/2026\/03\/Horizontal-Cover-Pages-YouTube-Website-11-1024x576.png 1024w, https:\/\/assedel.org\/wp-content\/uploads\/2026\/03\/Horizontal-Cover-Pages-YouTube-Website-11-768x432.png 768w, https:\/\/assedel.org\/wp-content\/uploads\/2026\/03\/Horizontal-Cover-Pages-YouTube-Website-11-18x10.png 18w, https:\/\/assedel.org\/wp-content\/uploads\/2026\/03\/Horizontal-Cover-Pages-YouTube-Website-11-360x203.png 360w, https:\/\/assedel.org\/wp-content\/uploads\/2026\/03\/Horizontal-Cover-Pages-YouTube-Website-11.png 1280w\" sizes=\"auto, (max-width: 300px) 100vw, 300px\" \/><\/div><a class=\"wp-block-latest-posts__post-title\" href=\"https:\/\/assedel.org\/fr\/the-climate-crisis-and-its-unequal-impact-on-womens-rights\/\">La crise climatique et son impact in\u00e9gal sur les droits des femmes\u00a0<\/a><\/li>\n<li><div class=\"wp-block-latest-posts__featured-image\"><img loading=\"lazy\" decoding=\"async\" width=\"300\" height=\"169\" src=\"https:\/\/assedel.org\/wp-content\/uploads\/2026\/03\/Horizontal-Cover-Pages-YouTube-Website-24-300x169.png\" class=\"attachment-medium size-medium wp-post-image\" alt=\"\" style=\"\" srcset=\"https:\/\/assedel.org\/wp-content\/uploads\/2026\/03\/Horizontal-Cover-Pages-YouTube-Website-24-300x169.png 300w, https:\/\/assedel.org\/wp-content\/uploads\/2026\/03\/Horizontal-Cover-Pages-YouTube-Website-24-1024x576.png 1024w, https:\/\/assedel.org\/wp-content\/uploads\/2026\/03\/Horizontal-Cover-Pages-YouTube-Website-24-768x432.png 768w, https:\/\/assedel.org\/wp-content\/uploads\/2026\/03\/Horizontal-Cover-Pages-YouTube-Website-24-18x10.png 18w, https:\/\/assedel.org\/wp-content\/uploads\/2026\/03\/Horizontal-Cover-Pages-YouTube-Website-24-360x203.png 360w, https:\/\/assedel.org\/wp-content\/uploads\/2026\/03\/Horizontal-Cover-Pages-YouTube-Website-24.png 1280w\" sizes=\"auto, (max-width: 300px) 100vw, 300px\" \/><\/div><a class=\"wp-block-latest-posts__post-title\" href=\"https:\/\/assedel.org\/fr\/sexual-violence-as-a-weapon-of-war-the-hidden-costs-of-armed-conflicts\/\">La violence sexuelle comme arme de guerre : les co\u00fbts cach\u00e9s des conflits arm\u00e9s<\/a><\/li>\n<li><div class=\"wp-block-latest-posts__featured-image\"><img loading=\"lazy\" decoding=\"async\" width=\"300\" height=\"169\" src=\"https:\/\/assedel.org\/wp-content\/uploads\/2026\/03\/Horizontal-Cover-Pages-YouTube-Website-19-300x169.png\" class=\"attachment-medium size-medium wp-post-image\" alt=\"\" style=\"\" srcset=\"https:\/\/assedel.org\/wp-content\/uploads\/2026\/03\/Horizontal-Cover-Pages-YouTube-Website-19-300x169.png 300w, https:\/\/assedel.org\/wp-content\/uploads\/2026\/03\/Horizontal-Cover-Pages-YouTube-Website-19-1024x576.png 1024w, https:\/\/assedel.org\/wp-content\/uploads\/2026\/03\/Horizontal-Cover-Pages-YouTube-Website-19-768x432.png 768w, https:\/\/assedel.org\/wp-content\/uploads\/2026\/03\/Horizontal-Cover-Pages-YouTube-Website-19-18x10.png 18w, https:\/\/assedel.org\/wp-content\/uploads\/2026\/03\/Horizontal-Cover-Pages-YouTube-Website-19-360x203.png 360w, https:\/\/assedel.org\/wp-content\/uploads\/2026\/03\/Horizontal-Cover-Pages-YouTube-Website-19.png 1280w\" sizes=\"auto, (max-width: 300px) 100vw, 300px\" \/><\/div><a class=\"wp-block-latest-posts__post-title\" href=\"https:\/\/assedel.org\/fr\/abortion-in-the-eu-a-widely-recognised-right-with-unequal-access\/\">L'avortement dans l'Union europ\u00e9enne : un droit largement reconnu, mais dont l'acc\u00e8s est in\u00e9gal<\/a><\/li>\n<li><div class=\"wp-block-latest-posts__featured-image\"><img loading=\"lazy\" decoding=\"async\" width=\"300\" height=\"152\" src=\"https:\/\/assedel.org\/wp-content\/uploads\/2025\/06\/WEBPAGE-COVER-TO-USE-3-300x152.png\" class=\"attachment-medium size-medium wp-post-image\" alt=\"\" style=\"\" srcset=\"https:\/\/assedel.org\/wp-content\/uploads\/2025\/06\/WEBPAGE-COVER-TO-USE-3-300x152.png 300w, https:\/\/assedel.org\/wp-content\/uploads\/2025\/06\/WEBPAGE-COVER-TO-USE-3-1024x519.png 1024w, https:\/\/assedel.org\/wp-content\/uploads\/2025\/06\/WEBPAGE-COVER-TO-USE-3-768x389.png 768w, https:\/\/assedel.org\/wp-content\/uploads\/2025\/06\/WEBPAGE-COVER-TO-USE-3-1536x778.png 1536w, https:\/\/assedel.org\/wp-content\/uploads\/2025\/06\/WEBPAGE-COVER-TO-USE-3-18x9.png 18w, https:\/\/assedel.org\/wp-content\/uploads\/2025\/06\/WEBPAGE-COVER-TO-USE-3-360x182.png 360w, https:\/\/assedel.org\/wp-content\/uploads\/2025\/06\/WEBPAGE-COVER-TO-USE-3.png 2000w\" sizes=\"auto, (max-width: 300px) 100vw, 300px\" \/><\/div><a class=\"wp-block-latest-posts__post-title\" href=\"https:\/\/assedel.org\/fr\/lgbtqia-rights-at-risk-legal-backlash-in-hungary-and-the-united-kingdom\/\">Droits des personnes LGBTQIA+ menac\u00e9s : Recul juridique en Hongrie et au Royaume-Uni<\/a><\/li>\n<\/ul>\n\n\n<h2 class=\"has-huge-font-size wp-block-heading\"><a href=\"https:\/\/assedel.org\/fr\/category\/submissionsfr\/\">SOUMISSIONS<\/a><\/h2>\n\n\n<ul class=\"wp-block-latest-posts__list is-grid columns-3 wp-block-latest-posts\"><li><div class=\"wp-block-latest-posts__featured-image\"><a href=\"https:\/\/assedel.org\/fr\/united-kingdoms-compliance-with-the-istanbul-convention-regarding-the-protection-of-transgender-womens-rights\/\" aria-label=\"Le respect par le Royaume-Uni de la Convention d&#039;Istanbul relative \u00e0 la protection des droits des femmes transgenres\"><img loading=\"lazy\" decoding=\"async\" width=\"300\" height=\"169\" src=\"https:\/\/assedel.org\/wp-content\/uploads\/2026\/04\/Horizontal-Cover-Pages-YouTube-Website-41-300x169.png\" class=\"attachment-medium size-medium wp-post-image\" alt=\"\" style=\"\" srcset=\"https:\/\/assedel.org\/wp-content\/uploads\/2026\/04\/Horizontal-Cover-Pages-YouTube-Website-41-300x169.png 300w, https:\/\/assedel.org\/wp-content\/uploads\/2026\/04\/Horizontal-Cover-Pages-YouTube-Website-41-1024x576.png 1024w, https:\/\/assedel.org\/wp-content\/uploads\/2026\/04\/Horizontal-Cover-Pages-YouTube-Website-41-768x432.png 768w, https:\/\/assedel.org\/wp-content\/uploads\/2026\/04\/Horizontal-Cover-Pages-YouTube-Website-41-18x10.png 18w, https:\/\/assedel.org\/wp-content\/uploads\/2026\/04\/Horizontal-Cover-Pages-YouTube-Website-41-360x203.png 360w, https:\/\/assedel.org\/wp-content\/uploads\/2026\/04\/Horizontal-Cover-Pages-YouTube-Website-41.png 1280w\" sizes=\"auto, (max-width: 300px) 100vw, 300px\" \/><\/a><\/div><a class=\"wp-block-latest-posts__post-title\" href=\"https:\/\/assedel.org\/fr\/united-kingdoms-compliance-with-the-istanbul-convention-regarding-the-protection-of-transgender-womens-rights\/\">Le respect par le Royaume-Uni de la Convention d'Istanbul relative \u00e0 la protection des droits des femmes transgenres<\/a><\/li>\n<li><div class=\"wp-block-latest-posts__featured-image\"><a href=\"https:\/\/assedel.org\/fr\/assedel-contribution-to-the-european-parliaments-2026-turkiye-report\/\" aria-label=\"Contribution d\u2019ASSEDEL au rapport 2026 du Parlement europ\u00e9en sur la Turquie\"><img loading=\"lazy\" decoding=\"async\" width=\"300\" height=\"169\" src=\"https:\/\/assedel.org\/wp-content\/uploads\/2026\/01\/Horizontal-Cover-Pages-YouTube-Website-8-3-300x169.png\" class=\"attachment-medium size-medium wp-post-image\" alt=\"\" style=\"\" srcset=\"https:\/\/assedel.org\/wp-content\/uploads\/2026\/01\/Horizontal-Cover-Pages-YouTube-Website-8-3-300x169.png 300w, https:\/\/assedel.org\/wp-content\/uploads\/2026\/01\/Horizontal-Cover-Pages-YouTube-Website-8-3-1024x576.png 1024w, https:\/\/assedel.org\/wp-content\/uploads\/2026\/01\/Horizontal-Cover-Pages-YouTube-Website-8-3-768x432.png 768w, https:\/\/assedel.org\/wp-content\/uploads\/2026\/01\/Horizontal-Cover-Pages-YouTube-Website-8-3-1536x864.png 1536w, https:\/\/assedel.org\/wp-content\/uploads\/2026\/01\/Horizontal-Cover-Pages-YouTube-Website-8-3-2048x1152.png 2048w, https:\/\/assedel.org\/wp-content\/uploads\/2026\/01\/Horizontal-Cover-Pages-YouTube-Website-8-3-18x10.png 18w, https:\/\/assedel.org\/wp-content\/uploads\/2026\/01\/Horizontal-Cover-Pages-YouTube-Website-8-3-360x203.png 360w\" sizes=\"auto, (max-width: 300px) 100vw, 300px\" \/><\/a><\/div><a class=\"wp-block-latest-posts__post-title\" href=\"https:\/\/assedel.org\/fr\/assedel-contribution-to-the-european-parliaments-2026-turkiye-report\/\">Contribution d\u2019ASSEDEL au rapport 2026 du Parlement europ\u00e9en sur la Turquie<\/a><\/li>\n<li><div class=\"wp-block-latest-posts__featured-image\"><a href=\"https:\/\/assedel.org\/fr\/regulation-to-prevent-and-combat-child-sexual-abuse-csar\/\" aria-label=\"\u00c9quilibrer protection et vie priv\u00e9e dans l\u2019UE\"><img loading=\"lazy\" decoding=\"async\" width=\"300\" height=\"169\" src=\"https:\/\/assedel.org\/wp-content\/uploads\/2026\/01\/Horizontal-Cover-Pages-YouTube-Website-5-2-300x169.png\" class=\"attachment-medium size-medium wp-post-image\" alt=\"\" style=\"\" srcset=\"https:\/\/assedel.org\/wp-content\/uploads\/2026\/01\/Horizontal-Cover-Pages-YouTube-Website-5-2-300x169.png 300w, https:\/\/assedel.org\/wp-content\/uploads\/2026\/01\/Horizontal-Cover-Pages-YouTube-Website-5-2-1024x576.png 1024w, https:\/\/assedel.org\/wp-content\/uploads\/2026\/01\/Horizontal-Cover-Pages-YouTube-Website-5-2-768x432.png 768w, https:\/\/assedel.org\/wp-content\/uploads\/2026\/01\/Horizontal-Cover-Pages-YouTube-Website-5-2-18x10.png 18w, https:\/\/assedel.org\/wp-content\/uploads\/2026\/01\/Horizontal-Cover-Pages-YouTube-Website-5-2-360x203.png 360w, https:\/\/assedel.org\/wp-content\/uploads\/2026\/01\/Horizontal-Cover-Pages-YouTube-Website-5-2.png 1280w\" sizes=\"auto, (max-width: 300px) 100vw, 300px\" \/><\/a><\/div><a class=\"wp-block-latest-posts__post-title\" href=\"https:\/\/assedel.org\/fr\/regulation-to-prevent-and-combat-child-sexual-abuse-csar\/\">\u00c9quilibrer protection et vie priv\u00e9e dans l\u2019UE<\/a><\/li>\n<li><div class=\"wp-block-latest-posts__featured-image\"><a href=\"https:\/\/assedel.org\/fr\/implementation-of-the-partner-for-democracy-status-by-the-parliament-of-the-kyrgyz-republic\/\" aria-label=\"Mise en \u0153uvre du statut de partenaire pour la d\u00e9mocratie par le Parlement de la R\u00e9publique kirghize.\"><img loading=\"lazy\" decoding=\"async\" width=\"300\" height=\"169\" src=\"https:\/\/assedel.org\/wp-content\/uploads\/2026\/01\/Horizontal-Cover-Pages-YouTube-Website-9-300x169.png\" class=\"attachment-medium size-medium wp-post-image\" alt=\"\" style=\"\" srcset=\"https:\/\/assedel.org\/wp-content\/uploads\/2026\/01\/Horizontal-Cover-Pages-YouTube-Website-9-300x169.png 300w, https:\/\/assedel.org\/wp-content\/uploads\/2026\/01\/Horizontal-Cover-Pages-YouTube-Website-9-1024x576.png 1024w, https:\/\/assedel.org\/wp-content\/uploads\/2026\/01\/Horizontal-Cover-Pages-YouTube-Website-9-768x432.png 768w, https:\/\/assedel.org\/wp-content\/uploads\/2026\/01\/Horizontal-Cover-Pages-YouTube-Website-9-18x10.png 18w, https:\/\/assedel.org\/wp-content\/uploads\/2026\/01\/Horizontal-Cover-Pages-YouTube-Website-9-360x203.png 360w, https:\/\/assedel.org\/wp-content\/uploads\/2026\/01\/Horizontal-Cover-Pages-YouTube-Website-9.png 1280w\" sizes=\"auto, (max-width: 300px) 100vw, 300px\" \/><\/a><\/div><a class=\"wp-block-latest-posts__post-title\" href=\"https:\/\/assedel.org\/fr\/implementation-of-the-partner-for-democracy-status-by-the-parliament-of-the-kyrgyz-republic\/\">Mise en \u0153uvre du statut de partenaire pour la d\u00e9mocratie par le Parlement de la R\u00e9publique kirghize.<\/a><\/li>\n<li><div class=\"wp-block-latest-posts__featured-image\"><a href=\"https:\/\/assedel.org\/fr\/the-walesa-v-poland-judgment-in-the-context-of-the-ongoing-judicial-crisis-in-poland\/\" aria-label=\"L&#039;arr\u00eat Wa\u0142\u0119sa c. Pologne dans le contexte de la crise judiciaire actuelle en Pologne\"><img loading=\"lazy\" decoding=\"async\" width=\"300\" height=\"169\" src=\"https:\/\/assedel.org\/wp-content\/uploads\/2025\/12\/Covers-Articles-Website--300x169.png\" class=\"attachment-medium size-medium wp-post-image\" alt=\"\" style=\"\" srcset=\"https:\/\/assedel.org\/wp-content\/uploads\/2025\/12\/Covers-Articles-Website--300x169.png 300w, https:\/\/assedel.org\/wp-content\/uploads\/2025\/12\/Covers-Articles-Website--1024x576.png 1024w, https:\/\/assedel.org\/wp-content\/uploads\/2025\/12\/Covers-Articles-Website--768x432.png 768w, https:\/\/assedel.org\/wp-content\/uploads\/2025\/12\/Covers-Articles-Website--18x10.png 18w, https:\/\/assedel.org\/wp-content\/uploads\/2025\/12\/Covers-Articles-Website--360x202.png 360w, https:\/\/assedel.org\/wp-content\/uploads\/2025\/12\/Covers-Articles-Website-.png 1366w\" sizes=\"auto, (max-width: 300px) 100vw, 300px\" \/><\/a><\/div><a class=\"wp-block-latest-posts__post-title\" href=\"https:\/\/assedel.org\/fr\/the-walesa-v-poland-judgment-in-the-context-of-the-ongoing-judicial-crisis-in-poland\/\">L'arr\u00eat Wa\u0142\u0119sa c. Pologne dans le contexte de la crise judiciaire actuelle en Pologne<\/a><\/li>\n<li><div class=\"wp-block-latest-posts__featured-image\"><a href=\"https:\/\/assedel.org\/fr\/at-the-edge-of-dignity-inside-the-netherlands-asylum-crisis\/\" aria-label=\"Au bord de la dignit\u00e9 : au c\u0153ur de la crise de l&#039;asile aux Pays-Bas\"><img loading=\"lazy\" decoding=\"async\" width=\"300\" height=\"169\" src=\"https:\/\/assedel.org\/wp-content\/uploads\/2025\/11\/WhatsApp-Image-2025-11-03-at-13.37.34-300x169.jpeg\" class=\"attachment-medium size-medium wp-post-image\" alt=\"\" style=\"\" srcset=\"https:\/\/assedel.org\/wp-content\/uploads\/2025\/11\/WhatsApp-Image-2025-11-03-at-13.37.34-300x169.jpeg 300w, https:\/\/assedel.org\/wp-content\/uploads\/2025\/11\/WhatsApp-Image-2025-11-03-at-13.37.34-1024x576.jpeg 1024w, https:\/\/assedel.org\/wp-content\/uploads\/2025\/11\/WhatsApp-Image-2025-11-03-at-13.37.34-768x432.jpeg 768w, https:\/\/assedel.org\/wp-content\/uploads\/2025\/11\/WhatsApp-Image-2025-11-03-at-13.37.34-18x10.jpeg 18w, https:\/\/assedel.org\/wp-content\/uploads\/2025\/11\/WhatsApp-Image-2025-11-03-at-13.37.34-360x202.jpeg 360w, https:\/\/assedel.org\/wp-content\/uploads\/2025\/11\/WhatsApp-Image-2025-11-03-at-13.37.34.jpeg 1366w\" sizes=\"auto, (max-width: 300px) 100vw, 300px\" \/><\/a><\/div><a class=\"wp-block-latest-posts__post-title\" href=\"https:\/\/assedel.org\/fr\/at-the-edge-of-dignity-inside-the-netherlands-asylum-crisis\/\">Au bord de la dignit\u00e9 : au c\u0153ur de la crise de l'asile aux Pays-Bas<\/a><\/li>\n<\/ul><\/div>\n\n\n\n<div class=\"wp-block-column is-layout-flow wp-block-column-is-layout-flow\" style=\"flex-basis:20%\"><form role=\"search\" method=\"get\" action=\"https:\/\/assedel.org\/fr\/\" class=\"wp-block-search__button-inside wp-block-search__icon-button wp-block-search\" data-trp-original-action=\"https:\/\/assedel.org\/fr\/\"    ><label class=\"wp-block-search__label screen-reader-text\" for=\"wp-block-search__input-1\" >Search<\/label><div class=\"wp-block-search__inside-wrapper\" ><input class=\"wp-block-search__input\" id=\"wp-block-search__input-1\" placeholder=\"Rechercher\" value=\"\" type=\"search\" name=\"s\" required \/><button aria-label=\"Search\" class=\"wp-block-search__button has-icon wp-element-button\" type=\"submit\" ><svg class=\"search-icon\" viewbox=\"0 0 24 24\" width=\"24\" height=\"24\">\n\t\t\t\t\t<path d=\"M13 5c-3.3 0-6 2.7-6 6 0 1.4.5 2.7 1.3 3.7l-3.8 3.8 1.1 1.1 3.8-3.8c1 .8 2.3 1.3 3.7 1.3 3.3 0 6-2.7 6-6S16.3 5 13 5zm0 10.5c-2.5 0-4.5-2-4.5-4.5s2-4.5 4.5-4.5 4.5 2 4.5 4.5-2 4.5-4.5 4.5z\"><\/path>\n\t\t\t\t<\/svg><\/button><\/div><input type=\"hidden\" name=\"trp-form-language\" value=\"fr\"\/><\/form>\n\n\n<p><\/p>\n\n\n\n<h2 class=\"has-large-font-size wp-block-heading\">LES DERNIERS ARTICLES<\/h2>\n\n\n\n<p><\/p>\n\n\n<ul class=\"wp-block-latest-posts__list wp-block-latest-posts\"><li><a class=\"wp-block-latest-posts__post-title\" href=\"https:\/\/assedel.org\/fr\/united-kingdoms-compliance-with-the-istanbul-convention-regarding-the-protection-of-transgender-womens-rights\/\">Le respect par le Royaume-Uni de la Convention d'Istanbul relative \u00e0 la protection des droits des femmes transgenres<\/a><\/li>\n<li><a class=\"wp-block-latest-posts__post-title\" href=\"https:\/\/assedel.org\/fr\/safeguarding-womens-rights-why-the-istanbul-convention-still-matters\/\">La protection des droits des femmes\u00a0: pourquoi la Convention d\u2019Istanbul reste importante\u00a0<\/a><\/li>\n<li><a class=\"wp-block-latest-posts__post-title\" href=\"https:\/\/assedel.org\/fr\/interview-with-alessandra-moretti-womens-rights-education-and-sexual-violence-online\/\">Interview with Alessandra Moretti: Women\u2019s Rights, Education, and Sexual Violence Online<\/a><\/li>\n<li><a class=\"wp-block-latest-posts__post-title\" href=\"https:\/\/assedel.org\/fr\/externalising-borders-the-eu-migration-approach\/\">L'externalisation des fronti\u00e8res: l'approche de l'UE en mati\u00e8re de migration<\/a><\/li>\n<li><a class=\"wp-block-latest-posts__post-title\" href=\"https:\/\/assedel.org\/fr\/the-climate-crisis-and-its-unequal-impact-on-womens-rights\/\">La crise climatique et son impact in\u00e9gal sur les droits des femmes\u00a0<\/a><\/li>\n<\/ul>\n\n\n<p><\/p>\n\n\n\n<p><\/p>\n\n\n\n<p><\/p>\n\n\n\n<h2 class=\"has-large-font-size wp-block-heading\">SUIVEZ-NOUS<\/h2>\n\n\n\n\n\n<p><\/p>\n\n\n\n<p><\/p>\n\n\n\n<p><\/p>\n\n\n\n<figure class=\"wp-block-embed is-type-rich is-provider-twitter wp-block-embed-twitter\"><div class=\"wp-block-embed__wrapper\">\nhttps:\/\/twitter.com\/assedelorg\n<\/div><\/figure>\n<\/div>\n<\/div>","protected":false},"excerpt":{"rendered":"<p>ACTUALITES OPINION SUBMISSIONS LES DERNIERS ARTICLES SUIVEZ-NOUS<\/p>","protected":false},"author":1,"featured_media":0,"parent":0,"menu_order":0,"comment_status":"closed","ping_status":"closed","template":"","meta":{"give_campaign_id":0,"_uag_custom_page_level_css":"","footnotes":""},"class_list":["post-1232","page","type-page","status-publish"],"campaignId":"","uagb_featured_image_src":{"full":false,"thumbnail":false,"medium":false,"medium_large":false,"large":false,"1536x1536":false,"2048x2048":false,"trp-custom-language-flag":false,"inhype-blog-thumb":false,"inhype-blog-thumb-grid":false,"inhype-blog-thumb-widget":false,"inhype-blog-thumb-masonry":false},"uagb_author_info":{"display_name":"assedel","author_link":"https:\/\/assedel.org\/fr\/author\/assedel\/"},"uagb_comment_info":0,"uagb_excerpt":"ACTUALITES OPINION SUBMISSIONS LES DERNIERS ARTICLES SUIVEZ-NOUS","amp_enabled":true,"_links":{"self":[{"href":"https:\/\/assedel.org\/fr\/wp-json\/wp\/v2\/pages\/1232","targetHints":{"allow":["GET"]}}],"collection":[{"href":"https:\/\/assedel.org\/fr\/wp-json\/wp\/v2\/pages"}],"about":[{"href":"https:\/\/assedel.org\/fr\/wp-json\/wp\/v2\/types\/page"}],"author":[{"embeddable":true,"href":"https:\/\/assedel.org\/fr\/wp-json\/wp\/v2\/users\/1"}],"replies":[{"embeddable":true,"href":"https:\/\/assedel.org\/fr\/wp-json\/wp\/v2\/comments?post=1232"}],"version-history":[{"count":19,"href":"https:\/\/assedel.org\/fr\/wp-json\/wp\/v2\/pages\/1232\/revisions"}],"predecessor-version":[{"id":1486,"href":"https:\/\/assedel.org\/fr\/wp-json\/wp\/v2\/pages\/1232\/revisions\/1486"}],"wp:attachment":[{"href":"https:\/\/assedel.org\/fr\/wp-json\/wp\/v2\/media?parent=1232"}],"curies":[{"name":"wp","href":"https:\/\/api.w.org\/{rel}","templated":true}]}}